{"id":7530,"date":"2021-11-13T00:02:37","date_gmt":"2021-11-12T23:02:37","guid":{"rendered":"https:\/\/www.crosstours.at\/?post_type=product&#038;p=7530"},"modified":"2024-09-18T13:16:03","modified_gmt":"2024-09-18T11:16:03","slug":"bigo-sitz-segway-i2-2","status":"publish","type":"product","link":"https:\/\/crosstours.at\/en\/produkt\/bigo-sitz-segway-i2-2\/","title":{"rendered":"BIGO Sitz Segway i2"},"content":{"rendered":"<h2>BIGO Sitz Segway i2<\/h2>\n<p>Der BIGO Sitz Segway i2 ist eine tolle kosteng\u00fcnstige Version\u00a0 eines E-Rollstuhls auf der originalen SEGWAY &#8211; Basis und erm\u00f6glicht somit auch gehbehinderten Mitmenschen eine Mobilit\u00e4t mit SChwung und Sicherheit!<\/p>\n<p>Du kannst den BIGO Sitz von uns auch auf deinen bestehenden SEGWAY x2 oder is aufbauen lassen!<\/p>\n<p>Da die SEGWAYS sehr langlebig sind und die Produktion vor\u00fcbergehend eingestellt wurde und nur mehr wenige neue Ger\u00e4te verf\u00fcgbar sind, bieten wir dir alternativ die <strong>Option eines neuen BIGO-Aufbaus auf einen guten gebrauchten SEGWAY PT<\/strong> welcher nat\u00fcrlich so durchserviciert ist, dass er einem neuen Ger\u00e4t nichts nach steht!<\/p>\n<h4 class=\"h2product\">Produktbeschreibung<\/h4>\n<p><strong>Zubeh\u00f6r<\/strong>\u00a0im Angebot enthalten:<\/p>\n<table class=\"table table-hover table-sm table-responsive table-noborder\">\n<tbody>\n<tr>\n<td class=\"col-xs-2 col-sm-1\" scope=\"row\">1x<\/td>\n<td class=\"col-xs-10 col-sm-11\">Segway i2 und BIGO fertig montiert<\/td>\n<\/tr>\n<tr>\n<td scope=\"row\">2x<\/td>\n<td>Infokey (Schl\u00fcssel)<\/td>\n<\/tr>\n<tr>\n<td scope=\"row\">1x<\/td>\n<td>Lenkstange: gebogene Ausf\u00fchrung. f\u00fcr Transport \/ Umsetzen einfach abnehmbar<\/td>\n<\/tr>\n<tr>\n<td scope=\"row\">1x<\/td>\n<td>Sitzpolster: wechselbar; kundeneigene Kissen k\u00f6nnen verwendet werden<\/td>\n<\/tr>\n<tr>\n<td scope=\"row\">1x<\/td>\n<td>Fu\u00dfablage: h\u00f6henjustierbar auf Beinl\u00e4nge<\/td>\n<\/tr>\n<tr>\n<td scope=\"row\">1x<\/td>\n<td>H\u00f6chstm\u00f6glicher Sicherheitsstand durch redundante Komponenten und intelligente Kontrollmechanismen wie programmierbarer H\u00f6chstgeschwindigkeit oder elektronischer Wegfahrsperre<\/td>\n<\/tr>\n<tr>\n<td scope=\"row\">1x<\/td>\n<td>Parkhilfe: 2 einklappbare Standf\u00fc\u00dfe<\/td>\n<\/tr>\n<tr>\n<td scope=\"row\">1x<\/td>\n<td>Einweisung und ausf\u00fchrliche Testfahrt<\/td>\n<\/tr>\n<\/tbody>\n<\/table>\n<h4 class=\"h2product\">Technische Daten<\/h4>\n<table class=\"table table-hover table-sm table-responsive\">\n<tbody>\n<tr>\n<th scope=\"row\">Geschwindigkeit<\/th>\n<td class=\"col-xs-6\">20 km\/h max.<\/td>\n<\/tr>\n<tr>\n<th scope=\"row\">Reichweite<\/th>\n<td>bis zu 38 km*<\/td>\n<\/tr>\n<tr>\n<th scope=\"row\">Wendekreis<\/th>\n<td>0 m<\/td>\n<\/tr>\n<tr>\n<th scope=\"row\">Breite\/H\u00f6he<\/th>\n<td>69 cm \/ 63 \/ 71 cm bei umgelegter R\u00fcckenlehne<\/td>\n<\/tr>\n<tr>\n<th scope=\"row\">Sitzh\u00f6he<\/th>\n<td>Je nach Kissen &#8211; 58 cm + x bzw. beim Aufbau einstellbar<\/td>\n<\/tr>\n<tr>\n<th scope=\"row\">Sitz<\/th>\n<td>42 cm breit, bei uns mit gefederter R\u00fcckenlehne f\u00fcr schnellere Bremsm\u00f6glichkeit<\/td>\n<\/tr>\n<tr>\n<th scope=\"row\">Batterie<\/th>\n<td>2 x Lithium &#8211; Ionen<\/td>\n<\/tr>\n<tr>\n<th scope=\"row\">Ladezeit<\/th>\n<td>ca. 8 Stunden<\/td>\n<\/tr>\n<tr>\n<th scope=\"row\">Gewicht\/Zuladung<\/th>\n<td>80 &#8211; 90 kg je nach Ausf\u00fchrung \/ bis 100 kg Zuladung (Fahrer + Gep\u00e4ck)<\/td>\n<\/tr>\n<tr>\n<th scope=\"row\"><\/th>\n<td><\/td>\n<\/tr>\n<tr>\n<th scope=\"row\">Farbe<\/th>\n<td>schwarz bzw. nach Wahl gegen Aufpreis<\/td>\n<\/tr>\n<\/tbody>\n<\/table>\n<p>Nat\u00fcrlich kann auch ein bestehender SEGWAY bei uns auf den BIGO umgebaut werden.<\/p>\n<p>Bald auch online bestellbar, einstweilen bitte <a href=\"https:\/\/www.crosstours.at\/kontakt\/\" target=\"_blank\" rel=\"noopener\">hier Kontakt aufnehmen<\/a>!<\/p>\n<p><em>*Fotos sind Beispielaufnahmen\u00a0<\/em><\/p>\n<p>&nbsp;<\/p>\n<p>&nbsp;<\/p>\n<p>&nbsp;<\/p>\n<p>Meist verwendete Suchbegriffe:<\/p>\n<p>sitz segway, rollstuhl segway, sitz segway \u00f6sterreich, add seat \u00f6sterreich, genny mobility, genny urban, freee, bi-go, mobility, addseat add seat austria, umbau<\/p>\n","protected":false},"excerpt":{"rendered":"<p>BIGO Sitz Segway i2 Der BIGO Sitz Segway i2 ist eine tolle kosteng\u00fcnstige Version\u00a0 eines E-Rollstuhls auf der originalen SEGWAY &#8211; Basis und erm\u00f6glicht somit auch gehbehinderten Mitmenschen eine Mobilit\u00e4t mit SChwung und Sicherheit! Du kannst den BIGO Sitz von uns auch auf deinen bestehenden SEGWAY x2 oder is aufbauen lassen! Da die SEGWAYS sehr &hellip; <a href=\"https:\/\/crosstours.at\/en\/produkt\/bigo-sitz-segway-i2-2\/\" class=\"more-link\">Continue reading<span class=\"screen-reader-text\"> &#8220;BIGO Sitz Segway i2&#8221;<\/span><\/a><\/p>\n","protected":false},"featured_media":7536,"template":"","meta":{"_acf_changed":false},"product_brand":[],"product_cat":[20,1982],"product_tag":[],"class_list":{"0":"post-7530","1":"product","2":"type-product","3":"status-publish","4":"has-post-thumbnail","6":"product_cat-gebrauchte-fahrzeuge","7":"product_cat-sitz_segway_rollstuhl","8":"product_shipping_class-spedition-inland","10":"first","11":"instock","12":"taxable","13":"shipping-taxable","14":"purchasable","15":"product-type-variable"},"acf":[],"_links":{"self":[{"href":"https:\/\/crosstours.at\/en\/wp-json\/wp\/v2\/product\/7530","targetHints":{"allow":["GET"]}}],"collection":[{"href":"https:\/\/crosstours.at\/en\/wp-json\/wp\/v2\/product"}],"about":[{"href":"https:\/\/crosstours.at\/en\/wp-json\/wp\/v2\/types\/product"}],"wp:featuredmedia":[{"embeddable":true,"href":"https:\/\/crosstours.at\/en\/wp-json\/wp\/v2\/media\/7536"}],"wp:attachment":[{"href":"https:\/\/crosstours.at\/en\/wp-json\/wp\/v2\/media?parent=7530"}],"wp:term":[{"taxonomy":"product_brand","embeddable":true,"href":"https:\/\/crosstours.at\/en\/wp-json\/wp\/v2\/product_brand?post=7530"},{"taxonomy":"product_cat","embeddable":true,"href":"https:\/\/crosstours.at\/en\/wp-json\/wp\/v2\/product_cat?post=7530"},{"taxonomy":"product_tag","embeddable":true,"href":"https:\/\/crosstours.at\/en\/wp-json\/wp\/v2\/product_tag?post=7530"}],"curies":[{"name":"wp","href":"https:\/\/api.w.org\/{rel}","templated":true}]}}