{"id":6831,"date":"2021-06-22T13:02:08","date_gmt":"2021-06-22T11:02:08","guid":{"rendered":"https:\/\/www.crosstours.at\/?post_type=product&#038;p=6831"},"modified":"2021-12-02T22:14:58","modified_gmt":"2021-12-02T21:14:58","slug":"radio-board-neu-fuer-segway-pt-i2-x2-gen2","status":"publish","type":"product","link":"https:\/\/crosstours.at\/en\/produkt\/radio-board-neu-fuer-segway-pt-i2-x2-gen2\/","title":{"rendered":"Radio board neu f\u00fcr SEGWAY PT i2 &#038; x2 Gen2"},"content":{"rendered":"<h2>Radio board neu f\u00fcr SEGWAY PT i2 &amp; x2 Gen2<\/h2>\n<p>Radio board neu f\u00fcr SEGWAY PT i2 &amp; x2 Gen2<\/p>\n<p>Ist das Radio board defekt, muss eine neue Platine spezifisch auf den Segway PT i2 bzw. x2\u00a0 gen2 programmiert werden.<\/p>\n<p>Dieses Bauteil kann nur der Hersteller programmieren. Zur Programmierung ben\u00f6tigen wir zwingend die korrekte Serien Nr. des Segway PT, in den das Radioboard eingebaut werden soll. Vorsicht! Das Radioboard funktioniert dann auch nur in diesem Ger\u00e4t !!!<\/p>\n<p>Lieferzeiten sind abh\u00e4ngig vom Hersteller und k\u00f6nnen daher bei dieses Spare Part l\u00e4nger sein.<\/p>\n<p>Dieses Bauteil bitte immer \u00fcber unser <a href=\"https:\/\/www.crosstours.at\/kontakt_service-reparatur_segway_ninebot_niu\/\">Kontakformular<\/a> anfragen!<\/p>\n<p>Keine Reaktion beim Einschalten mittels dem Infokey bzw. der Fernbedienung des Segways, k\u00f6nnen auf Vieles hindeuten und m\u00fcssen nicht zwangsl\u00e4ufig auf ein defektes Radioboard hinauslaufen. Um sicherzustellen, dass nicht zu viel Geld ausgegeben wird, empfehlen wir eine Diagnose bei uns im Haus.<\/p>\n<p><strong>Achtung:<br \/>\nElektronikbauteile sind grunds\u00e4tzlich von der R\u00fcckgabe, dem Widerruf und vom Umtausch ausgeschlossen,<\/strong>\u00a0da diese spezifische Einzelanfertigungen sind durch die jeweilige Programmierung des Bauteils oder durch kundenspezifische Optimierungen. Reklamationen k\u00f6nnen nur anerkannt werden, wenn das Bauteil von einem ausgebildeten CROSSTOURS AT Techniker eingebaut wurde. Bei selbst Einbau erlischt jede Form der Garantie oder Gew\u00e4hrleistung. Wir Beziehung uns hierbei auf \u00a7 312g Abs. 2 BGB zus\u00e4tzlich gelten: I. Ausschluss bereits vor Beginn der Anfertigung der Ware II. Ausschluss nur bei erheblichen wirtschaftlichen Nachteilen f\u00fcr den Unternehmer.<\/p>\n<p>Einbau nur vom Fachpersonal!!!<\/p>\n<p>&nbsp;<\/p>\n","protected":false},"excerpt":{"rendered":"<p>Radioboard f\u00fcr Segway SE, i2 und x2. <strong>Das Radio Board muss spezifisch auf das Fahrzeug (Seriennummer) programmiert werden<\/strong>. <strong>Das Radioboard funktioniert nur in diesem Segway SE!!!<\/strong><\/p>\n<p><strong>Dieses Bauteil muss auf das Fahrzeug angepa\u00dft werden, hierf\u00fcr ist eine n\u00e4here Absprache\u00a0notwendig!<\/strong><\/p>\n<p>Reparatur\u00a0 &#8211; Preis auf Anfrage!<\/p>\n","protected":false},"featured_media":6832,"template":"","meta":{"_acf_changed":false},"product_brand":[],"product_cat":[1205,126],"product_tag":[252,152,56,1103,2679,71,48,52],"class_list":{"0":"post-6831","1":"product","2":"type-product","3":"status-publish","4":"has-post-thumbnail","6":"product_cat-segway_elektronik","7":"product_cat-segway-ersatzteile-zubehoer-fuer-segway-pt-i2-x2-gen2-se","8":"product_tag-board","9":"product_tag-gen2","10":"product_tag-i2","11":"product_tag-infokey-fehlercode","12":"product_tag-radio-board","13":"product_tag-reparatur","14":"product_tag-segway","15":"product_tag-x2","16":"product_shipping_class-paketversand-inland-pauschal","18":"first","19":"instock","20":"taxable","21":"shipping-taxable","22":"purchasable","23":"product-type-simple"},"acf":[],"_links":{"self":[{"href":"https:\/\/crosstours.at\/en\/wp-json\/wp\/v2\/product\/6831","targetHints":{"allow":["GET"]}}],"collection":[{"href":"https:\/\/crosstours.at\/en\/wp-json\/wp\/v2\/product"}],"about":[{"href":"https:\/\/crosstours.at\/en\/wp-json\/wp\/v2\/types\/product"}],"wp:featuredmedia":[{"embeddable":true,"href":"https:\/\/crosstours.at\/en\/wp-json\/wp\/v2\/media\/6832"}],"wp:attachment":[{"href":"https:\/\/crosstours.at\/en\/wp-json\/wp\/v2\/media?parent=6831"}],"wp:term":[{"taxonomy":"product_brand","embeddable":true,"href":"https:\/\/crosstours.at\/en\/wp-json\/wp\/v2\/product_brand?post=6831"},{"taxonomy":"product_cat","embeddable":true,"href":"https:\/\/crosstours.at\/en\/wp-json\/wp\/v2\/product_cat?post=6831"},{"taxonomy":"product_tag","embeddable":true,"href":"https:\/\/crosstours.at\/en\/wp-json\/wp\/v2\/product_tag?post=6831"}],"curies":[{"name":"wp","href":"https:\/\/api.w.org\/{rel}","templated":true}]}}