{"id":5980,"date":"2021-03-19T23:27:42","date_gmt":"2021-03-19T22:27:42","guid":{"rendered":"https:\/\/www.crosstours.at\/?post_type=product&#038;p=5980"},"modified":"2025-03-26T14:35:39","modified_gmt":"2025-03-26T13:35:39","slug":"golfbag-halterung-fuer-den-segway-x2-bzw-segway-golf","status":"publish","type":"product","link":"https:\/\/crosstours.at\/en\/produkt\/golfbag-halterung-fuer-den-segway-x2-bzw-segway-golf\/","title":{"rendered":"Golfbag Halterung f\u00fcr den SEGWAY x2 bzw. SEGWAY Golf"},"content":{"rendered":"<h2><strong>Golfbag Halterung f\u00fcr den SEGWAY x2 bzw. SEGWAY Golf<\/strong><\/h2>\n<p>Die Golfbag Halterung f\u00fcr den SEGWAY x2 bzw. SEGWAY Golf um diesen\u00a0 optimal f\u00fcr den Golfsport nutzen zu k\u00f6nnen. Das Golfbag so mittels der Golfbag Halterung f\u00fcr den SEGWAY PT bequem und praktisch transportiert werden k\u00f6nnen.<\/p>\n<p>Lange Wege bis zum Ball werden mit dem Segway PT Golfumbau zur spa\u00dfigen Tour. Die Golfschl\u00e4ger sind dabei sicher und stabil durch die Golftaschenhalterung am Segway PT befestigt. So hat man alle H\u00e4nde frei um die Fahrt zu genie\u00dfen und immer den Richtigen Schl\u00e4ger zur Hand.<\/p>\n<p>Nach hinten gelehnt dient die Halterung auch als Parkst\u00e4nder f\u00fcr den SEGWAY PT und so steht auch die Golftaschen bequem, stabil aufrecht und man kann sich praktisch seinen Schl\u00e4gern bedienen.[:]\n<p>Die rasenschonende Golf Reifen (green savers) gibt es hier bei uns und auch gerne bauen wir deinen SEGWAY PT i2 (Stra\u00dfenversion) auf einen gel\u00e4ndef\u00e4higen oder auch auf den SEGWAY PT x2 Golf, um &#8211; <a href=\"https:\/\/www.crosstours.at\/kontakt\/\">hierzu einfach Kontakt aufnehmen!<\/a><\/p>\n<p>&nbsp;<\/p>\n<p><em>*die Golftasche am Foto dient nur zur bildlichen Darstellung und ist nicht im Lieferumfang enthalten.<\/em>[:]\n","protected":false},"excerpt":{"rendered":"<p>Golfbag Halterung f\u00fcr den SEGWAY x2 bzw. SEGWAY Golf Die Golfbag Halterung f\u00fcr den SEGWAY x2 bzw. SEGWAY Golf um diesen\u00a0 optimal f\u00fcr den Golfsport nutzen zu k\u00f6nnen. Das Golfbag so mittels der Golfbag Halterung f\u00fcr den SEGWAY PT bequem und praktisch transportiert werden k\u00f6nnen. Lange Wege bis zum Ball werden mit dem Segway PT &hellip; <a href=\"https:\/\/crosstours.at\/en\/produkt\/golfbag-halterung-fuer-den-segway-x2-bzw-segway-golf\/\" class=\"more-link\">Continue reading<span class=\"screen-reader-text\"> &#8220;Golfbag Halterung f\u00fcr den SEGWAY x2 bzw. SEGWAY Golf&#8221;<\/span><\/a><\/p>\n","protected":false},"featured_media":6205,"template":"","meta":{"_acf_changed":false},"product_brand":[],"product_cat":[46,2673],"product_tag":[],"class_list":{"0":"post-5980","1":"product","2":"type-product","3":"status-publish","4":"has-post-thumbnail","6":"product_cat-segway-taschen-koffer","7":"product_cat-unkategorisiert","8":"product_shipping_class-paketversand-gross-pauschal","10":"first","11":"instock","12":"taxable","13":"shipping-taxable","14":"purchasable","15":"product-type-simple"},"acf":[],"_links":{"self":[{"href":"https:\/\/crosstours.at\/en\/wp-json\/wp\/v2\/product\/5980","targetHints":{"allow":["GET"]}}],"collection":[{"href":"https:\/\/crosstours.at\/en\/wp-json\/wp\/v2\/product"}],"about":[{"href":"https:\/\/crosstours.at\/en\/wp-json\/wp\/v2\/types\/product"}],"wp:featuredmedia":[{"embeddable":true,"href":"https:\/\/crosstours.at\/en\/wp-json\/wp\/v2\/media\/6205"}],"wp:attachment":[{"href":"https:\/\/crosstours.at\/en\/wp-json\/wp\/v2\/media?parent=5980"}],"wp:term":[{"taxonomy":"product_brand","embeddable":true,"href":"https:\/\/crosstours.at\/en\/wp-json\/wp\/v2\/product_brand?post=5980"},{"taxonomy":"product_cat","embeddable":true,"href":"https:\/\/crosstours.at\/en\/wp-json\/wp\/v2\/product_cat?post=5980"},{"taxonomy":"product_tag","embeddable":true,"href":"https:\/\/crosstours.at\/en\/wp-json\/wp\/v2\/product_tag?post=5980"}],"curies":[{"name":"wp","href":"https:\/\/api.w.org\/{rel}","templated":true}]}}