{"id":5918,"date":"2021-03-13T07:42:57","date_gmt":"2021-03-13T06:42:57","guid":{"rendered":"https:\/\/www.crosstours.at\/?post_type=product&#038;p=5918"},"modified":"2023-11-25T08:06:03","modified_gmt":"2023-11-25T07:06:03","slug":"omeo-offroad-kit-kotfluegel-20x8-10-felgen-reifen-greenkeeper","status":"publish","type":"product","link":"https:\/\/crosstours.at\/en\/produkt\/omeo-offroad-kit-kotfluegel-20x8-10-felgen-reifen-greenkeeper\/","title":{"rendered":"Omeo Offroad Kit (Kotfl\u00fcgel + 20&#215;8-10 Felgen &#038; Reifen greenkeeper)"},"content":{"rendered":"<h2>Omeo Offroad Kit (Kotfl\u00fcgel + 20&#215;8-10 Felgen &amp; Reifen greenkeeper)<\/h2>\n<p>Offrad Kit f\u00fcr Omeo<br \/>\nFelgen 10 Zoll mit Spezieller EInpresstiefe f\u00fcr Omeo Sitz Segways mit dem Grennkeeper Reifen in 20&#215;8-10 Zoll Abmessungen<br \/>\nAuch f\u00fcr das Fairway am Golfplatz geeignet.<\/p>\n<p>Set bestehend aus 2x Komplettr\u00e4der fertig montiert<br \/>\n2x Kotfl\u00fcgelverbreiterung rechts und links[:]\n","protected":false},"excerpt":{"rendered":"<p>Omeo Offroad Kit (Kotfl\u00fcgel + 20&#215;8-10 Felgen &amp; Reifen greenkeeper) Offrad Kit f\u00fcr Omeo Felgen 10 Zoll mit Spezieller EInpresstiefe f\u00fcr Omeo Sitz Segways mit dem Grennkeeper Reifen in 20&#215;8-10 Zoll Abmessungen Auch f\u00fcr das Fairway am Golfplatz geeignet. Set bestehend aus 2x Komplettr\u00e4der fertig montiert 2x Kotfl\u00fcgelverbreiterung rechts und links[:]<\/p>\n","protected":false},"featured_media":5991,"template":"","meta":{"_acf_changed":false},"product_brand":[],"product_cat":[1983],"product_tag":[],"class_list":{"0":"post-5918","1":"product","2":"type-product","3":"status-publish","4":"has-post-thumbnail","6":"product_cat-addseat_zubehoer_ersatzteile_austria","7":"product_shipping_class-paketversand-gross-pauschal","9":"first","10":"instock","11":"taxable","12":"shipping-taxable","13":"purchasable","14":"product-type-simple"},"acf":[],"_links":{"self":[{"href":"https:\/\/crosstours.at\/en\/wp-json\/wp\/v2\/product\/5918","targetHints":{"allow":["GET"]}}],"collection":[{"href":"https:\/\/crosstours.at\/en\/wp-json\/wp\/v2\/product"}],"about":[{"href":"https:\/\/crosstours.at\/en\/wp-json\/wp\/v2\/types\/product"}],"wp:featuredmedia":[{"embeddable":true,"href":"https:\/\/crosstours.at\/en\/wp-json\/wp\/v2\/media\/5991"}],"wp:attachment":[{"href":"https:\/\/crosstours.at\/en\/wp-json\/wp\/v2\/media?parent=5918"}],"wp:term":[{"taxonomy":"product_brand","embeddable":true,"href":"https:\/\/crosstours.at\/en\/wp-json\/wp\/v2\/product_brand?post=5918"},{"taxonomy":"product_cat","embeddable":true,"href":"https:\/\/crosstours.at\/en\/wp-json\/wp\/v2\/product_cat?post=5918"},{"taxonomy":"product_tag","embeddable":true,"href":"https:\/\/crosstours.at\/en\/wp-json\/wp\/v2\/product_tag?post=5918"}],"curies":[{"name":"wp","href":"https:\/\/api.w.org\/{rel}","templated":true}]}}