{"id":413,"date":"2017-03-02T11:57:32","date_gmt":"2017-03-02T10:57:32","guid":{"rendered":"http:\/\/neu.crosstours.at\/shop\/segway-x2-se\/"},"modified":"2025-02-10T17:01:37","modified_gmt":"2025-02-10T16:01:37","slug":"segway-x2-se-kaufen","status":"publish","type":"product","link":"https:\/\/crosstours.at\/en\/produkt\/segway-x2-se-kaufen\/","title":{"rendered":"SEGWAY PT x2 SE kaufen"},"content":{"rendered":"<h4>SEGWAY PT X2 SE kaufen ORIGINAL<\/h4>\n<p>Als offizieller H\u00e4ndler &amp; SEGWAY SERVICE POINT bist du bei uns richtig um dir sorgenfrei einen neuen SEGWAY PT X2 SE kaufen oder auch <a href=\"https:\/\/www.crosstours.at\/shop\/segway-pt-i2-se\/\" target=\"_blank\" rel=\"noopener\">SEGWAY PT i2<\/a> zu kaufen.<\/p>\n<h5>Produktbeschreibung:<\/h5>\n<ul>\n<li><span style=\"color: #000000;\">Farbe: schwarz<\/span><span style=\"color: #000000;\"><br \/>\n<\/span><\/li>\n<li><span style=\"color: #000000;\">H\u00f6chstgeschwindigkeit: 20 km\/h<\/span><span style=\"color: #000000;\"><br \/>\n<\/span><\/li>\n<li><span style=\"color: #000000;\">Maximale Nutzlast: bis 118 kg (Fahrer inkl. Last)<\/span><span style=\"color: #000000;\"><br \/>\n<\/span><\/li>\n<li><span style=\"color: #000000;\">Standfl\u00e4che: 63 x 85 cm<\/span><span style=\"color: #000000;\"><br \/>\n<\/span><\/li>\n<li><span style=\"color: #000000;\">Gewicht: 55 kg<\/span><span style=\"color: #000000;\"><br \/>\n<\/span><\/li>\n<li><span style=\"color: #000000;\">Akkus: <\/span><span style=\"color: #000000;\">wahlweise <a href=\"https:\/\/crosstours.at\/shop\/akku-batterie-segway-i2-und-x2-neu-hoehere-reichweite\/\" target=\"_blank\" rel=\"noopener\">neue original Akkus der neuesten Generation mit mindestens 180% mehr Reichweite<\/a> oder <a href=\"https:\/\/crosstours.at\/shop\/akku-batterie-segway-i2-und-x2\/\" target=\"_blank\" rel=\"noopener\">Rebuilt Akkus mit neuen hochwertigen Zellen best\u00fcckt und der bisher gewohnten Reichweite<\/a>\u00a0 (je nach Auswahl)<\/span><span style=\"color: #000000;\"><br \/>\n<\/span><\/li>\n<li><span style=\"color: #000000;\">Reichweite: je nach Akku bis zu 25 -45 km, abh\u00e4ngig von Untergrund und Fahrstil<\/span><span style=\"color: #000000;\"><br \/>\n<\/span><\/li>\n<li><span style=\"color: #000000;\">Motoren: Zwei b\u00fcrstenlose DC Servomotoren<\/span><\/li>\n<li><span style=\"color: #000000;\">R\u00e4der: robuste Stollenreifen mit zentraler Lamelle<br \/>\n<\/span><\/li>\n<li><span style=\"color: #000000;\">Felgen: 10&#8243;<br \/>\n<\/span><\/li>\n<li>Reifen: Standard 21&#8243; oder bis zu 23&#8243; m\u00f6glich (h\u00f6here Geschwindigkeit)<\/li>\n<li><span style=\"color: #000000;\">Plattformh\u00f6he: 24 cm<\/span><\/li>\n<li><span style=\"color: #000000;\">B<\/span><span style=\"color: #000000;\">odenfreiheit: 11 cm<\/span><\/li>\n<li><span style=\"color: #000000;\">Display: Kabelloses InfoKey Steuerger\u00e4t<br \/>\n<\/span><\/li>\n<li>Alarmanlage<\/li>\n<\/ul>\n<p>&nbsp;<\/p>\n<p>Personal Transporter (PT) x2 SE bietet verbesserte Leistung auf verschiedenen Terrains und dazu mit minimalen Belastungen f\u00fcr die Umwelt.<\/p>\n<p>Er ist mit gel\u00e4ndeg\u00e4ngigen Reifen, einem robusten Kotfl\u00fcgeldesign, Lithium-Ionen-Batterien und einer speziell entwickelten Software ausgestattet.<\/p>\n<p>Mit dem robusten PT x2 k\u00f6nnen Sie nahezu \u00fcberall fahren, egal, ob entlang von Naturpfaden, \u00fcber h\u00fcgeliges Gel\u00e4nde oder am Strand.<\/p>\n<p>Durch die Niedrigdruckbereifung des SEGWAY PT x2 ist eine perfekte Haftung auch bei der Fahrt auf anspruchsvollerem Gel\u00e4nde gew\u00e4hrleistet. Eine durchgehende zentrale Lamelle im Profil dient der ruhigen Fahrt auf befestigten Oberfl\u00e4chen.<\/p>\n<p>Die vergr\u00f6\u00dferte Spurweite erh\u00f6ht dazu die Stabilit\u00e4t des Fahrzeuges auf unebenem Gel\u00e4nde \u2013 inklusive Sand, Gras, Schotter oder Stra\u00dfenpflaster.<\/p>\n<p>Die langlebigen <strong>Akkus<\/strong> unterst\u00fctzen den Energiebedarf des PT x2\u00a0und bieten\u00a0<strong>bis zu 25 km Reichweite oder je nach Akku auch mehr, im Gel\u00e4nde<\/strong>\u00a0(abh\u00e4ngig von Gel\u00e4ndebeschaffenheit, Fahrstil und Beladung).<\/p>\n<p>Der PT X2 ist mit unseren neuen Technologien LeanSteerTM und InfoKeyTM ausgestattet. Diese Weiterentwicklungen machen die Fahrt noch intuitiver und versorgen Sie mit Daten \u00fcber Ihre Fahrt.<\/p>\n<p>Das ist nicht nur interessant sondern auch n\u00fctzlich: Sollten Sie das w\u00fcnschen, kann jede Fahrt genauestens dokumentiert werden.<\/p>\n<p>Die robusten Kotfl\u00fcgel des PT x2\u00a0schirmen Sie vor aufgewirbelten Steinen und Erdbrocken ab und sch\u00fctzen auch w\u00e4hrend der Kurvenfahrt.<\/p>\n<p>Der leichte Aluminiumrahmen ist f\u00fcr das Verladen in Fahrzeuge sehr hilfreich.<\/p>\n<p>Der Rahmen dient als Basis f\u00fcr Gep\u00e4ckhalterungen.<br \/>\nEr ist mit zahlreichem Zubeh\u00f6r kompatibel.<\/p>\n<h2>GESCHWINDIGKEIT :<\/h2>\n<p><strong>H\u00f6chstgeschwindigkeit und Wendegeschwindigkeit:<\/strong><\/p>\n<p>Die H\u00f6chstgeschwindigkeit und die Wendegeschwindigkeit des SEGWAY\u00a0PT x2\u00a0wird mit dem kabellosen InfoKey Steuerger\u00e4t eingestellt. Die beiden m\u00f6glichen Einstellungen sind:<\/p>\n<p><strong>Einsteiger Modus :<\/strong><\/p>\n<p>H\u00f6chstgeschwindigkeit: 9,0 km\/h<br \/>\nLangsame Wendegeschwindigkeit<\/p>\n<p><strong>Normaler Modus :<\/strong><\/p>\n<p>H\u00f6chstgeschwindigkeit:\u00a0<strong>20 km\/h<\/strong><br \/>\nSchnelle Wendegeschwindigkeit<\/p>\n<p><strong>REICHWEITE :<\/strong><\/p>\n<p><strong>2 Lithium-Ionen-Akkus:<\/strong><br \/>\n<strong>bis zu 25 km mit einer Batterieladung oder auch mehr bei der Batterie der neuen Generation ab 2020<\/strong> \u2013 abh\u00e4ngig von Strassenverh\u00e4ltnissen und Fahrstil<\/p>\n<h2>TEMPERATUR :<\/h2>\n<p><strong>Lithium-Ionen-Akku: von -10\u00ba bis 50\u00ba C<\/strong><br \/>\nWenn der PT x2\u00a0bei Zimmertemperatur gelagert und aufgeladen wird, ist der Betrieb unter verschiedenen Umgebungsbedingungen m\u00f6glich. Die tats\u00e4chliche Leistung ist von der Batterietemperatur, der Beschaffenheit der Fahrbahn, dem Fahrstil und der Beladung abh\u00e4ngig.<\/p>\n<h2>UNTERGRUND :<\/h2>\n<p>Die grossen Reifen und die Spurweite des PT x2 erm\u00f6glichen die Nutzung f\u00fcr verschiedenste Zwecke und dazu auf einer Vielzahl von Untergr\u00fcnden. Die Sensoren des Fahrzeuges \u00fcberwachen st\u00e4ndig die Position des Fahrers im Verh\u00e4ltnis zur Erdschwerkraft. Dies erm\u00f6glicht es dem PT x2, sich mitunter an wechselhafte Fahrbahnverh\u00e4ltnisse anzupassen und den Fahrer immer in einer aufrechten Position zu halten.<\/p>\n<p><strong>Steigungen bis zu 35% sind f\u00fcr den PT x2 kein Problem !<\/strong><\/p>\n<h2>NUTZLAST :<\/h2>\n<p><strong>Gesamtkapazit\u00e4t (Fahrer und Gep\u00e4ck): 118 kg<\/strong><br \/>\n<strong>Fahrer:<\/strong>\u00a045 &#8211; 110 kg<\/p>\n<p>Der SEGWAY\u00a0PT x2 kann einen Erwachsenen mit einem K\u00f6rpergewicht von bis zu 110 kg tragen. Er kann mit zus\u00e4tzlichem Zubeh\u00f6r ausgestattet werden, das die Tragkraft auf insgesamt 118 kg erh\u00f6ht.<\/p>\n<p><strong>ABMESSUNGEN :<\/strong><\/p>\n<p><strong>Plattformh\u00f6he:<\/strong>\u00a024 cm<br \/>\n<strong>Grundfl\u00e4che:<\/strong>\u00a050 x 85 cm<br \/>\n<strong>Bodenfreiheit:<\/strong>\u00a011 cm<\/p>\n<p>Wir haben den SEGWAY\u00a0PT x2 so robust entworfen, dass auch in anspruchsvollen Fahrsituationen erh\u00f6hte Stabilit\u00e4t gew\u00e4hrleistet wird. Auf dem Fahrzeug stehen Sie 24 cm \u00fcber dem Boden, sodass Ihnen immer ein guter \u00dcberblick \u00fcber die Umgebung erm\u00f6glicht wird.<\/p>\n<p><strong>GEWICHT :<\/strong>\u00a0<strong>55 Kg<\/strong><\/p>\n<p>Die Tragbarkeit war ein grundlegendes Designziel. Deshalb haben wir den SEGWAY PT x2 gerade so leicht gemacht, um ihn heben zu k\u00f6nnen und des weiteren klein genug, um ihn in den Kofferraum eines Mittelklassewagens verstauen zu k\u00f6nnen. Die Lenkstange ist zudem abnehmbar um ihn in noch so kleinen Lagerpl\u00e4tzen unterzubringen.<\/p>\n<p>Eine optional erh\u00e4ltliche Erweiterung zum Fahrzeugrahmen sind Seitenb\u00fcgel, welche das Aufheben und Verstauen noch leichter machen.<\/p>\n<p><strong>WENDERADIUS: NULL !<\/strong><\/p>\n<p>Eine der Eigenschaften eines Fu\u00dfg\u00e4ngers ist die F\u00e4higkeit, sich um die eigene Achse zu drehen, ohne mit nahestehenden Personen oder Objekten zusammenzusto\u00dfen. Diese Eigenschaft beherrschen neben dem SEGWAY PT weltweit nur sehr wenige Fahrzeuge. Nachdem der SEGWAY\u00a0PT x2 nur eine einzelne Achse hat, ist es dem Fahrer m\u00f6glich, sich im Stand zu drehen.<\/p>\n<h2>ENERGIEVERSORGUNG :<\/h2>\n<p><strong>Lithium-Ionen (LiFePo4) Batterien<\/strong><\/p>\n<p>Die Batterien werden von der fahrzeugeigenen Elektronik st\u00e4ndig auf Zustand und Temperatur \u00fcberpr\u00fcft. Das vollst\u00e4ndige Aufladen findet in der Regel mittels einer normalen Steckdose statt und ben\u00f6tigt etwa 6 bis 8 Stunden (bei den neuen Batterien mit h\u00f6herer Reichweite nat\u00fcrlich l\u00e4nger). Die Batterien k\u00f6nnen bei einer Spannung von 90 bis 260 Volt bei 50 bis 60 Hz geladen werden, was der typischen Stromversorgung in den meisten L\u00e4ndern entspricht. Die entstehenden Energiekosten f\u00fcr eine Ladung sind dabei minimal.<\/p>\n<p><strong>Eine komplette Ladung ben\u00f6tigt beispielsweise nur 0,9 KW, was ca. 0,20 EUR entspricht.<\/strong><\/p>\n<p><strong>Li-Ion Batterien \u00fcberdauern mindestens 1.000 volle Ladungs-\/Entladungszyklen.<\/strong><\/p>\n<p><strong>Bei Bergabfahrten bzw. im Bremsvorgang wird durch die Energier\u00fcckgewinnung ein Teil der Energie an die Akkus r\u00fcckgespeist.<\/strong><\/p>\n<p><strong>SICHERHEIT :<\/strong><\/p>\n<p>Redundante elektrische Systeme, und dazu<br \/>\nrobuste mechanische Systeme.<\/p>\n<p>Sicherheit ist f\u00fcr uns sowohl beim Design als auch im Betrieb von h\u00f6chster Wichtigkeit. Um die Sicherheit von SEGWAY PT-Anwendern und den Personen in ihrer n\u00e4heren Umgebung zu gew\u00e4hrleisten, sind die Gleichgewichtssysteme und die Elektronik redundant angelegt d.h. s<strong>ollte ein System mit verminderter Leistung arbeiten, so \u00fcbernimmt das zweite sofort alle Funktionen.<\/strong> Dies erlaubt es dem SEGWAY PT schlie\u00dflich, weiterhin das Gleichgewicht zu halten, und so dem Fahrer einen sicheren Abstieg zu erm\u00f6glichen.<\/p>\n<p>Bei der Entwicklung der mechanischen Komponenten des SEGWAY\u00a0PT kamen h\u00f6chste Design-Standards zur Anwendung und dabei wurde jedes Einzelteil gr\u00fcndlich getestet und analysiert um diese hohen Standards auch gew\u00e4hrleisten zu k\u00f6nnen. Millionen von Erm\u00fcdungszyklen und tausende Fahrstunden begleiteten die Entwicklung des SEGWAY\u00a0PT.<\/p>\n<p>&nbsp;<\/p>\n<p>Meist verwendete Suchbegriffe:<\/p>\n<p>segway kaufen, segway h\u00e4ndler \u00f6sterreich, segway h\u00e4ndler ober\u00f6sterreich, service point, segway neu kaufen, segway x2 kaufen, segway i2 kaufen, SEGWAY PT x2 SE kaufen<\/p>\n","protected":false},"excerpt":{"rendered":"<h3>SEGWAY PT X2 SE &#8211; (f\u00fcr jedes Gel\u00e4nde)<\/h3>\n<p>&#8230; die originale und sicherste Variante ..<\/p>\n<p><strong>Lieferumfang:<\/strong><\/p>\n<ul>\n<li>gel\u00e4ndef\u00e4higer SEGWAY X2 SE in schwarz (neueste Version)<\/li>\n<li>Fabrikation kann zw. 2014 &amp; 2021 liegen jedoch neu bzw. 0 km Laufleistung*<\/li>\n<li>T\u00dcV Gutachten \u00a721 StVZO &amp; \u00a770StVZO zur Erteilung einer Ausnahmegenehmigung auf Anfrage zum Aufpreis<\/li>\n<li>Ladekabel<\/li>\n<li><span style=\"color: #000000;\">Batterien \/ Akkus: 2 St\u00fcck je nach Auswahl<br \/>\n<\/span><\/li>\n<li>2x Infokeys (Fernbedienung mit Display \/ Schl\u00fcssel)<\/li>\n<li><span style=\"color: #000000;\">Bedienungsanleitung, Fahranleitung, Montageanleitung<\/span><\/li>\n<li><span style=\"color: #000000;\">ohne Zubeh\u00f6r &#8211; <\/span><span style=\"color: #000000;\">weiteres Zubeh\u00f6r erh\u00e4ltlich (Taschen, Koffer, St\u00e4nder, Licht &#8230;)<\/span><\/li>\n<li>unbenutzte Lagerware in OVP<\/li>\n<li><span style=\"color: #339966;\">inkl. SERVICE \/ Inspektion nach dem ersten Jahr beim US zertifizierten SEGWAY SERVICE POINT CROSSTOURS AT<\/span><\/li>\n<li><span style=\"color: #339966;\">Kostenloses Ersatzger\u00e4t bei Reparatur &amp; Service<\/span><span style=\"color: #000000;\"><br \/>\n<\/span><\/li>\n<\/ul>\n<p>* Laufleistung kann durch Probefahrt vor Auslieferung h\u00f6her sein<\/p>\n<h3><span style=\"color: #339966;\"><strong>TIPP: Eine Auswahl an guten gebrauchten Ger\u00e4ten inkl. 6Monate Garantie findest du unter der Kategorie <\/strong><\/span><span style=\"color: #3366ff;\">&#8220;<a style=\"color: #3366ff;\" href=\"https:\/\/www.crosstours.at\/product-category\/shop-cat\/gebrauchte-fahrzeuge\/\">Gebrauchte Fahrzeuge<\/a>&#8220;<\/span><span style=\"color: #339966;\"> !<\/span><\/h3>\n<p>&nbsp;<\/p>\n<p>&nbsp;<\/p>\n","protected":false},"featured_media":1793,"template":"","meta":{"_acf_changed":false},"product_brand":[],"product_cat":[32,121],"product_tag":[117,85,118,78,79,116,48,1014,52],"class_list":{"0":"post-413","1":"product","2":"type-product","3":"status-publish","4":"has-post-thumbnail","6":"product_cat-fahrzeuge","7":"product_cat-segway-fahrzeuge","8":"product_tag-gelaendefaehig","9":"product_tag-kaufen","10":"product_tag-mieten","11":"product_tag-oberoesterreich","12":"product_tag-oesterreich","13":"product_tag-se","14":"product_tag-segway","15":"product_tag-segway-kaufen","16":"product_tag-x2","17":"product_shipping_class-spedition-inland","19":"first","20":"instock","21":"taxable","22":"shipping-taxable","23":"purchasable","24":"product-type-variable"},"acf":[],"_links":{"self":[{"href":"https:\/\/crosstours.at\/en\/wp-json\/wp\/v2\/product\/413","targetHints":{"allow":["GET"]}}],"collection":[{"href":"https:\/\/crosstours.at\/en\/wp-json\/wp\/v2\/product"}],"about":[{"href":"https:\/\/crosstours.at\/en\/wp-json\/wp\/v2\/types\/product"}],"wp:featuredmedia":[{"embeddable":true,"href":"https:\/\/crosstours.at\/en\/wp-json\/wp\/v2\/media\/1793"}],"wp:attachment":[{"href":"https:\/\/crosstours.at\/en\/wp-json\/wp\/v2\/media?parent=413"}],"wp:term":[{"taxonomy":"product_brand","embeddable":true,"href":"https:\/\/crosstours.at\/en\/wp-json\/wp\/v2\/product_brand?post=413"},{"taxonomy":"product_cat","embeddable":true,"href":"https:\/\/crosstours.at\/en\/wp-json\/wp\/v2\/product_cat?post=413"},{"taxonomy":"product_tag","embeddable":true,"href":"https:\/\/crosstours.at\/en\/wp-json\/wp\/v2\/product_tag?post=413"}],"curies":[{"name":"wp","href":"https:\/\/api.w.org\/{rel}","templated":true}]}}