{"id":3455,"date":"2019-12-31T05:30:23","date_gmt":"2019-12-31T04:30:23","guid":{"rendered":"https:\/\/www.crosstours.at\/shop\/schnellverschluss-lehnstange-bzw-lenkstange-segway\/"},"modified":"2021-12-02T22:13:48","modified_gmt":"2021-12-02T21:13:48","slug":"schnellverschluss-lehnstange-bzw-lenkstange-segway","status":"publish","type":"product","link":"https:\/\/crosstours.at\/en\/produkt\/schnellverschluss-lehnstange-bzw-lenkstange-segway\/","title":{"rendered":"Schnellverschluss Lehnstange bzw. Lenkstange Segway i2 X2 Gen 2"},"content":{"rendered":"<h3>Schnellverschluss f\u00fcr Lehnstange bzw. Lenkstange Segway i2 X2 Gen 2<\/h3>\n<p>Der Schnellverschluss f\u00fcr\u00a0 die Lehnstange ist ein Zubeh\u00f6r bzw. Ersatzteil,\u00a0mit dem die Lehnstange des SEGWAY PT der Gen2\u00a0 befestigt werden kann.<\/p>\n<p>Passend f\u00fcr\u00a0Segway Gen2 i2 und x2<\/p>\n<p>Lieferumfang: 1 St\u00fcck<\/p>\n<p>&nbsp;<\/p>\n<p>Eine gro\u00dfe Hilfe zum Lockern und Anziehen der Verstellschraube ist der <a href=\"https:\/\/www.crosstours.at\/shop\/verstellhilfe-spezialschluessel-fuer-segway-pt-lehnstangen\/\">Spezialschl\u00fcssel bzw. die Verstellhilfe!<\/a><\/p>\n","protected":false},"excerpt":{"rendered":"<p>Schnellverschluss f\u00fcr Lehnstange bzw. Lenkstange Segway i2 X2 Gen 2 Der Schnellverschluss f\u00fcr\u00a0 die Lehnstange ist ein Zubeh\u00f6r bzw. Ersatzteil,\u00a0mit dem die Lehnstange des SEGWAY PT der Gen2\u00a0 befestigt werden kann. Passend f\u00fcr\u00a0Segway Gen2 i2 und x2 Lieferumfang: 1 St\u00fcck &nbsp; Eine gro\u00dfe Hilfe zum Lockern und Anziehen der Verstellschraube ist der Spezialschl\u00fcssel bzw. die &hellip; <a href=\"https:\/\/crosstours.at\/en\/produkt\/schnellverschluss-lehnstange-bzw-lenkstange-segway\/\" class=\"more-link\">Continue reading<span class=\"screen-reader-text\"> &#8220;Schnellverschluss Lehnstange bzw. Lenkstange Segway i2 X2 Gen 2&#8221;<\/span><\/a><\/p>\n","protected":false},"featured_media":3459,"template":"","meta":{"_acf_changed":false},"product_brand":[],"product_cat":[1209,1135,126],"product_tag":[],"class_list":{"0":"post-3455","1":"product","2":"type-product","3":"status-publish","4":"has-post-thumbnail","6":"product_cat-segway-lenker-griffe","7":"product_cat-segway_schrauben","8":"product_cat-segway-ersatzteile-zubehoer-fuer-segway-pt-i2-x2-gen2-se","9":"product_shipping_class-paketversand-inland-pauschal","11":"first","12":"instock","13":"sale","14":"taxable","15":"shipping-taxable","16":"purchasable","17":"product-type-simple"},"acf":[],"_links":{"self":[{"href":"https:\/\/crosstours.at\/en\/wp-json\/wp\/v2\/product\/3455","targetHints":{"allow":["GET"]}}],"collection":[{"href":"https:\/\/crosstours.at\/en\/wp-json\/wp\/v2\/product"}],"about":[{"href":"https:\/\/crosstours.at\/en\/wp-json\/wp\/v2\/types\/product"}],"wp:featuredmedia":[{"embeddable":true,"href":"https:\/\/crosstours.at\/en\/wp-json\/wp\/v2\/media\/3459"}],"wp:attachment":[{"href":"https:\/\/crosstours.at\/en\/wp-json\/wp\/v2\/media?parent=3455"}],"wp:term":[{"taxonomy":"product_brand","embeddable":true,"href":"https:\/\/crosstours.at\/en\/wp-json\/wp\/v2\/product_brand?post=3455"},{"taxonomy":"product_cat","embeddable":true,"href":"https:\/\/crosstours.at\/en\/wp-json\/wp\/v2\/product_cat?post=3455"},{"taxonomy":"product_tag","embeddable":true,"href":"https:\/\/crosstours.at\/en\/wp-json\/wp\/v2\/product_tag?post=3455"}],"curies":[{"name":"wp","href":"https:\/\/api.w.org\/{rel}","templated":true}]}}