{"id":3187,"date":"2019-08-27T07:41:10","date_gmt":"2019-08-27T06:41:10","guid":{"rendered":"https:\/\/www.crosstours.at\/shop\/verstellhilfe-spezialschluessel-fuer-segway-pt-lehnstangen\/"},"modified":"2026-04-15T07:05:15","modified_gmt":"2026-04-15T05:05:15","slug":"verstellhilfe-spezialschluessel-fuer-segway-pt-lehnstangen","status":"publish","type":"product","link":"https:\/\/crosstours.at\/en\/produkt\/verstellhilfe-spezialschluessel-fuer-segway-pt-lehnstangen\/","title":{"rendered":"Verstellhilfe \/ Spezialschl\u00fcssel f\u00fcr SEGWAY PT Lehnstangen"},"content":{"rendered":"<h3>Verstellhilfe \/ Spezialschl\u00fcssel f\u00fcr SEGWAY PT Lehnstangen H\u00f6henverstellung der Lehnstangen am Segway PT<\/h3>\n<p>Die Verstellhilfe bzw. Spezialschl\u00fcssel erleichtert dir die H\u00f6henverstellung (<a href=\"https:\/\/www.crosstours.at\/shop\/verstellknopf-mit-distanzstueck-set-fuer-hoehenverstellung-der-lehnstangen-am-segway-pt\/\">Verstellknopf bzw. Klemmschraube<\/a>) der Lehnstange, die\u00a0 in der H\u00f6he justiert\u00a0werden kann.<\/p>\n<p>Der Schl\u00fcssel passt genau auf den <a href=\"https:\/\/www.crosstours.at\/shop\/verstellknopf-mit-distanzstueck-set-fuer-hoehenverstellung-der-lehnstangen-am-segway-pt\/\">Verstellknopf bzw. Klemmschraube<\/a> und kann auf einem <a href=\"https:\/\/www.crosstours.at\/shop\/segway-pt-schluesselband-refklektierend\/\">trendigen Schl\u00fcsselanh\u00e4nger<\/a> mitgef\u00fchrt werden ;o)<\/p>\n<p>Passend f\u00fcr alle originalen SEGWAY PT<\/p>\n<p>Lieferbar in den Farben: <strong>schwarz<\/strong>, <span style=\"color: #ff00ff;\"><strong>pink<\/strong><\/span><\/p>\n","protected":false},"excerpt":{"rendered":"<p>Verstellhilfe \/ Spezialschl\u00fcssel f\u00fcr SEGWAY PT Lehnstangen H\u00f6henverstellung der Lehnstangen am Segway PT Die Verstellhilfe bzw. Spezialschl\u00fcssel erleichtert dir die H\u00f6henverstellung (Verstellknopf bzw. Klemmschraube) der Lehnstange, die\u00a0 in der H\u00f6he justiert\u00a0werden kann. Der Schl\u00fcssel passt genau auf den Verstellknopf bzw. Klemmschraube und kann auf einem trendigen Schl\u00fcsselanh\u00e4nger mitgef\u00fchrt werden ;o) Passend f\u00fcr alle originalen SEGWAY &hellip; <a href=\"https:\/\/crosstours.at\/en\/produkt\/verstellhilfe-spezialschluessel-fuer-segway-pt-lehnstangen\/\" class=\"more-link\">Continue reading<span class=\"screen-reader-text\"> &#8220;Verstellhilfe \/ Spezialschl\u00fcssel f\u00fcr SEGWAY PT Lehnstangen&#8221;<\/span><\/a><\/p>\n","protected":false},"featured_media":3192,"template":"","meta":{"_acf_changed":false},"product_brand":[],"product_cat":[1201,1209,1135,126],"product_tag":[],"class_list":{"0":"post-3187","1":"product","2":"type-product","3":"status-publish","4":"has-post-thumbnail","6":"product_cat-fahrerausstattung","7":"product_cat-segway-lenker-griffe","8":"product_cat-segway_schrauben","9":"product_cat-segway-ersatzteile-zubehoer-fuer-segway-pt-i2-x2-gen2-se","10":"product_shipping_class-paketversand-inland-pauschal","12":"first","13":"instock","14":"taxable","15":"shipping-taxable","16":"purchasable","17":"product-type-variable"},"acf":[],"_links":{"self":[{"href":"https:\/\/crosstours.at\/en\/wp-json\/wp\/v2\/product\/3187","targetHints":{"allow":["GET"]}}],"collection":[{"href":"https:\/\/crosstours.at\/en\/wp-json\/wp\/v2\/product"}],"about":[{"href":"https:\/\/crosstours.at\/en\/wp-json\/wp\/v2\/types\/product"}],"wp:featuredmedia":[{"embeddable":true,"href":"https:\/\/crosstours.at\/en\/wp-json\/wp\/v2\/media\/3192"}],"wp:attachment":[{"href":"https:\/\/crosstours.at\/en\/wp-json\/wp\/v2\/media?parent=3187"}],"wp:term":[{"taxonomy":"product_brand","embeddable":true,"href":"https:\/\/crosstours.at\/en\/wp-json\/wp\/v2\/product_brand?post=3187"},{"taxonomy":"product_cat","embeddable":true,"href":"https:\/\/crosstours.at\/en\/wp-json\/wp\/v2\/product_cat?post=3187"},{"taxonomy":"product_tag","embeddable":true,"href":"https:\/\/crosstours.at\/en\/wp-json\/wp\/v2\/product_tag?post=3187"}],"curies":[{"name":"wp","href":"https:\/\/api.w.org\/{rel}","templated":true}]}}