{"id":2454,"date":"2018-08-01T08:23:04","date_gmt":"2018-08-01T07:23:04","guid":{"rendered":"https:\/\/www.crosstours.at\/shop\/reifen-mantel-vee-rubber-original-21-x-7-10-fuer-felge-segway-x2\/"},"modified":"2024-02-12T09:44:51","modified_gmt":"2024-02-12T08:44:51","slug":"reifen-mantel-vee-rubber-original-21-x-7-10-fuer-felge-segway-x2","status":"publish","type":"product","link":"https:\/\/crosstours.at\/en\/produkt\/reifen-mantel-vee-rubber-original-21-x-7-10-fuer-felge-segway-x2\/","title":{"rendered":"Reifen Mantel Vee Rubber original 21 x 7-10 f\u00fcr Felge Segway x2"},"content":{"rendered":"<h3>Reifen Mantel Vee Rubber original 21 x 7-10 f\u00fcr Felge Segway x2<\/h3>\n<p>Originaler gel\u00e4ndertauglicher Reifen f\u00fcr Rad bzw.\u00a0 Felge Segway x2<\/p>\n<p>Dieses Profil ist mit dem klassischen Mittelsteg ausger\u00fcstet, somit kannst du dieses Multitalent mit h\u00f6herem Reifendruck auch gut und gerne auf der Stra\u00dfe fahren.<\/p>\n<p>Dieser originale Reifen ist genau f\u00fcr die Nutzung der <a href=\"https:\/\/crosstours.at\/shop\/schneeketten-fuer-segway-x2\/\">Schneeketten<\/a> ausgelegt.<\/p>\n<p>Reifendruck beim SEGWAY X2 liegt original bei 4PSI = knapp 0,3Bar<\/p>\n<p>Bei erh\u00f6hung des Reifendrucks nimmt der Komfort (Federung) ab jedoch die Reichweite zu.<\/p>\n<p>Lieferumfang: 1 St\u00fcck<\/p>\n<p>&nbsp;<\/p>\n","protected":false},"excerpt":{"rendered":"<p>Reifen Mantel Vee Rubber original 21 x 7-10 f\u00fcr Felge Segway x2 Originaler gel\u00e4ndertauglicher Reifen f\u00fcr Rad bzw.\u00a0 Felge Segway x2 Dieses Profil ist mit dem klassischen Mittelsteg ausger\u00fcstet, somit kannst du dieses Multitalent mit h\u00f6herem Reifendruck auch gut und gerne auf der Stra\u00dfe fahren. Dieser originale Reifen ist genau f\u00fcr die Nutzung der Schneeketten &hellip; <a href=\"https:\/\/crosstours.at\/en\/produkt\/reifen-mantel-vee-rubber-original-21-x-7-10-fuer-felge-segway-x2\/\" class=\"more-link\">Continue reading<span class=\"screen-reader-text\"> &#8220;Reifen Mantel Vee Rubber original 21 x 7-10 f\u00fcr Felge Segway x2&#8221;<\/span><\/a><\/p>\n","protected":false},"featured_media":2455,"template":"","meta":{"_acf_changed":false},"product_brand":[],"product_cat":[1204,126],"product_tag":[2411,1454,55,2412,48,2410],"class_list":{"0":"post-2454","1":"product","2":"type-product","3":"status-publish","4":"has-post-thumbnail","6":"product_cat-segway_getriebe-bereifung","7":"product_cat-segway-ersatzteile-zubehoer-fuer-segway-pt-i2-x2-gen2-se","8":"product_tag-gelaende","9":"product_tag-mantel","10":"product_tag-reifen","11":"product_tag-reifendruck-segway-x2","12":"product_tag-segway","13":"product_tag-segway-x2","14":"product_shipping_class-paketversand-gross-pauschal","16":"first","17":"instock","18":"taxable","19":"shipping-taxable","20":"purchasable","21":"product-type-simple"},"acf":[],"_links":{"self":[{"href":"https:\/\/crosstours.at\/en\/wp-json\/wp\/v2\/product\/2454","targetHints":{"allow":["GET"]}}],"collection":[{"href":"https:\/\/crosstours.at\/en\/wp-json\/wp\/v2\/product"}],"about":[{"href":"https:\/\/crosstours.at\/en\/wp-json\/wp\/v2\/types\/product"}],"wp:featuredmedia":[{"embeddable":true,"href":"https:\/\/crosstours.at\/en\/wp-json\/wp\/v2\/media\/2455"}],"wp:attachment":[{"href":"https:\/\/crosstours.at\/en\/wp-json\/wp\/v2\/media?parent=2454"}],"wp:term":[{"taxonomy":"product_brand","embeddable":true,"href":"https:\/\/crosstours.at\/en\/wp-json\/wp\/v2\/product_brand?post=2454"},{"taxonomy":"product_cat","embeddable":true,"href":"https:\/\/crosstours.at\/en\/wp-json\/wp\/v2\/product_cat?post=2454"},{"taxonomy":"product_tag","embeddable":true,"href":"https:\/\/crosstours.at\/en\/wp-json\/wp\/v2\/product_tag?post=2454"}],"curies":[{"name":"wp","href":"https:\/\/api.w.org\/{rel}","templated":true}]}}