{"id":2452,"date":"2018-08-01T06:59:11","date_gmt":"2018-08-01T05:59:11","guid":{"rendered":"https:\/\/www.crosstours.at\/shop\/verstellknopf-mit-distanzstueck-set-fuer-hoehenverstellung-der-lehnstangen-am-segway-pt\/"},"modified":"2025-03-01T07:53:15","modified_gmt":"2025-03-01T06:53:15","slug":"verstellknopf-mit-distanzstueck-set-fuer-hoehenverstellung-der-lehnstangen-am-segway-pt","status":"publish","type":"product","link":"https:\/\/crosstours.at\/en\/produkt\/verstellknopf-mit-distanzstueck-set-fuer-hoehenverstellung-der-lehnstangen-am-segway-pt\/","title":{"rendered":"Verstellknopf mit Distanzst\u00fcck Set f\u00fcr H\u00f6henverstellung der Lehnstangen am Segway PT"},"content":{"rendered":"<h3>H\u00f6henverstellknopf f\u00fcr H\u00f6henverstellung, mit Distanzst\u00fcck<\/h3>\n<p>H\u00f6henverstellknopf f\u00fcr H\u00f6henverstellung (Klemmschraube) als Set\u00a0ist ein Zubeh\u00f6r bzw. Ersatzteil,\u00a0mit dem die Lehnstange des SEGWAY PT\u00a0 in der H\u00f6he justiert\u00a0werden kann.<br \/>\nSet bestehend aus Verstellknopf und Widerlager und Innenaufnahme f\u00fcr den Knopf.<\/p>\n<p>Passend f\u00fcr\u00a0Segway Gen2 und SE, i2 und x2<\/p>\n<p>Lieferumfang: 1 St\u00fcck<\/p>\n<p>&nbsp;<\/p>\n<p>Eine gro\u00dfe Hilfe zum \u00d6ffnen und Schlie\u00dfen der Verstellschraube ist der <a href=\"https:\/\/www.crosstours.at\/shop\/verstellhilfe-spezialschluessel-fuer-segway-pt-lehnstangen\/\">Spezialschl\u00fcssel bzw. die Verstellhilfe!<\/a><\/p>\n","protected":false},"excerpt":{"rendered":"<p>H\u00f6henverstellknopf f\u00fcr H\u00f6henverstellung, mit Distanzst\u00fcck H\u00f6henverstellknopf f\u00fcr H\u00f6henverstellung (Klemmschraube) als Set\u00a0ist ein Zubeh\u00f6r bzw. Ersatzteil,\u00a0mit dem die Lehnstange des SEGWAY PT\u00a0 in der H\u00f6he justiert\u00a0werden kann. Set bestehend aus Verstellknopf und Widerlager und Innenaufnahme f\u00fcr den Knopf. Passend f\u00fcr\u00a0Segway Gen2 und SE, i2 und x2 Lieferumfang: 1 St\u00fcck &nbsp; Eine gro\u00dfe Hilfe zum \u00d6ffnen und &hellip; <a href=\"https:\/\/crosstours.at\/en\/produkt\/verstellknopf-mit-distanzstueck-set-fuer-hoehenverstellung-der-lehnstangen-am-segway-pt\/\" class=\"more-link\">Continue reading<span class=\"screen-reader-text\"> &#8220;Verstellknopf mit Distanzst\u00fcck Set f\u00fcr H\u00f6henverstellung der Lehnstangen am Segway PT&#8221;<\/span><\/a><\/p>\n","protected":false},"featured_media":2453,"template":"","meta":{"_acf_changed":false},"product_brand":[],"product_cat":[1209,1135,126],"product_tag":[],"class_list":{"0":"post-2452","1":"product","2":"type-product","3":"status-publish","4":"has-post-thumbnail","6":"product_cat-segway-lenker-griffe","7":"product_cat-segway_schrauben","8":"product_cat-segway-ersatzteile-zubehoer-fuer-segway-pt-i2-x2-gen2-se","9":"product_shipping_class-paketversand-inland-pauschal","11":"first","12":"instock","13":"sale","14":"taxable","15":"shipping-taxable","16":"purchasable","17":"product-type-simple"},"acf":[],"_links":{"self":[{"href":"https:\/\/crosstours.at\/en\/wp-json\/wp\/v2\/product\/2452","targetHints":{"allow":["GET"]}}],"collection":[{"href":"https:\/\/crosstours.at\/en\/wp-json\/wp\/v2\/product"}],"about":[{"href":"https:\/\/crosstours.at\/en\/wp-json\/wp\/v2\/types\/product"}],"wp:featuredmedia":[{"embeddable":true,"href":"https:\/\/crosstours.at\/en\/wp-json\/wp\/v2\/media\/2453"}],"wp:attachment":[{"href":"https:\/\/crosstours.at\/en\/wp-json\/wp\/v2\/media?parent=2452"}],"wp:term":[{"taxonomy":"product_brand","embeddable":true,"href":"https:\/\/crosstours.at\/en\/wp-json\/wp\/v2\/product_brand?post=2452"},{"taxonomy":"product_cat","embeddable":true,"href":"https:\/\/crosstours.at\/en\/wp-json\/wp\/v2\/product_cat?post=2452"},{"taxonomy":"product_tag","embeddable":true,"href":"https:\/\/crosstours.at\/en\/wp-json\/wp\/v2\/product_tag?post=2452"}],"curies":[{"name":"wp","href":"https:\/\/api.w.org\/{rel}","templated":true}]}}