{"id":2416,"date":"2018-07-17T04:43:16","date_gmt":"2018-07-17T03:43:16","guid":{"rendered":"https:\/\/www.crosstours.at\/?post_type=product&#038;p=2416"},"modified":"2026-04-01T19:31:20","modified_gmt":"2026-04-01T17:31:20","slug":"ladegeraet-extern-original-off-board-charger-fuer-2-akkus-segway-pt","status":"publish","type":"product","link":"https:\/\/crosstours.at\/en\/produkt\/ladegeraet-extern-original-off-board-charger-fuer-2-akkus-segway-pt\/","title":{"rendered":"Ladeger\u00e4t extern original (Off Board Charger) f\u00fcr 2 Akkus Segway PT"},"content":{"rendered":"<h1 class=\"fn product-title\">Ladeger\u00e4t extern original (Off Board Charger) f\u00fcr 2 Akkus Segway PT<\/h1>\n<p>Das original Segway PT Ladeger\u00e4t (Off- Board- Charger, External Charger) der neuesten Generation l\u00e4dt zwei Segway PT Akkus au\u00dferhalb des Segways PT.<br \/>\nDie Akkus m\u00fcssen dazu ausgebaut sein.<br \/>\nEs k\u00f6nnen zwei Akkus gleichzeitig geladen werden. Dies erm\u00f6glicht Zusatzakkus zu laden w\u00e4hrend der Segway PT gerade f\u00fcr ein Tour eingesetzt wird. Nach Tausch der beiden Batterien kann der Segway SE\/Gen2 sofort wieder eingesetzt werden. Somit kann das Elektro Fahrzeug optimal ausgelastet werden. Optimal f\u00fcr Touranbieter mit hoher Auslastung oder f\u00fcr den Segway PT Einsatz in Logistik und Industrie.<\/p>\n<p>&nbsp;<\/p>\n","protected":false},"excerpt":{"rendered":"<p>Original Ladeger\u00e4t (extern) Segway PT<\/p>\n<ul>\n<li>Zum gleichzeitigen Laden von 2\u00a0<a title=\"Segway PT Batterie g\u00fcnstig bestellen\" href=\"https:\/\/www.crosstours.at\/shop\/akku-batterie-segway-i2-und-x2\/\" target=\"_top\" rel=\"noopener\">Segway Gen2 \/SE Batterien<\/a><\/li>\n<\/ul>\n<h3><span style=\"color: #008000;\"><strong>NUR F\u00dcR BEGRENZTE ST\u00dcCKZAHL!!!<\/strong><\/span><\/h3>\n","protected":false},"featured_media":2430,"template":"","meta":{"_acf_changed":false},"product_brand":[],"product_cat":[1202,1205,126],"product_tag":[664,663,665],"class_list":{"0":"post-2416","1":"product","2":"type-product","3":"status-publish","4":"has-post-thumbnail","6":"product_cat-segway_akku_ladezubehoer","7":"product_cat-segway_elektronik","8":"product_cat-segway-ersatzteile-zubehoer-fuer-segway-pt-i2-x2-gen2-se","9":"product_tag-charger","10":"product_tag-ladegeraet","11":"product_tag-off-board","12":"product_shipping_class-paketversand-inland-pauschal","14":"first","15":"instock","16":"sale","17":"taxable","18":"shipping-taxable","19":"purchasable","20":"product-type-simple"},"acf":[],"_links":{"self":[{"href":"https:\/\/crosstours.at\/en\/wp-json\/wp\/v2\/product\/2416","targetHints":{"allow":["GET"]}}],"collection":[{"href":"https:\/\/crosstours.at\/en\/wp-json\/wp\/v2\/product"}],"about":[{"href":"https:\/\/crosstours.at\/en\/wp-json\/wp\/v2\/types\/product"}],"wp:featuredmedia":[{"embeddable":true,"href":"https:\/\/crosstours.at\/en\/wp-json\/wp\/v2\/media\/2430"}],"wp:attachment":[{"href":"https:\/\/crosstours.at\/en\/wp-json\/wp\/v2\/media?parent=2416"}],"wp:term":[{"taxonomy":"product_brand","embeddable":true,"href":"https:\/\/crosstours.at\/en\/wp-json\/wp\/v2\/product_brand?post=2416"},{"taxonomy":"product_cat","embeddable":true,"href":"https:\/\/crosstours.at\/en\/wp-json\/wp\/v2\/product_cat?post=2416"},{"taxonomy":"product_tag","embeddable":true,"href":"https:\/\/crosstours.at\/en\/wp-json\/wp\/v2\/product_tag?post=2416"}],"curies":[{"name":"wp","href":"https:\/\/api.w.org\/{rel}","templated":true}]}}