{"id":239,"date":"2017-02-26T05:42:43","date_gmt":"2017-02-26T03:42:43","guid":{"rendered":"http:\/\/neu.crosstours.at\/?post_type=product&#038;p=239"},"modified":"2025-04-17T17:01:05","modified_gmt":"2025-04-17T15:01:05","slug":"kindersitz","status":"publish","type":"product","link":"https:\/\/crosstours.at\/en\/produkt\/kindersitz\/","title":{"rendered":"Kindersitz"},"content":{"rendered":"<table class=\"table\" width=\"100%\">\n<tbody>\n<tr>\n<td><\/td>\n<td>Tagespreis<\/td>\n<td>ab 2 Tage<\/td>\n<td>ab 5 Tage<\/td>\n<\/tr>\n<tr>\n<td><strong>Kindersitz<\/strong><\/td>\n<td>\u20ac 3,5<\/td>\n<td>\u20ac 3,5<\/td>\n<td>\u20ac 3,5<\/td>\n<\/tr>\n<tr>\n<td>mit O\u00d6 Familienkarte kostenlos !<\/td>\n<td><\/td>\n<td><\/td>\n<td><\/td>\n<\/tr>\n<tr>\n<td>Helm<\/td>\n<td>kostenlos<\/td>\n<td><\/td>\n<td><\/td>\n<\/tr>\n<\/tbody>\n<\/table>\n<p>Preise pro Tag in EURO inkl. MwSt., Kaskoversicherung und Haftpflichtversicherung. Zahlbar bei \u00dcbernahme, im Voraus oder \u00fcber Buchungstool. Tagespreis gilt nur bei R\u00fcckgabe am selben Tag! Auf Wunsch werden Helme kostenlos zur Verf\u00fcgung gestellt.Es gelten unsere AGB &amp; Mietbedingungen.<\/p>\n<p>Der Kindersitz kann nicht auf die Fully-Bikes montiert werden, nur auf die E-MTB.<\/p>\n","protected":false},"excerpt":{"rendered":"<p>Tagespreis ab 2 Tage ab 5 Tage Kindersitz \u20ac 3,5 \u20ac 3,5 \u20ac 3,5 mit O\u00d6 Familienkarte kostenlos ! Helm kostenlos Preise pro Tag in EURO inkl. MwSt., Kaskoversicherung und Haftpflichtversicherung. Zahlbar bei \u00dcbernahme, im Voraus oder \u00fcber Buchungstool. Tagespreis gilt nur bei R\u00fcckgabe am selben Tag! Auf Wunsch werden Helme kostenlos zur Verf\u00fcgung gestellt.Es &hellip; <a href=\"https:\/\/crosstours.at\/en\/produkt\/kindersitz\/\" class=\"more-link\">Continue reading<span class=\"screen-reader-text\"> &#8220;Kindersitz&#8221;<\/span><\/a><\/p>\n","protected":false},"featured_media":327,"template":"","meta":{"_acf_changed":false},"product_brand":[],"product_cat":[15,14],"product_tag":[],"class_list":{"0":"post-239","1":"product","2":"type-product","3":"status-publish","4":"has-post-thumbnail","6":"product_cat-e-bikes","7":"product_cat-rental","9":"first","10":"instock","11":"virtual","12":"sold-individually","13":"taxable","14":"purchasable","15":"product-type-simple"},"acf":[],"_links":{"self":[{"href":"https:\/\/crosstours.at\/en\/wp-json\/wp\/v2\/product\/239","targetHints":{"allow":["GET"]}}],"collection":[{"href":"https:\/\/crosstours.at\/en\/wp-json\/wp\/v2\/product"}],"about":[{"href":"https:\/\/crosstours.at\/en\/wp-json\/wp\/v2\/types\/product"}],"wp:featuredmedia":[{"embeddable":true,"href":"https:\/\/crosstours.at\/en\/wp-json\/wp\/v2\/media\/327"}],"wp:attachment":[{"href":"https:\/\/crosstours.at\/en\/wp-json\/wp\/v2\/media?parent=239"}],"wp:term":[{"taxonomy":"product_brand","embeddable":true,"href":"https:\/\/crosstours.at\/en\/wp-json\/wp\/v2\/product_brand?post=239"},{"taxonomy":"product_cat","embeddable":true,"href":"https:\/\/crosstours.at\/en\/wp-json\/wp\/v2\/product_cat?post=239"},{"taxonomy":"product_tag","embeddable":true,"href":"https:\/\/crosstours.at\/en\/wp-json\/wp\/v2\/product_tag?post=239"}],"curies":[{"name":"wp","href":"https:\/\/api.w.org\/{rel}","templated":true}]}}