{"id":2355,"date":"2018-06-08T19:41:21","date_gmt":"2018-06-08T18:41:21","guid":{"rendered":"https:\/\/www.crosstours.at\/shop\/top-case-inkl-gepaecktraeger-niu-n1s\/"},"modified":"2021-12-02T22:12:23","modified_gmt":"2021-12-02T21:12:23","slug":"top-case-inkl-gepaecktraeger-niu-n1s","status":"publish","type":"product","link":"https:\/\/crosstours.at\/en\/produkt\/top-case-inkl-gepaecktraeger-niu-n1s\/","title":{"rendered":"Top-case inkl. Gep\u00e4cktr\u00e4ger NIU N1s"},"content":{"rendered":"<h3>Top case inkl. Gep\u00e4cktr\u00e4ger NIU N1s<\/h3>\n<p>Innenabmessungen: 22x33x20cm<\/p>\n<p>Lieferbar in den Farben: grau, wei\u00df, rot<\/p>\n","protected":false},"excerpt":{"rendered":"<p>Top case inkl. Gep\u00e4cktr\u00e4ger NIU N1s Innenabmessungen: 22x33x20cm Lieferbar in den Farben: grau, wei\u00df, rot<\/p>\n","protected":false},"featured_media":2352,"template":"","meta":{"_acf_changed":false},"product_brand":[],"product_cat":[2673],"product_tag":[],"class_list":{"0":"post-2355","1":"product","2":"type-product","3":"status-publish","4":"has-post-thumbnail","6":"product_cat-unkategorisiert","7":"product_shipping_class-paketversand-gross-pauschal","9":"first","10":"instock","11":"taxable","12":"shipping-taxable","13":"purchasable","14":"product-type-variable"},"acf":[],"_links":{"self":[{"href":"https:\/\/crosstours.at\/en\/wp-json\/wp\/v2\/product\/2355","targetHints":{"allow":["GET"]}}],"collection":[{"href":"https:\/\/crosstours.at\/en\/wp-json\/wp\/v2\/product"}],"about":[{"href":"https:\/\/crosstours.at\/en\/wp-json\/wp\/v2\/types\/product"}],"wp:featuredmedia":[{"embeddable":true,"href":"https:\/\/crosstours.at\/en\/wp-json\/wp\/v2\/media\/2352"}],"wp:attachment":[{"href":"https:\/\/crosstours.at\/en\/wp-json\/wp\/v2\/media?parent=2355"}],"wp:term":[{"taxonomy":"product_brand","embeddable":true,"href":"https:\/\/crosstours.at\/en\/wp-json\/wp\/v2\/product_brand?post=2355"},{"taxonomy":"product_cat","embeddable":true,"href":"https:\/\/crosstours.at\/en\/wp-json\/wp\/v2\/product_cat?post=2355"},{"taxonomy":"product_tag","embeddable":true,"href":"https:\/\/crosstours.at\/en\/wp-json\/wp\/v2\/product_tag?post=2355"}],"curies":[{"name":"wp","href":"https:\/\/api.w.org\/{rel}","templated":true}]}}