{"id":2015,"date":"2018-03-01T14:22:26","date_gmt":"2018-03-01T13:22:26","guid":{"rendered":"https:\/\/www.crosstours.at\/shop\/rear-carrier-bikes-for-towbar-rental\/"},"modified":"2025-05-02T10:04:53","modified_gmt":"2025-05-02T08:04:53","slug":"hecktraeger-fahrradtraeger-e-bike-fuer-anhaengerkupplung-verleih","status":"publish","type":"product","link":"https:\/\/crosstours.at\/en\/produkt\/hecktraeger-fahrradtraeger-e-bike-fuer-anhaengerkupplung-verleih\/","title":{"rendered":"Hecktr\u00e4ger Fahrradtr\u00e4ger \/ E-Bike f\u00fcr Anh\u00e4ngerkupplung VERLEIH"},"content":{"rendered":"<h3><span style=\"color: #ff0000;\">*NEU*<\/span> Hecktr\u00e4ger Fahrradtr\u00e4ger \/ E-Bike f\u00fcr Anh\u00e4ngerkupplung VERLEIH<\/h3>\n<p>Fahrradtr\u00e4ger Kapazit\u00e4t: 3-max. 4<\/p>\n<p>Marke: Thule<\/p>\n<p>Du m\u00f6chtest das E-Bike nicht bei uns fahren, sondern mit auf deinen Ausflug, Urlaub oder Event nehmen? &#8230; dann ist der Hecktr\u00e4ger genau das Richtige f\u00fcr dich.<\/p>\n<p>Warum teuer kaufen, wenn man die neueste Technologie g\u00fcnstig mieten kann!<\/p>\n<p>&nbsp;<\/p>\n<table class=\"table\" width=\"100%\">\n<tbody>\n<tr>\n<td><\/td>\n<td><strong>Tagespreis<\/strong><\/td>\n<td>ab 2 Tage<\/td>\n<td>ab 5 Tage<\/td>\n<td>ab 7 Tage<\/td>\n<\/tr>\n<tr>\n<td><strong>Hecktr\u00e4ger<\/strong><\/td>\n<td>\u20ac 20,-<\/td>\n<td>\u20ac 16,- \/Tag<\/td>\n<td>\u20ac 14,- \/Tag<\/td>\n<td>\u20ac 12,60 \/Tag<\/td>\n<\/tr>\n<tr>\n<td><\/td>\n<td><\/td>\n<td><\/td>\n<td><\/td>\n<td><\/td>\n<\/tr>\n<\/tbody>\n<\/table>\n<p class=\"product_details_text\"><strong>Preise in EURO inkl. MwSt. <\/strong><br \/>\nZahlbar bei \u00dcbernahme, im Voraus oder \u00fcber Buchungstool.<br \/>\nBitte amtlichen Lichtbildausweis nicht vergessen.<br \/>\nEine Montageanleitung liegt bei.<br \/>\nEs gelten unsere AGB &amp; Mietbedingungen.<\/p>\n<p><a href=\"https:\/\/www.crosstours.at\/faq\/\" target=\"_blank\" rel=\"noopener\">ABHOLUNG VON DONNERSTAG &#8211; MONTAG NACH VEREINBARUNG<\/a><\/p>\n<p><iframe loading=\"lazy\" src=\"https:\/\/www.youtube.com\/embed\/1PW46Ido-Uk\" width=\"560\" height=\"315\" frameborder=\"0\" allowfullscreen=\"allowfullscreen\"><\/iframe><\/p>\n","protected":false},"excerpt":{"rendered":"<p>*NEU* Hecktr\u00e4ger Fahrradtr\u00e4ger \/ E-Bike f\u00fcr Anh\u00e4ngerkupplung VERLEIH Fahrradtr\u00e4ger Kapazit\u00e4t: 3-max. 4 Marke: Thule Du m\u00f6chtest das E-Bike nicht bei uns fahren, sondern mit auf deinen Ausflug, Urlaub oder Event nehmen? &#8230; dann ist der Hecktr\u00e4ger genau das Richtige f\u00fcr dich. Warum teuer kaufen, wenn man die neueste Technologie g\u00fcnstig mieten kann! &nbsp; Tagespreis ab &hellip; <a href=\"https:\/\/crosstours.at\/en\/produkt\/hecktraeger-fahrradtraeger-e-bike-fuer-anhaengerkupplung-verleih\/\" class=\"more-link\">Continue reading<span class=\"screen-reader-text\"> &#8220;Hecktr\u00e4ger Fahrradtr\u00e4ger \/ E-Bike f\u00fcr Anh\u00e4ngerkupplung VERLEIH&#8221;<\/span><\/a><\/p>\n","protected":false},"featured_media":2019,"template":"","meta":{"_acf_changed":false},"product_brand":[],"product_cat":[15,14],"product_tag":[235,234,209,157,156,255,233,198,203,118,208,2776],"class_list":{"0":"post-2015","1":"product","2":"type-product","3":"status-publish","4":"has-post-thumbnail","6":"product_cat-e-bikes","7":"product_cat-rental","8":"product_tag-ahk","9":"product_tag-anhaengerkupplung","10":"product_tag-ausflug","11":"product_tag-e-bike","12":"product_tag-fahrrad","13":"product_tag-fahrradtraeger","14":"product_tag-hecktraeger","15":"product_tag-messe","16":"product_tag-miete","17":"product_tag-mieten","18":"product_tag-urlaub","19":"product_tag-verleih-ebike-traeger-mieten-linz-muehlviertel","21":"first","22":"instock","23":"virtual","24":"sold-individually","25":"taxable","26":"purchasable","27":"product-type-simple"},"acf":[],"_links":{"self":[{"href":"https:\/\/crosstours.at\/en\/wp-json\/wp\/v2\/product\/2015","targetHints":{"allow":["GET"]}}],"collection":[{"href":"https:\/\/crosstours.at\/en\/wp-json\/wp\/v2\/product"}],"about":[{"href":"https:\/\/crosstours.at\/en\/wp-json\/wp\/v2\/types\/product"}],"wp:featuredmedia":[{"embeddable":true,"href":"https:\/\/crosstours.at\/en\/wp-json\/wp\/v2\/media\/2019"}],"wp:attachment":[{"href":"https:\/\/crosstours.at\/en\/wp-json\/wp\/v2\/media?parent=2015"}],"wp:term":[{"taxonomy":"product_brand","embeddable":true,"href":"https:\/\/crosstours.at\/en\/wp-json\/wp\/v2\/product_brand?post=2015"},{"taxonomy":"product_cat","embeddable":true,"href":"https:\/\/crosstours.at\/en\/wp-json\/wp\/v2\/product_cat?post=2015"},{"taxonomy":"product_tag","embeddable":true,"href":"https:\/\/crosstours.at\/en\/wp-json\/wp\/v2\/product_tag?post=2015"}],"curies":[{"name":"wp","href":"https:\/\/api.w.org\/{rel}","templated":true}]}}