{"id":1962,"date":"2018-02-11T19:16:34","date_gmt":"2018-02-11T18:16:34","guid":{"rendered":"https:\/\/www.crosstours.at\/shop\/hecktraeger-segway-fuer-anhaengerkupplung-verleih\/"},"modified":"2022-02-28T20:26:26","modified_gmt":"2022-02-28T19:26:26","slug":"hecktraeger-segway-fuer-anhaengerkupplung-verleih","status":"publish","type":"product","link":"https:\/\/crosstours.at\/en\/produkt\/hecktraeger-segway-fuer-anhaengerkupplung-verleih\/","title":{"rendered":"Hecktr\u00e4ger SEGWAY f\u00fcr Anh\u00e4ngerkupplung VERLEIH"},"content":{"rendered":"<h3><span style=\"color: #ff0000;\">*NEU*<\/span> Hecktr\u00e4ger SEGWAY f\u00fcr Anh\u00e4ngerkupplung VERLEIH<\/h3>\n<p>Du m\u00f6chtest den SEGWAY nicht bei uns fahren, sondern mit auf deinen Ausflug, Urlaub oder Event nehmen? &#8230; dann ist der Hecktr\u00e4ger genau das Richtige f\u00fcr dich. Aufgrund der beschr\u00e4kten Gewichtsaufnahme von Anh\u00e4ngerkupplungen, kann nur ein SEGWAY transportiert werden (ein zweiter SEGWAY findet dann sicherlich noch im Kofferraum Platz ;o) )<\/p>\n<table class=\"table\" width=\"100%\">\n<tbody>\n<tr>\n<td><\/td>\n<td><strong>Tagespreis<\/strong><\/td>\n<td>ab 2 Tage<\/td>\n<td>ab 5 Tage<\/td>\n<td>ab 7 Tage<\/td>\n<\/tr>\n<tr>\n<td><strong>Hecktr\u00e4ger<\/strong><\/td>\n<td>\u20ac 20,-<\/td>\n<td>\u20ac 16,- \/Tag<\/td>\n<td>\u20ac 14,- \/Tag<\/td>\n<td>\u20ac 12,60 \/Tag<\/td>\n<\/tr>\n<tr>\n<td><\/td>\n<td><\/td>\n<td><\/td>\n<td><\/td>\n<td><\/td>\n<\/tr>\n<\/tbody>\n<\/table>\n<p class=\"product_details_text\"><strong>Preise in EURO inkl. MwSt. <\/strong><br \/>\nZahlbar bei \u00dcbernahme, im Voraus oder \u00fcber Buchungstool.<br \/>\nBitte amtlichen Lichtbildausweis nicht vergessen.<br \/>\nEine Montageanleitung liegt bei.<br \/>\nEs gelten unsere AGB &amp; Mietbedingungen.<\/p>\n","protected":false},"excerpt":{"rendered":"<p>*NEU* Hecktr\u00e4ger SEGWAY f\u00fcr Anh\u00e4ngerkupplung VERLEIH Du m\u00f6chtest den SEGWAY nicht bei uns fahren, sondern mit auf deinen Ausflug, Urlaub oder Event nehmen? &#8230; dann ist der Hecktr\u00e4ger genau das Richtige f\u00fcr dich. Aufgrund der beschr\u00e4kten Gewichtsaufnahme von Anh\u00e4ngerkupplungen, kann nur ein SEGWAY transportiert werden (ein zweiter SEGWAY findet dann sicherlich noch im Kofferraum Platz &hellip; <a href=\"https:\/\/crosstours.at\/en\/produkt\/hecktraeger-segway-fuer-anhaengerkupplung-verleih\/\" class=\"more-link\">Continue reading<span class=\"screen-reader-text\"> &#8220;Hecktr\u00e4ger SEGWAY f\u00fcr Anh\u00e4ngerkupplung VERLEIH&#8221;<\/span><\/a><\/p>\n","protected":false},"featured_media":1963,"template":"","meta":{"_acf_changed":false},"product_brand":[],"product_cat":[236,14],"product_tag":[235,234,209,233,198,203,118,48,231,208,229],"class_list":{"0":"post-1962","1":"product","2":"type-product","3":"status-publish","4":"has-post-thumbnail","6":"product_cat-segways","7":"product_cat-rental","8":"product_tag-ahk","9":"product_tag-anhaengerkupplung","10":"product_tag-ausflug","11":"product_tag-hecktraeger","12":"product_tag-messe","13":"product_tag-miete","14":"product_tag-mieten","15":"product_tag-segway","16":"product_tag-segway-mieten","17":"product_tag-urlaub","18":"product_tag-verleih","20":"first","21":"instock","22":"virtual","23":"sold-individually","24":"taxable","25":"purchasable","26":"product-type-simple"},"acf":[],"_links":{"self":[{"href":"https:\/\/crosstours.at\/en\/wp-json\/wp\/v2\/product\/1962","targetHints":{"allow":["GET"]}}],"collection":[{"href":"https:\/\/crosstours.at\/en\/wp-json\/wp\/v2\/product"}],"about":[{"href":"https:\/\/crosstours.at\/en\/wp-json\/wp\/v2\/types\/product"}],"wp:featuredmedia":[{"embeddable":true,"href":"https:\/\/crosstours.at\/en\/wp-json\/wp\/v2\/media\/1963"}],"wp:attachment":[{"href":"https:\/\/crosstours.at\/en\/wp-json\/wp\/v2\/media?parent=1962"}],"wp:term":[{"taxonomy":"product_brand","embeddable":true,"href":"https:\/\/crosstours.at\/en\/wp-json\/wp\/v2\/product_brand?post=1962"},{"taxonomy":"product_cat","embeddable":true,"href":"https:\/\/crosstours.at\/en\/wp-json\/wp\/v2\/product_cat?post=1962"},{"taxonomy":"product_tag","embeddable":true,"href":"https:\/\/crosstours.at\/en\/wp-json\/wp\/v2\/product_tag?post=1962"}],"curies":[{"name":"wp","href":"https:\/\/api.w.org\/{rel}","templated":true}]}}