{"id":1772,"date":"2017-11-27T16:03:44","date_gmt":"2017-11-27T15:03:44","guid":{"rendered":"https:\/\/www.crosstours.at\/shop\/segway-givi-hard-side-case-bracket-cargoplatte\/"},"modified":"2025-04-10T07:00:48","modified_gmt":"2025-04-10T05:00:48","slug":"segway-givi-hard-side-case-bracket-cargoplatte","status":"publish","type":"product","link":"https:\/\/crosstours.at\/en\/produkt\/segway-givi-hard-side-case-bracket-cargoplatte\/","title":{"rendered":"SEGWAY Givi Hard Side Case + bracket + Cargoplatte"},"content":{"rendered":"<div id=\"product_tabs_description_contents\" class=\"product-tabs-content\">\n<div class=\"std\">\n<p>Ein Koffer von italienischen Designern GIVI. Dieser schlanker und funktioneller Koffer mit einem Fassungsverm\u00f6gen von 21 Liter verf\u00fcgt \u00fcber eine robuste Au\u00dfenh\u00fclle und zus\u00e4tzlich ein Schloss, um Ihre pers\u00f6nlichen Gegenst\u00e4nde sicher und gesch\u00fctzt vor den Elementen aufzubewaren.<\/p>\n<p>Durch die montierten Brackets ist der Koffer abnehmbar<\/p>\n<ul>\n<li>Givi Hard Case inkl. Ersatzschl\u00fcssel<\/li>\n<li>Inklusive Halterung (brackets f\u00fcr Koffer)<\/li>\n<li>Inklusive Universal Cargo Plate Kit mit Klemmen (f\u00fcr Segway)<\/li>\n<li>Ma\u00dfe: 41,91 x 19,05 x 34,29cm<\/li>\n<li>Gewicht: 4,5kg<\/li>\n<\/ul>\n<\/div>\n<\/div>\n","protected":false},"excerpt":{"rendered":"<p>Ein Koffer von italienischen Designern GIVI. Dieser schlanker und funktioneller Koffer mit einem Fassungsverm\u00f6gen von 21 Liter verf\u00fcgt \u00fcber eine robuste Au\u00dfenh\u00fclle und zus\u00e4tzlich ein Schloss, um Ihre pers\u00f6nlichen Gegenst\u00e4nde sicher und gesch\u00fctzt vor den Elementen aufzubewaren. Durch die montierten Brackets ist der Koffer abnehmbar Givi Hard Case inkl. Ersatzschl\u00fcssel Inklusive Halterung (brackets f\u00fcr Koffer) &hellip; <a href=\"https:\/\/crosstours.at\/en\/produkt\/segway-givi-hard-side-case-bracket-cargoplatte\/\" class=\"more-link\">Continue reading<span class=\"screen-reader-text\"> &#8220;SEGWAY Givi Hard Side Case + bracket + Cargoplatte&#8221;<\/span><\/a><\/p>\n","protected":false},"featured_media":1776,"template":"","meta":{"_acf_changed":false},"product_brand":[],"product_cat":[126,46],"product_tag":[],"class_list":{"0":"post-1772","1":"product","2":"type-product","3":"status-publish","4":"has-post-thumbnail","6":"product_cat-segway-ersatzteile-zubehoer-fuer-segway-pt-i2-x2-gen2-se","7":"product_cat-segway-taschen-koffer","8":"product_shipping_class-paketversand-gross-pauschal","10":"first","11":"outofstock","12":"taxable","13":"shipping-taxable","14":"purchasable","15":"product-type-simple"},"acf":[],"_links":{"self":[{"href":"https:\/\/crosstours.at\/en\/wp-json\/wp\/v2\/product\/1772","targetHints":{"allow":["GET"]}}],"collection":[{"href":"https:\/\/crosstours.at\/en\/wp-json\/wp\/v2\/product"}],"about":[{"href":"https:\/\/crosstours.at\/en\/wp-json\/wp\/v2\/types\/product"}],"wp:featuredmedia":[{"embeddable":true,"href":"https:\/\/crosstours.at\/en\/wp-json\/wp\/v2\/media\/1776"}],"wp:attachment":[{"href":"https:\/\/crosstours.at\/en\/wp-json\/wp\/v2\/media?parent=1772"}],"wp:term":[{"taxonomy":"product_brand","embeddable":true,"href":"https:\/\/crosstours.at\/en\/wp-json\/wp\/v2\/product_brand?post=1772"},{"taxonomy":"product_cat","embeddable":true,"href":"https:\/\/crosstours.at\/en\/wp-json\/wp\/v2\/product_cat?post=1772"},{"taxonomy":"product_tag","embeddable":true,"href":"https:\/\/crosstours.at\/en\/wp-json\/wp\/v2\/product_tag?post=1772"}],"curies":[{"name":"wp","href":"https:\/\/api.w.org\/{rel}","templated":true}]}}