{"id":161,"date":"2017-02-13T09:18:51","date_gmt":"2017-02-13T08:18:51","guid":{"rendered":"http:\/\/websitesdemo.net\/seagway_wp\/shop\/e-bike-m\/"},"modified":"2025-08-30T15:21:58","modified_gmt":"2025-08-30T13:21:58","slug":"e-bike-m-2","status":"publish","type":"product","link":"https:\/\/crosstours.at\/en\/produkt\/e-bike-m-2\/","title":{"rendered":"E-MTB Gr\u00f6\u00dfe M"},"content":{"rendered":"<p>&nbsp;<\/p>\n<table class=\"table\" width=\"100%\">\n<tbody>\n<tr>\n<td><\/td>\n<td>Tagespreis<\/td>\n<td>ab 2 Tage<\/td>\n<td>ab 5 Tage<\/td>\n<td>ab 7 Tage<\/td>\n<\/tr>\n<tr>\n<td><strong>E-Mountain-Bike<\/strong><\/td>\n<td>\u20ac 55,-<\/td>\n<td>\u20ac 50,- \/ Tag<\/td>\n<td>\u20ac 45,- \/ Tag<\/td>\n<td>\u20ac 43,- \/ Tag<\/td>\n<\/tr>\n<tr>\n<td>Beleuchtungsset (optional)<\/td>\n<td>\u20ac 2,-<\/td>\n<td><\/td>\n<td><\/td>\n<td><\/td>\n<\/tr>\n<tr>\n<td>Schnellladeger\u00e4t, Schloss (optional)<\/td>\n<td colspan=\"4\">kostenlos<\/td>\n<\/tr>\n<tr>\n<td>Helm (optional)<\/td>\n<td colspan=\"4\">\u20ac 2,50 einmalig (Reinigung \/ Desinfektion)<\/td>\n<\/tr>\n<\/tbody>\n<\/table>\n<p class=\"product_details_text\"><strong>Preise pro Tag in<\/strong><b> EURO inkl. MwSt. , Kaskoversicherung und Haftpflichtversicherung<\/b><br \/>\nZahlbar bei \u00dcbernahme, im Voraus oder \u00fcber Buchungstool.<br \/>\nTagespreis gilt nur bei R\u00fcckgabe am selben Tag!<br \/>\n<strong>Bitte amtlichen Lichtbildausweis mitnehmen.<\/strong><br \/>\nAuf Wunsch werden Fahrradschloss und Pannenwerkzeug <strong>kostenlos<\/strong> zur Verf\u00fcgung gestellt.<br \/>\nEs gelten unsere AGB &amp; Mietbedingungen.<\/p>\n<p><a href=\"https:\/\/www.crosstours.at\/faq\/\" target=\"_blank\" rel=\"noopener\">ABHOLUNG &amp; R\u00dcCKGABE VON DONNERSTAG &#8211; SONNTAG NACH VEREINBARUNG<\/a><\/p>\n<p><a href=\"https:\/\/www.crosstours.at\/fuhrpark\/\" target=\"_blank\" rel=\"noopener noreferrer\">INFORMATIONEN \u00dcBER GR\u00d6\u00dfEN &amp; TECHNISCHE DETAILS<\/a><\/p>\n<p>F\u00fcr den Langzeitverleih findest du die Geb\u00fchren\/Tarife hier unter <a href=\"https:\/\/crosstours.at\/gebuhrenubersicht\/\" target=\"_blank\" rel=\"noopener\">Geb\u00fchren\u00fcbersicht!<\/a><\/p>\n","protected":false},"excerpt":{"rendered":"<p>&nbsp; Tagespreis ab 2 Tage ab 5 Tage ab 7 Tage E-Mountain-Bike \u20ac 55,- \u20ac 50,- \/ Tag \u20ac 45,- \/ Tag \u20ac 43,- \/ Tag Beleuchtungsset (optional) \u20ac 2,- Schnellladeger\u00e4t, Schloss (optional) kostenlos Helm (optional) \u20ac 2,50 einmalig (Reinigung \/ Desinfektion) Preise pro Tag in EURO inkl. MwSt. , Kaskoversicherung und Haftpflichtversicherung Zahlbar bei &hellip; <a href=\"https:\/\/crosstours.at\/en\/produkt\/e-bike-m-2\/\" class=\"more-link\">Continue reading<span class=\"screen-reader-text\"> &#8220;E-MTB Gr\u00f6\u00dfe M&#8221;<\/span><\/a><\/p>\n","protected":false},"featured_media":8292,"template":"","meta":{"_acf_changed":false},"product_brand":[],"product_cat":[15,14],"product_tag":[],"class_list":{"0":"post-161","1":"product","2":"type-product","3":"status-publish","4":"has-post-thumbnail","6":"product_cat-e-bikes","7":"product_cat-rental","9":"first","10":"instock","11":"virtual","12":"sold-individually","13":"taxable","14":"purchasable","15":"product-type-simple"},"acf":[],"_links":{"self":[{"href":"https:\/\/crosstours.at\/en\/wp-json\/wp\/v2\/product\/161","targetHints":{"allow":["GET"]}}],"collection":[{"href":"https:\/\/crosstours.at\/en\/wp-json\/wp\/v2\/product"}],"about":[{"href":"https:\/\/crosstours.at\/en\/wp-json\/wp\/v2\/types\/product"}],"wp:featuredmedia":[{"embeddable":true,"href":"https:\/\/crosstours.at\/en\/wp-json\/wp\/v2\/media\/8292"}],"wp:attachment":[{"href":"https:\/\/crosstours.at\/en\/wp-json\/wp\/v2\/media?parent=161"}],"wp:term":[{"taxonomy":"product_brand","embeddable":true,"href":"https:\/\/crosstours.at\/en\/wp-json\/wp\/v2\/product_brand?post=161"},{"taxonomy":"product_cat","embeddable":true,"href":"https:\/\/crosstours.at\/en\/wp-json\/wp\/v2\/product_cat?post=161"},{"taxonomy":"product_tag","embeddable":true,"href":"https:\/\/crosstours.at\/en\/wp-json\/wp\/v2\/product_tag?post=161"}],"curies":[{"name":"wp","href":"https:\/\/api.w.org\/{rel}","templated":true}]}}