{"id":16046,"date":"2025-08-31T08:23:01","date_gmt":"2025-08-31T06:23:01","guid":{"rendered":"https:\/\/crosstours.at\/?post_type=product&#038;p=16046"},"modified":"2025-09-12T11:00:50","modified_gmt":"2025-09-12T09:00:50","slug":"segway-tour-mirellental-20-09-2025","status":"publish","type":"product","link":"https:\/\/crosstours.at\/en\/produkt\/segway-tour-mirellental-20-09-2025\/","title":{"rendered":"SEGWAY TOUR \u201eMIRELLENTAL\u201c 20.09.2025"},"content":{"rendered":"<p>Treffpunkt ist nat\u00fcrlich direkt bei CROSSTOURS, wo man bereits den Ausblick auf den P\u00f6stlingberg genie\u00dfen kann.<br \/>\nNach einer ausgiebigen Einf\u00fchrung und nachdem jeder mit seinem Ger\u00e4t schon so halbwegs vertraut ist, kann es dann auch schon losgehen.<br \/>\nDie Strecke verl\u00e4uft teils auf Wanderwegen durchs Gel\u00e4nde sowie wenig frequentierten Stra\u00dfen. Richtungsweisend geht es dann S\u00fcdost Richtung<br \/>\nWillersdorf nach Altenberg, quer durchs Ortszentrum Richtung Sportplatz \u00fcber den Kreuzweg nach Niederkulm ins Mirellental. Am R\u00fcckweg geht es dann nach Oberkulm (Aussicht Haslach) von wo man nicht nur eine wundersch\u00f6ne Aussicht in die Berge hat (sofern es das Wetter zul\u00e4sst), sondern auch die Natur pur genie\u00dfen kann!\u00a0 Anschlie\u00dfend geht es \u00fcber Willersdorf wieder zur\u00fcck zum Ausgangspunkt.<br \/>\nGarantiert ein unvergessliches Erlebnis f\u00fcr alle Altersgruppen!<\/p>\n<p>Was gibt es noch zu Wissen ;o):<\/p>\n<p>Folgende Einkehrm\u00f6glichkeiten liegen auf dieser Tour:<\/p>\n<p><span style=\"color: #808080;\">(falls erw\u00fcnscht, bitte bei der Anfrage f\u00fcr deine Individualtour angeben)<\/span><\/p>\n<ul>\n<li><a href=\"http:\/\/www.raml-stube.at\/\" target=\"_blank\" rel=\"noopener noreferrer\">Raml Stube<\/a><\/li>\n<li><a href=\"http:\/\/pokedascafe.at\/\" target=\"_blank\" rel=\"noopener noreferrer\">Podium CAFE BAR (mit original italienischem Eis)<\/a><\/li>\n<li><a href=\"http:\/\/www.muehlviertel.at\/wo\/alle-orte\/oesterreich\/gastronomie\/430005598\/mirellenstueberl-jausenstation.html\" target=\"_blank\" rel=\"noopener noreferrer\">Mirellenst\u00fcberl<\/a><\/li>\n<li><a href=\"http:\/\/www.gasthof-prangl.at\/\" target=\"_blank\" rel=\"noopener noreferrer\">Gasthof Prangl<\/a><\/li>\n<\/ul>\n<p>Zur Info: Die Tour kann auch als ONEWAY-Tour gebucht werden, d.h. gerne lassen wir die Tour bei der Einkehrstation deiner Wahl enden und ihr k\u00f6nnt es gem\u00fctlich ausklingen lassen!<\/p>\n<p>Wir freuen uns auf eure <a href=\"https:\/\/www.crosstours.at\/kontakt\/\">Anfrage<\/a>!<\/p>\n","protected":false},"excerpt":{"rendered":"<p>Treffpunkt ist nat\u00fcrlich direkt bei CROSSTOURS, wo man bereits den Ausblick auf den P\u00f6stlingberg genie\u00dfen kann. Nach einer ausgiebigen Einf\u00fchrung und nachdem jeder mit seinem Ger\u00e4t schon so halbwegs vertraut ist, kann es dann auch schon losgehen. Die Strecke verl\u00e4uft teils auf Wanderwegen durchs Gel\u00e4nde sowie wenig frequentierten Stra\u00dfen. Richtungsweisend geht es dann S\u00fcdost Richtung &hellip; <a href=\"https:\/\/crosstours.at\/en\/produkt\/segway-tour-mirellental-20-09-2025\/\" class=\"more-link\">Continue reading<span class=\"screen-reader-text\"> &#8220;SEGWAY TOUR \u201eMIRELLENTAL\u201c 20.09.2025&#8221;<\/span><\/a><\/p>\n","protected":false},"featured_media":1207,"template":"","meta":{"_acf_changed":false},"product_brand":[],"product_cat":[13,1441],"product_tag":[],"class_list":{"0":"post-16046","1":"product","2":"type-product","3":"status-publish","4":"has-post-thumbnail","6":"product_cat-tours","7":"product_cat-touren_altenberg","9":"first","10":"instock","11":"virtual","12":"taxable","13":"purchasable","14":"product-type-simple"},"acf":[],"_links":{"self":[{"href":"https:\/\/crosstours.at\/en\/wp-json\/wp\/v2\/product\/16046","targetHints":{"allow":["GET"]}}],"collection":[{"href":"https:\/\/crosstours.at\/en\/wp-json\/wp\/v2\/product"}],"about":[{"href":"https:\/\/crosstours.at\/en\/wp-json\/wp\/v2\/types\/product"}],"wp:featuredmedia":[{"embeddable":true,"href":"https:\/\/crosstours.at\/en\/wp-json\/wp\/v2\/media\/1207"}],"wp:attachment":[{"href":"https:\/\/crosstours.at\/en\/wp-json\/wp\/v2\/media?parent=16046"}],"wp:term":[{"taxonomy":"product_brand","embeddable":true,"href":"https:\/\/crosstours.at\/en\/wp-json\/wp\/v2\/product_brand?post=16046"},{"taxonomy":"product_cat","embeddable":true,"href":"https:\/\/crosstours.at\/en\/wp-json\/wp\/v2\/product_cat?post=16046"},{"taxonomy":"product_tag","embeddable":true,"href":"https:\/\/crosstours.at\/en\/wp-json\/wp\/v2\/product_tag?post=16046"}],"curies":[{"name":"wp","href":"https:\/\/api.w.org\/{rel}","templated":true}]}}