{"id":15874,"date":"2025-05-19T11:27:44","date_gmt":"2025-05-19T09:27:44","guid":{"rendered":"https:\/\/crosstours.at\/?post_type=product&#038;p=15874"},"modified":"2025-06-17T12:00:21","modified_gmt":"2025-06-17T10:00:21","slug":"segway-tour-freistadt-brauerei-stadt-land-erlebnis-01-08-2025","status":"publish","type":"product","link":"https:\/\/crosstours.at\/en\/produkt\/segway-tour-freistadt-brauerei-stadt-land-erlebnis-01-08-2025\/","title":{"rendered":"SEGWAY TOUR FREISTADT  &#8220;Brauerei &#8211; Stadt &#8211; Land &#8211; Erlebnis\u201c 01.08.2025"},"content":{"rendered":"<p>Das ist eine offene Tour bei der ihr euch anh\u00e4ngen d\u00fcrft!<\/p>\n<p>Treffpunkt f\u00fcr die Segway Tour Freistadt, ist bei der Freist\u00e4dter Brauerei, wo es dann nach einer\u00a0 Einschulung schon los geht. Von dort schweben wir mit den Segways auf Wegen raus aus der Stadt wo es anschlie\u00dfend gleich ins Gel\u00e4nde geht. Eine tolle Tour durch Wald, Wiesen und \u00fcber B\u00e4che. Zum Abschluss drehen wir noch eine faszinierende Runde durch die Freist\u00e4dter Altstadt und zur\u00fcck zur Brauerei!<br \/>\nGerne auch mit Einkehr w\u00e4hrend der Tour buchbar.<br \/>\nNat\u00fcrlich endet die Tour wieder bei der Brauerei in Freistadt.<\/p>\n<p>In Zusammenarbeit mit dem Brauhaus bzw. Braucommune, k\u00f6nnen tolle Kombinationen mit der <a href=\"https:\/\/www.freistaedter-bier.at\/bierakademie\/\">Bierakademie<\/a> (F\u00fchrungen, Verkostung, uvm.) sowie anschlie\u00dfende Verk\u00f6stigung im <a href=\"http:\/\/www.freistaedter-bier.at\/brauhaus\/\">Brauhaus<\/a> gebucht werden.<\/p>\n<p>Garantiert ein unvergessliches Erlebnis f\u00fcr alle Altersgruppen!<\/p>\n<p>&nbsp;<\/p>\n","protected":false},"excerpt":{"rendered":"<p>Das ist eine offene Tour bei der ihr euch anh\u00e4ngen d\u00fcrft! Treffpunkt f\u00fcr die Segway Tour Freistadt, ist bei der Freist\u00e4dter Brauerei, wo es dann nach einer\u00a0 Einschulung schon los geht. Von dort schweben wir mit den Segways auf Wegen raus aus der Stadt wo es anschlie\u00dfend gleich ins Gel\u00e4nde geht. Eine tolle Tour durch &hellip; <a href=\"https:\/\/crosstours.at\/en\/produkt\/segway-tour-freistadt-brauerei-stadt-land-erlebnis-01-08-2025\/\" class=\"more-link\">Continue reading<span class=\"screen-reader-text\"> &#8220;SEGWAY TOUR FREISTADT  &#8220;Brauerei &#8211; Stadt &#8211; Land &#8211; Erlebnis\u201c 01.08.2025&#8221;<\/span><\/a><\/p>\n","protected":false},"featured_media":14859,"template":"","meta":{"_acf_changed":false},"product_brand":[],"product_cat":[476,13],"product_tag":[],"class_list":{"0":"post-15874","1":"product","2":"type-product","3":"status-publish","4":"has-post-thumbnail","6":"product_cat-externe_touren","7":"product_cat-tours","9":"first","10":"instock","11":"virtual","12":"taxable","13":"purchasable","14":"product-type-simple"},"acf":[],"_links":{"self":[{"href":"https:\/\/crosstours.at\/en\/wp-json\/wp\/v2\/product\/15874","targetHints":{"allow":["GET"]}}],"collection":[{"href":"https:\/\/crosstours.at\/en\/wp-json\/wp\/v2\/product"}],"about":[{"href":"https:\/\/crosstours.at\/en\/wp-json\/wp\/v2\/types\/product"}],"wp:featuredmedia":[{"embeddable":true,"href":"https:\/\/crosstours.at\/en\/wp-json\/wp\/v2\/media\/14859"}],"wp:attachment":[{"href":"https:\/\/crosstours.at\/en\/wp-json\/wp\/v2\/media?parent=15874"}],"wp:term":[{"taxonomy":"product_brand","embeddable":true,"href":"https:\/\/crosstours.at\/en\/wp-json\/wp\/v2\/product_brand?post=15874"},{"taxonomy":"product_cat","embeddable":true,"href":"https:\/\/crosstours.at\/en\/wp-json\/wp\/v2\/product_cat?post=15874"},{"taxonomy":"product_tag","embeddable":true,"href":"https:\/\/crosstours.at\/en\/wp-json\/wp\/v2\/product_tag?post=15874"}],"curies":[{"name":"wp","href":"https:\/\/api.w.org\/{rel}","templated":true}]}}