{"id":15873,"date":"2025-05-17T19:49:59","date_gmt":"2025-05-17T17:49:59","guid":{"rendered":"https:\/\/crosstours.at\/?post_type=product&#038;p=15873"},"modified":"2025-05-19T11:35:07","modified_gmt":"2025-05-19T09:35:07","slug":"segway-tour-linzblick-31-05-2025","status":"publish","type":"product","link":"https:\/\/crosstours.at\/en\/produkt\/segway-tour-linzblick-31-05-2025\/","title":{"rendered":"SEGWAY TOUR &#8220;LINZBLICK&#8221; 31.05.2025"},"content":{"rendered":"<p>Dies ist eine offene Tour bei der ihr euch gerne anschlie\u00dfen d\u00fcrft!<\/p>\n<p>Treffpunkt ist nat\u00fcrlich direkt bei CROSSTOURS AT, wo man bereits den Ausblick auf den P\u00f6stlingberg genie\u00dfen kann.<br \/>\nNach einer ausgiebigen Einf\u00fchrung und nachdem jeder mit seinem Ger\u00e4t schon so halbwegs vertraut ist, kann es dann auch schon losgehen.<br \/>\nDie Strecke verl\u00e4uft teils auf Wanderwegen durchs Gel\u00e4nde sowie wenig frequentierten Stra\u00dfen. Richtungsweisend geht es dann in den S\u00fcdosten Richtung Willersdorf, \u00fcber das &#8220;\u00d6hlinger Bacherl&#8221; nach Niederbairing und \u00fcber den Auerweg nach Windpassing von wo man nicht nur eine wundersch\u00f6ne Aussicht in die Berge hat (sofern es das Wetter zul\u00e4sst), sondern auch nach Linz genie\u00dfen kann! Danach geht es \u00fcber Oberbairing (hier w\u00e4re die Einkehrm\u00f6glichkeit zum Wirt z\u00b4Bairing gegeben) zur\u00fcck zum Ausgangspunkt.<br \/>\nGarantiert ein unvergessliches Erlebnis f\u00fcr alle Altersgruppen!<\/p>\n<p>Einkehrm\u00f6glichkeiten:<\/p>\n<p>(falls erw\u00fcnscht, bitte bei der Anfrage f\u00fcr deine Individualtour angeben)<\/p>\n<ul>\n<li><a href=\"http:\/\/www.wirtzbairing.at\/\" target=\"_blank\" rel=\"noopener noreferrer\">Wirt z\u00b4Bairing<\/a><\/li>\n<li><a href=\"http:\/\/www.podium-cafe-bar.at\/\" target=\"_blank\" rel=\"noopener\">PODIUM CAFE.BAR<\/a><\/li>\n<\/ul>\n","protected":false},"excerpt":{"rendered":"<p>Dies ist eine offene Tour bei der ihr euch gerne anschlie\u00dfen d\u00fcrft! Treffpunkt ist nat\u00fcrlich direkt bei CROSSTOURS AT, wo man bereits den Ausblick auf den P\u00f6stlingberg genie\u00dfen kann. Nach einer ausgiebigen Einf\u00fchrung und nachdem jeder mit seinem Ger\u00e4t schon so halbwegs vertraut ist, kann es dann auch schon losgehen. Die Strecke verl\u00e4uft teils auf &hellip; <a href=\"https:\/\/crosstours.at\/en\/produkt\/segway-tour-linzblick-31-05-2025\/\" class=\"more-link\">Continue reading<span class=\"screen-reader-text\"> &#8220;SEGWAY TOUR &#8220;LINZBLICK&#8221; 31.05.2025&#8243;<\/span><\/a><\/p>\n","protected":false},"featured_media":450,"template":"","meta":{"_acf_changed":false},"product_brand":[],"product_cat":[13,1441],"product_tag":[],"class_list":{"0":"post-15873","1":"product","2":"type-product","3":"status-publish","4":"has-post-thumbnail","6":"product_cat-tours","7":"product_cat-touren_altenberg","9":"first","10":"instock","11":"virtual","12":"taxable","13":"purchasable","14":"product-type-simple"},"acf":[],"_links":{"self":[{"href":"https:\/\/crosstours.at\/en\/wp-json\/wp\/v2\/product\/15873","targetHints":{"allow":["GET"]}}],"collection":[{"href":"https:\/\/crosstours.at\/en\/wp-json\/wp\/v2\/product"}],"about":[{"href":"https:\/\/crosstours.at\/en\/wp-json\/wp\/v2\/types\/product"}],"wp:featuredmedia":[{"embeddable":true,"href":"https:\/\/crosstours.at\/en\/wp-json\/wp\/v2\/media\/450"}],"wp:attachment":[{"href":"https:\/\/crosstours.at\/en\/wp-json\/wp\/v2\/media?parent=15873"}],"wp:term":[{"taxonomy":"product_brand","embeddable":true,"href":"https:\/\/crosstours.at\/en\/wp-json\/wp\/v2\/product_brand?post=15873"},{"taxonomy":"product_cat","embeddable":true,"href":"https:\/\/crosstours.at\/en\/wp-json\/wp\/v2\/product_cat?post=15873"},{"taxonomy":"product_tag","embeddable":true,"href":"https:\/\/crosstours.at\/en\/wp-json\/wp\/v2\/product_tag?post=15873"}],"curies":[{"name":"wp","href":"https:\/\/api.w.org\/{rel}","templated":true}]}}