{"id":15672,"date":"2024-12-17T07:09:25","date_gmt":"2024-12-17T06:09:25","guid":{"rendered":"https:\/\/crosstours.at\/?post_type=product&#038;p=15672"},"modified":"2024-12-17T19:02:41","modified_gmt":"2024-12-17T18:02:41","slug":"parcours-teller-pt-pro-set-bunt-mix-50-stueck-fuer-segway-pt-parcours","status":"publish","type":"product","link":"https:\/\/crosstours.at\/en\/produkt\/parcours-teller-pt-pro-set-bunt-mix-50-stueck-fuer-segway-pt-parcours\/","title":{"rendered":"Parcours Teller PT Pro Set bunt mix 50 St\u00fcck f\u00fcr Segway PT Parcours"},"content":{"rendered":"<h1 class=\"product-title h2\">Parcours Teller PT Pro Set bunt mix 50 St\u00fcck f\u00fcr Segway PT Parcours<\/h1>\n<p class=\"product-title h2\">Parcours Teller PT Pro Set bunt mix 50 St\u00fcck f\u00fcr Segway PT Parcours.<\/p>\n<p>Die Teller sind aus weichem, strapazierf\u00e4higem Kunststoff und kaum kaputt zu bekommen ;o)<\/p>\n<p>Aufgrund des weichen Materials st\u00fcrzt du auch nicht, wenn du diese \u00fcberf\u00e4hrst.<\/p>\n<p>Durchmesser: ca. 19cm<\/p>\n<p>H\u00f6he: ca. 5cm<\/p>\n<p>Farbe: mix<\/p>\n","protected":false},"excerpt":{"rendered":"<p>Parcours Teller PT Pro Set bunt mix 50 St\u00fcck f\u00fcr Segway PT Parcours Parcours Teller PT Pro Set bunt mix 50 St\u00fcck f\u00fcr Segway PT Parcours. Die Teller sind aus weichem, strapazierf\u00e4higem Kunststoff und kaum kaputt zu bekommen ;o) Aufgrund des weichen Materials st\u00fcrzt du auch nicht, wenn du diese \u00fcberf\u00e4hrst. Durchmesser: ca. 19cm H\u00f6he: &hellip; <a href=\"https:\/\/crosstours.at\/en\/produkt\/parcours-teller-pt-pro-set-bunt-mix-50-stueck-fuer-segway-pt-parcours\/\" class=\"more-link\">Continue reading<span class=\"screen-reader-text\"> &#8220;Parcours Teller PT Pro Set bunt mix 50 St\u00fcck f\u00fcr Segway PT Parcours&#8221;<\/span><\/a><\/p>\n","protected":false},"featured_media":15673,"template":"","meta":{"_acf_changed":false},"product_brand":[],"product_cat":[1201],"product_tag":[],"class_list":{"0":"post-15672","1":"product","2":"type-product","3":"status-publish","4":"has-post-thumbnail","6":"product_cat-fahrerausstattung","7":"product_shipping_class-paketversand-inland-pauschal","9":"first","10":"instock","11":"taxable","12":"shipping-taxable","13":"purchasable","14":"product-type-simple"},"acf":[],"_links":{"self":[{"href":"https:\/\/crosstours.at\/en\/wp-json\/wp\/v2\/product\/15672","targetHints":{"allow":["GET"]}}],"collection":[{"href":"https:\/\/crosstours.at\/en\/wp-json\/wp\/v2\/product"}],"about":[{"href":"https:\/\/crosstours.at\/en\/wp-json\/wp\/v2\/types\/product"}],"wp:featuredmedia":[{"embeddable":true,"href":"https:\/\/crosstours.at\/en\/wp-json\/wp\/v2\/media\/15673"}],"wp:attachment":[{"href":"https:\/\/crosstours.at\/en\/wp-json\/wp\/v2\/media?parent=15672"}],"wp:term":[{"taxonomy":"product_brand","embeddable":true,"href":"https:\/\/crosstours.at\/en\/wp-json\/wp\/v2\/product_brand?post=15672"},{"taxonomy":"product_cat","embeddable":true,"href":"https:\/\/crosstours.at\/en\/wp-json\/wp\/v2\/product_cat?post=15672"},{"taxonomy":"product_tag","embeddable":true,"href":"https:\/\/crosstours.at\/en\/wp-json\/wp\/v2\/product_tag?post=15672"}],"curies":[{"name":"wp","href":"https:\/\/api.w.org\/{rel}","templated":true}]}}