{"id":15313,"date":"2024-06-26T18:20:40","date_gmt":"2024-06-26T16:20:40","guid":{"rendered":"https:\/\/crosstours.at\/?post_type=product&#038;p=15313"},"modified":"2024-06-26T19:25:47","modified_gmt":"2024-06-26T17:25:47","slug":"nur-49-eur-segway-schnupper-tour-freistadt-stadt-land-erlebnis-event-am-26-07-2024","status":"publish","type":"product","link":"https:\/\/crosstours.at\/en\/produkt\/nur-49-eur-segway-schnupper-tour-freistadt-stadt-land-erlebnis-event-am-26-07-2024\/","title":{"rendered":"nur 49 EUR &#8211; SEGWAY SCHNUPPER TOUR FREISTADT  &#8220;Stadt &#8211; Land &#8211; Erlebnis\u201c &#8211; EVENT am 26.07.2024"},"content":{"rendered":"<p>Treffpunkt f\u00fcr die Segway Schnupper Tour Freistadt, ist der Freist\u00e4dter Hauptplatz.<\/p>\n<p>Wir starten mit einer ausf\u00fchrlichen Einschulung auf das Ger\u00e4t.<\/p>\n<p>Vom Hauptplatz schweben wir mit den Segways durch Gassen der Altstadt und evt. auch ins Gel\u00e4nde. Eine tolle Tour zum Kennenlernen durch Stadt, Wald und Wiesen.<\/p>\n<p>Im Zuge des Events &#8220;Tag der Einsatzkr\u00e4fte&#8221; ist am Hauptplatz f\u00fcr Speisen &amp; Getr\u00e4nke gesorgt.<\/p>\n<p>Tourdauer ca. 1,25 h inkl. Einschulung<\/p>\n<p>Garantiert ein unvergessliches Erlebnis f\u00fcr alle Altersgruppen!<\/p>\n<p><strong>Einmaliger Spezialpreis! Jetzt Buchen!<\/strong><\/p>\n<p><em>(Sollte die Tour aufgrund von Regen nicht stattfinden k\u00f6nnen, so wird der Betrag nat\u00fcrlich refundiert).<\/em><\/p>\n<p>Wir freuen uns auf euch!<\/p>\n<p>Solltet ihr eine ganze Gruppe sein, bitte einfach gesondert anfragen!<\/p>\n","protected":false},"excerpt":{"rendered":"<p><em>Mit Unterst\u00fctzung durch<\/em><br \/>\n<strong>Stadtmarketing Freistadt<\/strong><br \/>\n<strong>PRO Freistadt<\/strong><br \/>\n<strong>Tourismusverband M\u00fchlviertler Alm Freistadt<\/strong><\/p>\n","protected":false},"featured_media":14859,"template":"","meta":{"_acf_changed":false},"product_brand":[],"product_cat":[476,13],"product_tag":[],"class_list":{"0":"post-15313","1":"product","2":"type-product","3":"status-publish","4":"has-post-thumbnail","6":"product_cat-externe_touren","7":"product_cat-tours","9":"first","10":"instock","11":"featured","12":"virtual","13":"taxable","14":"purchasable","15":"product-type-simple"},"acf":[],"_links":{"self":[{"href":"https:\/\/crosstours.at\/en\/wp-json\/wp\/v2\/product\/15313","targetHints":{"allow":["GET"]}}],"collection":[{"href":"https:\/\/crosstours.at\/en\/wp-json\/wp\/v2\/product"}],"about":[{"href":"https:\/\/crosstours.at\/en\/wp-json\/wp\/v2\/types\/product"}],"wp:featuredmedia":[{"embeddable":true,"href":"https:\/\/crosstours.at\/en\/wp-json\/wp\/v2\/media\/14859"}],"wp:attachment":[{"href":"https:\/\/crosstours.at\/en\/wp-json\/wp\/v2\/media?parent=15313"}],"wp:term":[{"taxonomy":"product_brand","embeddable":true,"href":"https:\/\/crosstours.at\/en\/wp-json\/wp\/v2\/product_brand?post=15313"},{"taxonomy":"product_cat","embeddable":true,"href":"https:\/\/crosstours.at\/en\/wp-json\/wp\/v2\/product_cat?post=15313"},{"taxonomy":"product_tag","embeddable":true,"href":"https:\/\/crosstours.at\/en\/wp-json\/wp\/v2\/product_tag?post=15313"}],"curies":[{"name":"wp","href":"https:\/\/api.w.org\/{rel}","templated":true}]}}