{"id":15254,"date":"2024-06-04T13:06:30","date_gmt":"2024-06-04T11:06:30","guid":{"rendered":"https:\/\/crosstours.at\/?post_type=product&#038;p=15254"},"modified":"2024-06-26T18:01:21","modified_gmt":"2024-06-26T16:01:21","slug":"tk806-gps-tracker-fuer-10-80vdc-relais-fuer-fernunterbrechung","status":"publish","type":"product","link":"https:\/\/crosstours.at\/en\/produkt\/tk806-gps-tracker-fuer-10-80vdc-relais-fuer-fernunterbrechung\/","title":{"rendered":"TK806 GPS Tracker f\u00fcr 10-80VDC &#038; Relais f\u00fcr Fernunterbrechung"},"content":{"rendered":"<h4>TK806 GPS Tracker f\u00fcr 10-80VDC &amp; Relais f\u00fcr Fernunterbrechung<\/h4>\n<p>TK806 GPS Tracker f\u00fcr 10-80VDC &amp; Relais f\u00fcr Fernunterbrechung, perfekt f\u00fcr den Einbau in E-Bikes, Baumaschinen oder KFZ.<\/p>\n<ul>\n<li>GPS Live Tracking (via App &amp; Webseite): ja<\/li>\n<li>Standortabfrage mittels Anruf: ja R\u00fcckantwort per SMS mit Link zum Standort<\/li>\n<li>Eingebauter Not-Akku: ja<\/li>\n<li>Akku: intern 180mAh<\/li>\n<li>Ladeeingang: USB = Standard 5VDC<\/li>\n<li>Standby Zeit*: nur zur Not wenn die Versorgung unterbrochen wird<\/li>\n<li>Bedienungsanleitung: englisch<\/li>\n<li>Vibrationssensor: ja<\/li>\n<li>Geofence (Alarm bei verlassen des eingestellten Radius): ja<\/li>\n<li>Overspeed Alarm (Alarm bei \u00dcberschreitung der Geschwindigkeit): ja<\/li>\n<li>Alarm: via SMS oder Plattform, je nach Einstellung<\/li>\n<li>Genauigkeit*: 5m<\/li>\n<li>SIM Lock: nein (jede Simkarte funktioniert)<\/li>\n<li>Eingang f\u00fcr z.B. Visualisierung Z\u00fcndung eingeschaltet<\/li>\n<li>Relais-Ausgang f\u00fcr z.B. Unterbrechung Versorgung, Kraftstoffpumpe,..<\/li>\n<\/ul>\n<p><strong>Extras:<\/strong><\/p>\n<ul>\n<li>Relais-Ausgang f\u00fcr z.B. Unterbrechung Versorgung, Kraftstoffpumpe,..<\/li>\n<\/ul>\n<p><strong>Abmessungen \/ Gewicht:<\/strong><\/p>\n<ul>\n<li>ca. 15 x 77 x 27mm<\/li>\n<li>36g<\/li>\n<\/ul>\n<p><strong>Zubeh\u00f6r:<\/strong><\/p>\n<ul>\n<li>Kabelstrang mit Sicherungssockel und Sicherung<\/li>\n<li>Railaissockel + Ausgangsrelais<\/li>\n<li>Bedienungsanleitung<\/li>\n<\/ul>\n<p>Garantie \/ Gew\u00e4hrleistung: 1 Jahr<\/p>\n<p>*Werte k\u00f6nnen je nach Umgebungstemperatur und Empfangsqualit\u00e4t abweichen.<\/p>\n<p>&nbsp;<\/p>\n<p><strong>Einsatzgebiet:<\/strong><\/p>\n<p>Europe:Germany\/France\/ UK\/ Italy\/Belgium\/ Netherlands\/Spain\/Russia\/Ukraine\/Turkey ect..<\/p>\n<p>Asia: Southeast Asia(Indonesia\/ India\/Thailand\/ Laos\/ Malaysia\/<br \/>\nSingapore\/Korea\/Vietnam ect.).<br \/>\nWest Asia: Saudi Arabia\/Iran\/Qatar\/UAE, etc.<\/p>\n<p>Africa: South Africa\/Nigeria \/Egypt ect..<\/p>\n","protected":false},"excerpt":{"rendered":"<p>TK806 GPS Tracker f\u00fcr 10-80VDC &amp; Relais f\u00fcr Fernunterbrechung TK806 GPS Tracker f\u00fcr 10-80VDC &amp; Relais f\u00fcr Fernunterbrechung, perfekt f\u00fcr den Einbau in E-Bikes, Baumaschinen oder KFZ. GPS Live Tracking (via App &amp; Webseite): ja Standortabfrage mittels Anruf: ja R\u00fcckantwort per SMS mit Link zum Standort Eingebauter Not-Akku: ja Akku: intern 180mAh Ladeeingang: USB = &hellip; <a href=\"https:\/\/crosstours.at\/en\/produkt\/tk806-gps-tracker-fuer-10-80vdc-relais-fuer-fernunterbrechung\/\" class=\"more-link\">Continue reading<span class=\"screen-reader-text\"> &#8220;TK806 GPS Tracker f\u00fcr 10-80VDC &#038; Relais f\u00fcr Fernunterbrechung&#8221;<\/span><\/a><\/p>\n","protected":false},"featured_media":15257,"template":"","meta":{"_acf_changed":false},"product_brand":[],"product_cat":[2561],"product_tag":[],"class_list":{"0":"post-15254","1":"product","2":"type-product","3":"status-publish","4":"has-post-thumbnail","6":"product_cat-live-gps-tracker-shop","7":"product_shipping_class-paketversand-inland-pauschal","9":"first","10":"instock","11":"taxable","12":"shipping-taxable","13":"purchasable","14":"product-type-simple"},"acf":[],"_links":{"self":[{"href":"https:\/\/crosstours.at\/en\/wp-json\/wp\/v2\/product\/15254","targetHints":{"allow":["GET"]}}],"collection":[{"href":"https:\/\/crosstours.at\/en\/wp-json\/wp\/v2\/product"}],"about":[{"href":"https:\/\/crosstours.at\/en\/wp-json\/wp\/v2\/types\/product"}],"wp:featuredmedia":[{"embeddable":true,"href":"https:\/\/crosstours.at\/en\/wp-json\/wp\/v2\/media\/15257"}],"wp:attachment":[{"href":"https:\/\/crosstours.at\/en\/wp-json\/wp\/v2\/media?parent=15254"}],"wp:term":[{"taxonomy":"product_brand","embeddable":true,"href":"https:\/\/crosstours.at\/en\/wp-json\/wp\/v2\/product_brand?post=15254"},{"taxonomy":"product_cat","embeddable":true,"href":"https:\/\/crosstours.at\/en\/wp-json\/wp\/v2\/product_cat?post=15254"},{"taxonomy":"product_tag","embeddable":true,"href":"https:\/\/crosstours.at\/en\/wp-json\/wp\/v2\/product_tag?post=15254"}],"curies":[{"name":"wp","href":"https:\/\/api.w.org\/{rel}","templated":true}]}}