{"id":15195,"date":"2024-05-08T06:18:52","date_gmt":"2024-05-08T04:18:52","guid":{"rendered":"https:\/\/crosstours.at\/?post_type=product&#038;p=15195"},"modified":"2026-04-30T14:56:59","modified_gmt":"2026-04-30T12:56:59","slug":"segway-tour-runde-bei-der-whisky-destillerie-peter-affenzeller-13-06-2026","status":"publish","type":"product","link":"https:\/\/crosstours.at\/en\/produkt\/segway-tour-runde-bei-der-whisky-destillerie-peter-affenzeller-13-06-2026\/","title":{"rendered":"SEGWAY TOUR Runde bei der \u201eWhisky Destillerie Peter Affenzeller\u201c 13.06.2026"},"content":{"rendered":"<p>Treffpunkt ist diesmal direkt bei der WHISKY DESTILLERIE Peter Affenzeller.<br \/>\nNach einer ausgiebigen Einf\u00fchrung und nachdem jeder mit seinem Ger\u00e4t schon so halbwegs vertraut ist, kann es dann auch schon losgehen.<\/p>\n<p>Auch bei der Whisky Destillerie haben wir 2 wundersch\u00f6ne Runden f\u00fcr euch geplant. Die Strecken verlaufen teils auf Wanderwegen durchs Gel\u00e4nde sowie wenig frequentierten Stra\u00dfen rund um die Whisky Destillerie im sch\u00f6nen Alberndorf in der Riedmark, lass dich \u00fcberraschen!<\/p>\n<p>Eine tolle Herausforderung und garantiert ein unvergessliches Erlebnis f\u00fcr alle Altersgruppen!<\/p>\n<p>Zur\u00fcck angekommen bei der Whisky Destillerie, kann nach einem Gruppenfoto dann einmal ausgespannt werden, bevor es z.B. mit der tollen F\u00fchrung und Verkostung sowie anschlie\u00dfender, k\u00f6stlicher M\u00fchlviertler Jausenplatte weiter geht. Optional kann man sich nat\u00fcrlich auch im Caf\u00e9 von Peter Affenzeller entspannen und genie\u00dfen!<\/p>\n<p>Die Kosten f\u00fcr eine etwaige F\u00fchrung sowie Jause sind direkt vor Ort zu entrichten und nicht im Preis der SEGWAY TOUR enthalten.<\/p>\n<p>Die ist eine \u00f6ffentliche Tour, hier kannst du dich einfach dazubuchen!<\/p>\n<p>Wir sind gegen 15Uhr wieder zur\u00fcck und gerne k\u00f6nnt ihr f\u00fcr danach noch beim Affenzeller einen Tisch und\/oder einen Platz bei der n\u00e4chsten F\u00fchrung buchen &#8211; hierzu bitte einfach unter 07235\/70444 anrufen.<\/p>\n<p>(Bei Fragen bitte einfach Kontakt aufnehmen, gerne auch via What\u00b4sApp)<\/p>\n","protected":false},"excerpt":{"rendered":"<p>Treffpunkt ist diesmal direkt bei der WHISKY DESTILLERIE Peter Affenzeller. Nach einer ausgiebigen Einf\u00fchrung und nachdem jeder mit seinem Ger\u00e4t schon so halbwegs vertraut ist, kann es dann auch schon losgehen. Auch bei der Whisky Destillerie haben wir 2 wundersch\u00f6ne Runden f\u00fcr euch geplant. Die Strecken verlaufen teils auf Wanderwegen durchs Gel\u00e4nde sowie wenig frequentierten &hellip; <a href=\"https:\/\/crosstours.at\/en\/produkt\/segway-tour-runde-bei-der-whisky-destillerie-peter-affenzeller-13-06-2026\/\" class=\"more-link\">Continue reading<span class=\"screen-reader-text\"> &#8220;SEGWAY TOUR Runde bei der \u201eWhisky Destillerie Peter Affenzeller\u201c 13.06.2026&#8221;<\/span><\/a><\/p>\n","protected":false},"featured_media":2859,"template":"","meta":{"_acf_changed":false},"product_brand":[],"product_cat":[476,13],"product_tag":[],"class_list":{"0":"post-15195","1":"product","2":"type-product","3":"status-publish","4":"has-post-thumbnail","6":"product_cat-externe_touren","7":"product_cat-tours","9":"first","10":"instock","11":"virtual","12":"taxable","13":"purchasable","14":"product-type-simple"},"acf":[],"_links":{"self":[{"href":"https:\/\/crosstours.at\/en\/wp-json\/wp\/v2\/product\/15195","targetHints":{"allow":["GET"]}}],"collection":[{"href":"https:\/\/crosstours.at\/en\/wp-json\/wp\/v2\/product"}],"about":[{"href":"https:\/\/crosstours.at\/en\/wp-json\/wp\/v2\/types\/product"}],"wp:featuredmedia":[{"embeddable":true,"href":"https:\/\/crosstours.at\/en\/wp-json\/wp\/v2\/media\/2859"}],"wp:attachment":[{"href":"https:\/\/crosstours.at\/en\/wp-json\/wp\/v2\/media?parent=15195"}],"wp:term":[{"taxonomy":"product_brand","embeddable":true,"href":"https:\/\/crosstours.at\/en\/wp-json\/wp\/v2\/product_brand?post=15195"},{"taxonomy":"product_cat","embeddable":true,"href":"https:\/\/crosstours.at\/en\/wp-json\/wp\/v2\/product_cat?post=15195"},{"taxonomy":"product_tag","embeddable":true,"href":"https:\/\/crosstours.at\/en\/wp-json\/wp\/v2\/product_tag?post=15195"}],"curies":[{"name":"wp","href":"https:\/\/api.w.org\/{rel}","templated":true}]}}