{"id":1480,"date":"2017-08-17T17:33:26","date_gmt":"2017-08-17T16:33:26","guid":{"rendered":"https:\/\/www.crosstours.at\/shop\/pelican-1430-hard-case\/"},"modified":"2021-12-02T22:11:42","modified_gmt":"2021-12-02T21:11:42","slug":"hard-case","status":"publish","type":"product","link":"https:\/\/crosstours.at\/en\/produkt\/hard-case\/","title":{"rendered":"HARD CASE SEGWAY KOFFER INDUSTRIE"},"content":{"rendered":"<div id=\"product_tabs_description_contents\" class=\"product-tabs-content\">\n<div class=\"std\">\n<p>Der stabile und leichte HARD CASE Profi-Koffer ist gro\u00df genug um Werkzeug oder andere Artikel zu transportieren. Man kann den Koffer leicht von der Halterung l\u00f6sen und diesen mit Hilfe des Griffes an sein Ziel tragen.<\/p>\n<p>Abmessungen: (L x B x T): 35 x 14.6 x 29 CM<\/p>\n<p>Gewicht: 2.5 KG<\/p>\n<p>F\u00fcr die Montage sind Universal Koffermontageplatten (<a href=\"https:\/\/www.crosstours.at\/shop\/quick-release-universal-koffer-oder-behaeltermontage-set-ohne-kofferbehaelter-fuer-segway-i2-x2\/\">abnehmbar<\/a> oder <a href=\"https:\/\/www.crosstours.at\/shop\/universal-koffer-oder-behaeltermontage-ohne-kofferbehaelter\/\">fix<\/a>) und bei Segway i2 der <a href=\"https:\/\/www.crosstours.at\/shop\/segway-i2-buegel-lower-cargo-frame-fuer-universal-koffermontageplatte\/\">Lower CARGO Frame<\/a> (B\u00fcgel\/Rahmen) notwendig!<\/p>\n<\/div>\n<\/div>\n","protected":false},"excerpt":{"rendered":"<p>Der stabile und leichte HARD CASE Profi-Koffer ist gro\u00df genug um Werkzeug oder andere Artikel zu transportieren. Man kann den Koffer leicht von der Halterung l\u00f6sen und diesen mit Hilfe des Griffes an sein Ziel tragen. Abmessungen: (L x B x T): 35 x 14.6 x 29 CM Gewicht: 2.5 KG F\u00fcr die Montage sind &hellip; <a href=\"https:\/\/crosstours.at\/en\/produkt\/hard-case\/\" class=\"more-link\">Continue reading<span class=\"screen-reader-text\"> &#8220;HARD CASE SEGWAY KOFFER INDUSTRIE&#8221;<\/span><\/a><\/p>\n","protected":false},"featured_media":1481,"template":"","meta":{"_acf_changed":false},"product_brand":[],"product_cat":[126,46],"product_tag":[170,175,191,193,56,80,192,48,52],"class_list":{"0":"post-1480","1":"product","2":"type-product","3":"status-publish","4":"has-post-thumbnail","6":"product_cat-segway-ersatzteile-zubehoer-fuer-segway-pt-i2-x2-gen2-se","7":"product_cat-segway-taschen-koffer","8":"product_tag-cargo","9":"product_tag-case","10":"product_tag-hard","11":"product_tag-hartschale","12":"product_tag-i2","13":"product_tag-koffer","14":"product_tag-original","15":"product_tag-segway","16":"product_tag-x2","17":"product_shipping_class-paketversand-inland-pauschal","19":"first","20":"instock","21":"sale","22":"taxable","23":"shipping-taxable","24":"purchasable","25":"product-type-simple"},"acf":[],"_links":{"self":[{"href":"https:\/\/crosstours.at\/en\/wp-json\/wp\/v2\/product\/1480","targetHints":{"allow":["GET"]}}],"collection":[{"href":"https:\/\/crosstours.at\/en\/wp-json\/wp\/v2\/product"}],"about":[{"href":"https:\/\/crosstours.at\/en\/wp-json\/wp\/v2\/types\/product"}],"wp:featuredmedia":[{"embeddable":true,"href":"https:\/\/crosstours.at\/en\/wp-json\/wp\/v2\/media\/1481"}],"wp:attachment":[{"href":"https:\/\/crosstours.at\/en\/wp-json\/wp\/v2\/media?parent=1480"}],"wp:term":[{"taxonomy":"product_brand","embeddable":true,"href":"https:\/\/crosstours.at\/en\/wp-json\/wp\/v2\/product_brand?post=1480"},{"taxonomy":"product_cat","embeddable":true,"href":"https:\/\/crosstours.at\/en\/wp-json\/wp\/v2\/product_cat?post=1480"},{"taxonomy":"product_tag","embeddable":true,"href":"https:\/\/crosstours.at\/en\/wp-json\/wp\/v2\/product_tag?post=1480"}],"curies":[{"name":"wp","href":"https:\/\/api.w.org\/{rel}","templated":true}]}}