{"id":14690,"date":"2020-02-05T14:42:28","date_gmt":"2020-02-05T13:42:28","guid":{"rendered":"https:\/\/crosstours.at\/shop\/rear-carrier-for-segway-pt-for-trailer-coupling\/"},"modified":"2023-12-08T10:38:00","modified_gmt":"2023-12-08T09:38:00","slug":"rear-carrier-for-segway-pt-for-trailer-coupling","status":"publish","type":"product","link":"https:\/\/crosstours.at\/en\/produkt\/rear-carrier-for-segway-pt-for-trailer-coupling\/","title":{"rendered":"Rear carrier for SEGWAY PT for trailer coupling"},"content":{"rendered":"<h3>Rear carrier for SEGWAY PT for trailer coupling<\/h3>\n<p>Rear carrier for SEGWAY PT SE or Gen2 as well as i2 or x2 for trailer coupling.<\/p>\n<p>The carrier can be quickly and easily mounted on the trailer coupling, so the scooter does not have to be dismantled for transportation in a car.<\/p>\n<p>The built-in gas strut assists with loading and unloading.<\/p>\n<p>Due to the limited weight capacity of trailer couplings, only one SEGWAY can be transported (a second SEGWAY will certainly fit in the trunk ;o) )<\/p>\n<p class=\"product_details_text\"><strong>Technical data: <\/strong><br \/>\nDimensions (WxDxH): approx. 104 x 72 x 81 cm<br \/>\nWith removed light strip approx. 36 x 72 x 81 cm<br \/>\nOwn weight: approx. 21 kg<br \/>\nMax. Payload: 60 kg<\/p>\n<p>Anti-theft device for the carrier: mount for cable lock available<\/p>\n<p>Fastening: lockable frame holders<br \/>\nLighting connection: 13-pin plug<\/p>\n<p>&nbsp;<\/p>\n<p>Of course you can also rent the rear carrier from us <a href=\"https:\/\/www.crosstours.at\/shop\/hecktraeger-segway-fuer-anhaengerkupplung-verleih\/\">-&gt; just click here!<\/a><\/p>\n<p>&nbsp;<\/p>\n<p><iframe loading=\"lazy\" title=\"SEGWAY PT i2 x2 KFZ Hecktr\u00e4ger f\u00fcr Anh\u00e4ngerkupplung Anleitung Video   www.crosstours.at\" width=\"840\" height=\"473\" src=\"https:\/\/www.youtube.com\/embed\/T8c2ZYxT2FU?feature=oembed\" frameborder=\"0\" allow=\"accelerometer; autoplay; clipboard-write; encrypted-media; gyroscope; picture-in-picture; web-share\" allowfullscreen><\/iframe><\/p>\n","protected":false},"excerpt":{"rendered":"<p>Rear carrier for SEGWAY PT for trailer coupling Rear carrier for SEGWAY PT SE or Gen2 as well as i2 or x2 for trailer coupling. The carrier can be quickly and easily mounted on the trailer coupling, so the scooter does not have to be dismantled for transportation in a car. The built-in gas strut &hellip; <a href=\"https:\/\/crosstours.at\/en\/produkt\/rear-carrier-for-segway-pt-for-trailer-coupling\/\" class=\"more-link\">Continue reading<span class=\"screen-reader-text\"> &#8220;Rear carrier for SEGWAY PT for trailer coupling&#8221;<\/span><\/a><\/p>\n","protected":false},"featured_media":7875,"template":"","meta":{"_acf_changed":false},"product_brand":[],"product_cat":[2784,2778],"product_tag":[3080,3106,3077,3078,2736,3079,3076],"class_list":{"0":"post-14690","1":"product","2":"type-product","3":"status-publish","4":"has-post-thumbnail","6":"product_cat-segway-vehicles","7":"product_cat-vehicles","8":"product_tag-ahk-en","9":"product_tag-carrier","10":"product_tag-excursion","11":"product_tag-rear-carrier","12":"product_tag-segway-en","13":"product_tag-trailer-coupling","14":"product_tag-vacation","15":"product_shipping_class-parcel-shipping-large","17":"first","18":"instock","19":"sale","20":"taxable","21":"shipping-taxable","22":"purchasable","23":"product-type-simple"},"acf":[],"_links":{"self":[{"href":"https:\/\/crosstours.at\/en\/wp-json\/wp\/v2\/product\/14690","targetHints":{"allow":["GET"]}}],"collection":[{"href":"https:\/\/crosstours.at\/en\/wp-json\/wp\/v2\/product"}],"about":[{"href":"https:\/\/crosstours.at\/en\/wp-json\/wp\/v2\/types\/product"}],"wp:featuredmedia":[{"embeddable":true,"href":"https:\/\/crosstours.at\/en\/wp-json\/wp\/v2\/media\/7875"}],"wp:attachment":[{"href":"https:\/\/crosstours.at\/en\/wp-json\/wp\/v2\/media?parent=14690"}],"wp:term":[{"taxonomy":"product_brand","embeddable":true,"href":"https:\/\/crosstours.at\/en\/wp-json\/wp\/v2\/product_brand?post=14690"},{"taxonomy":"product_cat","embeddable":true,"href":"https:\/\/crosstours.at\/en\/wp-json\/wp\/v2\/product_cat?post=14690"},{"taxonomy":"product_tag","embeddable":true,"href":"https:\/\/crosstours.at\/en\/wp-json\/wp\/v2\/product_tag?post=14690"}],"curies":[{"name":"wp","href":"https:\/\/api.w.org\/{rel}","templated":true}]}}