{"id":9941,"date":"2022-06-22T11:32:59","date_gmt":"2022-06-22T09:32:59","guid":{"rendered":"https:\/\/crosstours.at\/tours-courses\/"},"modified":"2022-06-22T11:34:13","modified_gmt":"2022-06-22T09:34:13","slug":"tours-courses","status":"publish","type":"page","link":"https:\/\/crosstours.at\/en\/tours-courses\/","title":{"rendered":"TOURS &amp; COURSES"},"content":{"rendered":"\n<p class=\"has-large-font-size\"><strong>SEGWAY TOURS<\/strong><\/p>\n\n<div class=\"wp-block-media-text alignwide is-stacked-on-mobile is-image-fill\" style=\"grid-template-columns:47% auto\"><figure class=\"wp-block-media-text__media\" style=\"background-image:url(https:\/\/crosstours.at\/wp-content\/uploads\/2019\/02\/20180521_170247-1024x576.jpg);background-position:50% 50%\"><a href=\"https:\/\/crosstours.at\/produkt\/segway-tour-linzblick\/\"><img loading=\"lazy\" decoding=\"async\" width=\"1024\" height=\"576\" src=\"https:\/\/crosstours.at\/wp-content\/uploads\/2019\/02\/20180521_170247-1024x576.jpg\" alt=\"\" class=\"wp-image-8025 size-full\" srcset=\"https:\/\/crosstours.at\/wp-content\/uploads\/2019\/02\/20180521_170247-1024x576.jpg 1024w, https:\/\/crosstours.at\/wp-content\/uploads\/2019\/02\/20180521_170247-180x101.jpg 180w, https:\/\/crosstours.at\/wp-content\/uploads\/2019\/02\/20180521_170247-600x338.jpg 600w, https:\/\/crosstours.at\/wp-content\/uploads\/2019\/02\/20180521_170247-300x169.jpg 300w, https:\/\/crosstours.at\/wp-content\/uploads\/2019\/02\/20180521_170247-768x432.jpg 768w, https:\/\/crosstours.at\/wp-content\/uploads\/2019\/02\/20180521_170247-30x17.jpg 30w, https:\/\/crosstours.at\/wp-content\/uploads\/2019\/02\/20180521_170247-1200x675.jpg 1200w\" sizes=\"auto, (max-width: 709px) 85vw, (max-width: 909px) 67vw, (max-width: 1362px) 62vw, 840px\" \/><\/a><\/figure><div class=\"wp-block-media-text__content\">\n<p style=\"font-size:23px\"><strong>LINZ VIEW<\/strong><\/p>\n\n\n\n<p class=\"has-medium-font-size\">Perfect for the beginning and then such a great view over the Danube, Pfenningberg, P\u00f6stlingberg and Lichtenberg.<\/p>\n<\/div><\/div>\n\n<hr class=\"wp-block-separator\"\/>\n\n<div class=\"wp-block-media-text alignwide is-stacked-on-mobile is-image-fill\" style=\"grid-template-columns:47% auto\"><figure class=\"wp-block-media-text__media\" style=\"background-image:url(https:\/\/crosstours.at\/wp-content\/uploads\/2017\/07\/crosstours_alternberg-1024x576.jpg);background-position:50% 50%\"><img loading=\"lazy\" decoding=\"async\" width=\"1024\" height=\"576\" src=\"https:\/\/crosstours.at\/wp-content\/uploads\/2017\/07\/crosstours_alternberg-1024x576.jpg\" alt=\"Individual Segway tour with crosstours.at throughout Austria\" class=\"wp-image-7733 size-full\" srcset=\"https:\/\/crosstours.at\/wp-content\/uploads\/2017\/07\/crosstours_alternberg-1024x576.jpg 1024w, https:\/\/crosstours.at\/wp-content\/uploads\/2017\/07\/crosstours_alternberg-300x169.jpg 300w, https:\/\/crosstours.at\/wp-content\/uploads\/2017\/07\/crosstours_alternberg-768x432.jpg 768w, https:\/\/crosstours.at\/wp-content\/uploads\/2017\/07\/crosstours_alternberg-30x17.jpg 30w, https:\/\/crosstours.at\/wp-content\/uploads\/2017\/07\/crosstours_alternberg-200x113.jpg 200w, https:\/\/crosstours.at\/wp-content\/uploads\/2017\/07\/crosstours_alternberg-180x101.jpg 180w, https:\/\/crosstours.at\/wp-content\/uploads\/2017\/07\/crosstours_alternberg-600x338.jpg 600w, https:\/\/crosstours.at\/wp-content\/uploads\/2017\/07\/crosstours_alternberg-1200x675.jpg 1200w, https:\/\/crosstours.at\/wp-content\/uploads\/2017\/07\/crosstours_alternberg.jpg 1900w\" sizes=\"auto, (max-width: 709px) 85vw, (max-width: 909px) 67vw, (max-width: 1362px) 62vw, 840px\" \/><\/figure><div class=\"wp-block-media-text__content\">\n<p style=\"font-size:23px\"><strong>ALTENBERG-PELMBERG<\/strong><\/p>\n\n\n\n<p class=\"has-medium-font-size\">A great round about the beautiful Altenberg to Pelmberg and back.<\/p>\n<\/div><\/div>\n\n<hr class=\"wp-block-separator\"\/>\n\n<div class=\"wp-block-media-text alignwide is-stacked-on-mobile is-image-fill\" style=\"grid-template-columns:47% auto\"><figure class=\"wp-block-media-text__media\" style=\"background-image:url(https:\/\/crosstours.at\/wp-content\/uploads\/2016\/06\/segway_linz_tour_m\u00fchlviertel_altenberg_crosstours_06-1024x576.jpg);background-position:50% 50%\"><img loading=\"lazy\" decoding=\"async\" width=\"1024\" height=\"576\" src=\"https:\/\/crosstours.at\/wp-content\/uploads\/2016\/06\/segway_linz_tour_m\u00fchlviertel_altenberg_crosstours_06-1024x576.jpg\" alt=\"\" class=\"wp-image-7906 size-full\" srcset=\"https:\/\/crosstours.at\/wp-content\/uploads\/2016\/06\/segway_linz_tour_m\u00fchlviertel_altenberg_crosstours_06-1024x576.jpg 1024w, https:\/\/crosstours.at\/wp-content\/uploads\/2016\/06\/segway_linz_tour_m\u00fchlviertel_altenberg_crosstours_06-180x101.jpg 180w, https:\/\/crosstours.at\/wp-content\/uploads\/2016\/06\/segway_linz_tour_m\u00fchlviertel_altenberg_crosstours_06-600x338.jpg 600w, https:\/\/crosstours.at\/wp-content\/uploads\/2016\/06\/segway_linz_tour_m\u00fchlviertel_altenberg_crosstours_06-300x169.jpg 300w, https:\/\/crosstours.at\/wp-content\/uploads\/2016\/06\/segway_linz_tour_m\u00fchlviertel_altenberg_crosstours_06-768x432.jpg 768w, https:\/\/crosstours.at\/wp-content\/uploads\/2016\/06\/segway_linz_tour_m\u00fchlviertel_altenberg_crosstours_06-30x17.jpg 30w, https:\/\/crosstours.at\/wp-content\/uploads\/2016\/06\/segway_linz_tour_m\u00fchlviertel_altenberg_crosstours_06-1200x675.jpg 1200w, https:\/\/crosstours.at\/wp-content\/uploads\/2016\/06\/segway_linz_tour_m\u00fchlviertel_altenberg_crosstours_06.jpg 1920w\" sizes=\"auto, (max-width: 709px) 85vw, (max-width: 909px) 67vw, (max-width: 1362px) 62vw, 840px\" \/><\/figure><div class=\"wp-block-media-text__content\">\n<p style=\"font-size:23px\"><strong>MIRELLENTAL<\/strong><\/p>\n\n\n\n<p class=\"has-medium-font-size\">The round leads over Altenberg &#8211; Kreuzweg via Kulm to Niederkulm in Engerwitzdorf. A beautiful route with a challenge.<\/p>\n<\/div><\/div>\n\n<hr class=\"wp-block-separator\"\/>\n\n<div class=\"wp-block-media-text alignwide is-stacked-on-mobile is-image-fill\" style=\"grid-template-columns:47% auto\"><figure class=\"wp-block-media-text__media\" style=\"background-image:url(https:\/\/crosstours.at\/wp-content\/uploads\/2019\/02\/Kostprobe_640x480.jpg);background-position:50% 50%\"><img loading=\"lazy\" decoding=\"async\" width=\"640\" height=\"480\" src=\"https:\/\/crosstours.at\/wp-content\/uploads\/2019\/02\/Kostprobe_640x480.jpg\" alt=\"SEGWAY TOUR ONEWAY to the whiskey distillery Peter Affenzeller\" class=\"wp-image-8032 size-full\" srcset=\"https:\/\/crosstours.at\/wp-content\/uploads\/2019\/02\/Kostprobe_640x480.jpg 640w, https:\/\/crosstours.at\/wp-content\/uploads\/2019\/02\/Kostprobe_640x480-180x135.jpg 180w, https:\/\/crosstours.at\/wp-content\/uploads\/2019\/02\/Kostprobe_640x480-600x450.jpg 600w, https:\/\/crosstours.at\/wp-content\/uploads\/2019\/02\/Kostprobe_640x480-300x225.jpg 300w, https:\/\/crosstours.at\/wp-content\/uploads\/2019\/02\/Kostprobe_640x480-30x23.jpg 30w\" sizes=\"auto, (max-width: 640px) 85vw, 640px\" \/><\/figure><div class=\"wp-block-media-text__content\">\n<p style=\"font-size:23px\"><strong>Segway with whiskey enjoyment<\/strong><\/p>\n\n\n\n<p class=\"has-medium-font-size\">ONEWAY from Altenberg or bookable as a round on site; optionally with guided tour &amp; tasting as well as concluding M\u00fchlviertler snack platter.<\/p>\n<\/div><\/div>\n\n<hr class=\"wp-block-separator is-style-default\"\/>\n\n<div class=\"wp-block-media-text alignwide is-stacked-on-mobile is-image-fill\" style=\"grid-template-columns:47% auto\"><figure class=\"wp-block-media-text__media\" style=\"background-image:url(https:\/\/crosstours.at\/wp-content\/uploads\/2021\/12\/20210814_135024-1024x576.jpg);background-position:50% 50%\"><img loading=\"lazy\" decoding=\"async\" width=\"1024\" height=\"576\" src=\"https:\/\/crosstours.at\/wp-content\/uploads\/2021\/12\/20210814_135024-1024x576.jpg\" alt=\"\" class=\"wp-image-9942 size-full\" srcset=\"https:\/\/crosstours.at\/wp-content\/uploads\/2021\/12\/20210814_135024-1024x576.jpg 1024w, https:\/\/crosstours.at\/wp-content\/uploads\/2021\/12\/20210814_135024-300x169.jpg 300w, https:\/\/crosstours.at\/wp-content\/uploads\/2021\/12\/20210814_135024-768x432.jpg 768w, https:\/\/crosstours.at\/wp-content\/uploads\/2021\/12\/20210814_135024-1536x864.jpg 1536w, https:\/\/crosstours.at\/wp-content\/uploads\/2021\/12\/20210814_135024-2048x1152.jpg 2048w, https:\/\/crosstours.at\/wp-content\/uploads\/2021\/12\/20210814_135024-1200x675.jpg 1200w, https:\/\/crosstours.at\/wp-content\/uploads\/2021\/12\/20210814_135024-180x101.jpg 180w, https:\/\/crosstours.at\/wp-content\/uploads\/2021\/12\/20210814_135024-600x338.jpg 600w\" sizes=\"auto, (max-width: 709px) 85vw, (max-width: 909px) 67vw, (max-width: 1362px) 62vw, 840px\" \/><\/figure><div class=\"wp-block-media-text__content\">\n<p style=\"font-size:23px\"><strong>Altenberg &#8211; Kelzendorf &#8211; Rammersdorf<\/strong><\/p>\n\n\n\n<p class=\"has-medium-font-size\">&#8230;a great treat add-on for those who can&#8217;t get enough!<\/p>\n<\/div><\/div>\n\n<hr class=\"wp-block-separator\"\/>\n\n<div class=\"wp-block-media-text alignwide is-stacked-on-mobile\" style=\"grid-template-columns:47% auto\"><figure class=\"wp-block-media-text__media\"><img decoding=\"async\" src=\"https:\/\/www.crosstours.at\/wp-content\/uploads\/2021\/12\/freistadt_kombi_640x480.jpg\" alt=\"\" class=\"wp-image-9944 size-full\"\/><\/figure><div class=\"wp-block-media-text__content\">\n<p style=\"font-size:23px\"><strong>SEGWAY &#8211; Brewery Experience<\/strong><\/p>\n\n\n\n<p class=\"has-medium-font-size\">&#8230; beautiful site\/city combination with optional guided tour &amp; tasting in the brewing commune Freistadt<\/p>\n<\/div><\/div>\n\n<hr class=\"wp-block-separator\"\/>\n\n<div class=\"wp-block-media-text alignwide is-stacked-on-mobile is-image-fill\" style=\"grid-template-columns:47% auto\"><figure class=\"wp-block-media-text__media\" style=\"background-image:url(https:\/\/crosstours.at\/wp-content\/uploads\/2019\/12\/20170703-_S5A2963-2-1024x683.jpg);background-position:50% 50%\"><img loading=\"lazy\" decoding=\"async\" width=\"1024\" height=\"683\" src=\"https:\/\/crosstours.at\/wp-content\/uploads\/2019\/12\/20170703-_S5A2963-2-1024x683.jpg\" alt=\"\" class=\"wp-image-8120 size-full\" srcset=\"https:\/\/crosstours.at\/wp-content\/uploads\/2019\/12\/20170703-_S5A2963-2-1024x683.jpg 1024w, https:\/\/crosstours.at\/wp-content\/uploads\/2019\/12\/20170703-_S5A2963-2-180x120.jpg 180w, https:\/\/crosstours.at\/wp-content\/uploads\/2019\/12\/20170703-_S5A2963-2-600x400.jpg 600w, https:\/\/crosstours.at\/wp-content\/uploads\/2019\/12\/20170703-_S5A2963-2-300x200.jpg 300w, https:\/\/crosstours.at\/wp-content\/uploads\/2019\/12\/20170703-_S5A2963-2-768x512.jpg 768w, https:\/\/crosstours.at\/wp-content\/uploads\/2019\/12\/20170703-_S5A2963-2-30x20.jpg 30w, https:\/\/crosstours.at\/wp-content\/uploads\/2019\/12\/20170703-_S5A2963-2-1200x800.jpg 1200w, https:\/\/crosstours.at\/wp-content\/uploads\/2019\/12\/20170703-_S5A2963-2.jpg 1800w\" sizes=\"auto, (max-width: 709px) 85vw, (max-width: 909px) 67vw, (max-width: 1362px) 62vw, 840px\" \/><\/figure><div class=\"wp-block-media-text__content\">\n<p style=\"font-size:23px\"><strong>TOUR to the high ropes course &amp; archery center<\/strong><\/p>\n\n\n\n<p class=\"has-medium-font-size\">Combine the SEGWAY experience with the high ropes course or archery center in Kirchschlag!<\/p>\n<\/div><\/div>\n\n<hr class=\"wp-block-separator\"\/>\n\n<div class=\"wp-block-media-text alignwide is-stacked-on-mobile is-image-fill\" style=\"grid-template-columns:47% auto\"><figure class=\"wp-block-media-text__media\" style=\"background-image:url(https:\/\/crosstours.at\/wp-content\/uploads\/2021\/12\/20190720_155508-1024x576.jpg);background-position:50% 50%\"><img loading=\"lazy\" decoding=\"async\" width=\"1024\" height=\"576\" src=\"https:\/\/crosstours.at\/wp-content\/uploads\/2021\/12\/20190720_155508-1024x576.jpg\" alt=\"\" class=\"wp-image-9946 size-full\" srcset=\"https:\/\/crosstours.at\/wp-content\/uploads\/2021\/12\/20190720_155508-1024x576.jpg 1024w, https:\/\/crosstours.at\/wp-content\/uploads\/2021\/12\/20190720_155508-300x169.jpg 300w, https:\/\/crosstours.at\/wp-content\/uploads\/2021\/12\/20190720_155508-768x432.jpg 768w, https:\/\/crosstours.at\/wp-content\/uploads\/2021\/12\/20190720_155508-1536x864.jpg 1536w, https:\/\/crosstours.at\/wp-content\/uploads\/2021\/12\/20190720_155508-2048x1152.jpg 2048w, https:\/\/crosstours.at\/wp-content\/uploads\/2021\/12\/20190720_155508-1200x675.jpg 1200w, https:\/\/crosstours.at\/wp-content\/uploads\/2021\/12\/20190720_155508-180x101.jpg 180w, https:\/\/crosstours.at\/wp-content\/uploads\/2021\/12\/20190720_155508-600x338.jpg 600w\" sizes=\"auto, (max-width: 709px) 85vw, (max-width: 909px) 67vw, (max-width: 1362px) 62vw, 840px\" \/><\/figure><div class=\"wp-block-media-text__content\">\n<p style=\"font-size:23px\"><strong>Bad Leonfelden<\/strong><\/p>\n\n\n\n<p class=\"has-medium-font-size\">&#8230; with the very popular Miesental circuit<\/p>\n<\/div><\/div>\n\n<p><\/p>\n\n<div class=\"wp-block-buttons is-layout-flex wp-block-buttons-is-layout-flex\">\n<div class=\"wp-block-button\"><a class=\"wp-block-button__link\" href=\"https:\/\/www.crosstours.at\/kontakt\/\">Request an individual tour now<\/a><\/div>\n\n\n\n<div class=\"wp-block-button is-style-fill\"><a class=\"wp-block-button__link has-white-color has-text-color\" href=\"https:\/\/www.crosstours.at\/buchung\/\" style=\"border-radius:29px\">Or join an advertised tour<\/a><\/div>\n\n\n\n<div class=\"wp-block-button is-style-fill\"><a class=\"wp-block-button__link\" href=\"https:\/\/www.crosstours.at\/shop\/\">Order coupon<\/a><\/div>\n<\/div>\n\n<hr class=\"wp-block-separator is-style-default\"\/>\n\n<p class=\"has-large-font-size\"><strong>E-BIKE TOURS<\/strong><\/p>\n\n<div class=\"wp-block-media-text alignwide is-stacked-on-mobile is-image-fill\" style=\"grid-template-columns:47% auto\"><figure class=\"wp-block-media-text__media\" style=\"background-image:url(https:\/\/crosstours.at\/wp-content\/uploads\/2022\/06\/MTB-Sterngartl-Gusental_CROSSTOURS-AT-1-728x1024.jpg);background-position:35% 56.00000000000001%\"><a href=\"https:\/\/crosstours.at\/wp-content\/uploads\/2022\/06\/MTB-Sterngartl-Gusental_CROSSTOURS-AT-1.jpg\" data-lbwps-width=\"3386\" data-lbwps-height=\"4760\" data-lbwps-srcsmall=\"https:\/\/crosstours.at\/wp-content\/uploads\/2022\/06\/MTB-Sterngartl-Gusental_CROSSTOURS-AT-1-213x300.jpg\"><img loading=\"lazy\" decoding=\"async\" width=\"728\" height=\"1024\" src=\"https:\/\/crosstours.at\/wp-content\/uploads\/2022\/06\/MTB-Sterngartl-Gusental_CROSSTOURS-AT-1-728x1024.jpg\" alt=\"Touren &amp; Strecken E-MTB Sterngartel Gusental Altenberg bei Linz, Bad Leonfelden, Reichenau, Hellmons\u00f6dt, Alberndorf, M\u00fchlviertel, M\u00fchlviertler Alm, Gallneukirchen, Engerwitzdorf\" class=\"wp-image-9682 size-full\" srcset=\"https:\/\/crosstours.at\/wp-content\/uploads\/2022\/06\/MTB-Sterngartl-Gusental_CROSSTOURS-AT-1-728x1024.jpg 728w, https:\/\/crosstours.at\/wp-content\/uploads\/2022\/06\/MTB-Sterngartl-Gusental_CROSSTOURS-AT-1-213x300.jpg 213w, https:\/\/crosstours.at\/wp-content\/uploads\/2022\/06\/MTB-Sterngartl-Gusental_CROSSTOURS-AT-1-768x1080.jpg 768w, https:\/\/crosstours.at\/wp-content\/uploads\/2022\/06\/MTB-Sterngartl-Gusental_CROSSTOURS-AT-1-1093x1536.jpg 1093w, https:\/\/crosstours.at\/wp-content\/uploads\/2022\/06\/MTB-Sterngartl-Gusental_CROSSTOURS-AT-1-1457x2048.jpg 1457w, https:\/\/crosstours.at\/wp-content\/uploads\/2022\/06\/MTB-Sterngartl-Gusental_CROSSTOURS-AT-1-1200x1687.jpg 1200w, https:\/\/crosstours.at\/wp-content\/uploads\/2022\/06\/MTB-Sterngartl-Gusental_CROSSTOURS-AT-1-180x253.jpg 180w, https:\/\/crosstours.at\/wp-content\/uploads\/2022\/06\/MTB-Sterngartl-Gusental_CROSSTOURS-AT-1-600x843.jpg 600w, https:\/\/crosstours.at\/wp-content\/uploads\/2022\/06\/MTB-Sterngartl-Gusental_CROSSTOURS-AT-1-scaled.jpg 1821w\" sizes=\"auto, (max-width: 728px) 85vw, 728px\" \/><\/a><\/figure><div class=\"wp-block-media-text__content\">\n<p style=\"font-size:23px\"><strong>MOUNTAIN BIKE REGION<\/strong> <strong>STERNGARTL GUSENTAL<\/strong><\/p>\n\n\n\n<p class=\"has-medium-font-size\">The <strong><a href=\"https:\/\/www.oberoesterreich.at\/aktivitaeten\/sommer\/mountainbiken\/touren\/mountainbike-touren\/oesterreich-tour\/detail\/430006987\/sterngartl-gusental-mtb--region-gusental-runde.html\" target=\"_blank\" rel=\"noreferrer noopener\">2 &#8211; Gusental<\/a><\/strong> circuit and section <strong><a href=\"https:\/\/www.oberoesterreich.at\/aktivitaeten\/sommer\/mountainbiken\/touren\/mountainbike-touren\/oesterreich-tour\/detail\/430006989\/sterngartl-gusental-mtb--region-gusental-nord.html\" target=\"_blank\" rel=\"noreferrer noopener\">D &#8211; Gusental-Nord<\/a><\/strong> of the new mountain bike region lead right past us and allow direct entry!<\/p>\n\n\n\n<p>Maps available free of charge from us on site! or viewable here: <\/p>\n\n\n\n<p><a href=\"https:\/\/www.oberoesterreich.at\/aktivitaeten\/sommer\/mountainbiken\/touren\/mountainbike-touren\/oesterreich-tour\/detail\/430006983\/sterngartl-gusental-mtb--region-sterngartl-runde.html\" target=\"_blank\" rel=\"noreferrer noopener\">1 &#8211; Sterngartl round<\/a><br\/><a href=\"https:\/\/www.oberoesterreich.at\/aktivitaeten\/sommer\/mountainbiken\/touren\/mountainbike-touren\/oesterreich-tour\/detail\/430006987\/sterngartl-gusental-mtb--region-gusental-runde.html\" target=\"_blank\" rel=\"noreferrer noopener\">2 &#8211; Gusental round<\/a><br\/><a href=\"http:\/\/A%20-%20Sterngartl%20Nord\" target=\"_blank\" rel=\"noreferrer noopener\">A &#8211; Sterngartl North<\/a><br\/><a href=\"https:\/\/www.oberoesterreich.at\/aktivitaeten\/sommer\/mountainbiken\/touren\/mountainbike-touren\/oesterreich-tour\/detail\/430007029\/sterngartl-gusental-mtb--region-sterngartl-mitte.html\" target=\"_blank\" rel=\"noreferrer noopener\">B &#8211; Sterngartl center<\/a><br\/><a href=\"https:\/\/www.oberoesterreich.at\/aktivitaeten\/sommer\/mountainbiken\/touren\/mountainbike-touren\/oesterreich-tour\/detail\/430006986\/sterngartl-gusental-mtb--region-sterngartl-sued.html\" target=\"_blank\" rel=\"noreferrer noopener\">C &#8211; Sterngartl South<\/a><br\/><a href=\"https:\/\/www.oberoesterreich.at\/aktivitaeten\/sommer\/mountainbiken\/touren\/mountainbike-touren\/oesterreich-tour\/detail\/430006989\/sterngartl-gusental-mtb--region-gusental-nord.html\" target=\"_blank\" rel=\"noreferrer noopener\">D &#8211; Gusental North<\/a> 28 &#8211; 50 km<br\/><a href=\"https:\/\/www.oberoesterreich.at\/aktivitaeten\/sommer\/mountainbiken\/touren\/mountainbike-touren\/oesterreich-tour\/detail\/430006990\/sterngartl-gusental-mtb--region-gusental-mitte.html\" target=\"_blank\" rel=\"noreferrer noopener\">E &#8211; Gusental middle<\/a><br\/><a href=\"https:\/\/www.oberoesterreich.at\/aktivitaeten\/sommer\/mountainbiken\/touren\/mountainbike-touren\/oesterreich-tour\/detail\/430006991\/sterngartl-gusental-mtb--region-gusental-sued.html\" target=\"_blank\" rel=\"noreferrer noopener\">F &#8211; Gusental south<\/a><\/p>\n<\/div><\/div>\n\n<hr class=\"wp-block-separator\"\/>\n\n<div class=\"wp-block-media-text alignwide is-stacked-on-mobile is-image-fill\" style=\"grid-template-columns:47% auto\"><figure class=\"wp-block-media-text__media\" style=\"background-image:url(https:\/\/crosstours.at\/wp-content\/uploads\/2021\/12\/bike-navi_neu-1024x576.jpeg);background-position:50% 50%\"><img loading=\"lazy\" decoding=\"async\" width=\"1024\" height=\"576\" src=\"https:\/\/crosstours.at\/wp-content\/uploads\/2021\/12\/bike-navi_neu-1024x576.jpeg\" alt=\"\" class=\"wp-image-9950 size-full\" srcset=\"https:\/\/crosstours.at\/wp-content\/uploads\/2021\/12\/bike-navi_neu-1024x576.jpeg 1024w, https:\/\/crosstours.at\/wp-content\/uploads\/2021\/12\/bike-navi_neu-300x169.jpeg 300w, https:\/\/crosstours.at\/wp-content\/uploads\/2021\/12\/bike-navi_neu-768x432.jpeg 768w, https:\/\/crosstours.at\/wp-content\/uploads\/2021\/12\/bike-navi_neu-1536x864.jpeg 1536w, https:\/\/crosstours.at\/wp-content\/uploads\/2021\/12\/bike-navi_neu-1200x675.jpeg 1200w, https:\/\/crosstours.at\/wp-content\/uploads\/2021\/12\/bike-navi_neu-180x101.jpeg 180w, https:\/\/crosstours.at\/wp-content\/uploads\/2021\/12\/bike-navi_neu-600x338.jpeg 600w, https:\/\/crosstours.at\/wp-content\/uploads\/2021\/12\/bike-navi_neu.jpeg 1600w\" sizes=\"auto, (max-width: 709px) 85vw, (max-width: 909px) 67vw, (max-width: 1362px) 62vw, 840px\" \/><\/figure><div class=\"wp-block-media-text__content\">\n<p style=\"font-size:23px\"><strong>More pre-planned &#8220;cozy&#8221; e-bike tours<\/strong><\/p>\n\n\n\n<p class=\"has-medium-font-size\">We are also happy to have pre-planned routes in a beautiful landscape with many places to stop for refreshments, which can be explored carefree using an app or <strong>free navigation<\/strong> device!<\/p>\n<\/div><\/div>\n\n<hr class=\"wp-block-separator is-style-default\"\/>\n\n<p class=\"has-large-font-size\"><strong>REFRESHMENT &#8211; POSSIBILITIES<\/strong><\/p>\n\n<div class=\"wp-block-media-text alignwide is-stacked-on-mobile is-image-fill\" style=\"grid-template-columns:47% auto\"><figure class=\"wp-block-media-text__media\" style=\"background-image:url(https:\/\/crosstours.at\/wp-content\/uploads\/2019\/02\/Muehlviertler-Jausenplatte-640x480.jpg);background-position:50% 50%\"><img loading=\"lazy\" decoding=\"async\" width=\"640\" height=\"480\" src=\"https:\/\/crosstours.at\/wp-content\/uploads\/2019\/02\/Muehlviertler-Jausenplatte-640x480.jpg\" alt=\"\" class=\"wp-image-8033 size-full\" srcset=\"https:\/\/crosstours.at\/wp-content\/uploads\/2019\/02\/Muehlviertler-Jausenplatte-640x480.jpg 640w, https:\/\/crosstours.at\/wp-content\/uploads\/2019\/02\/Muehlviertler-Jausenplatte-640x480-180x135.jpg 180w, https:\/\/crosstours.at\/wp-content\/uploads\/2019\/02\/Muehlviertler-Jausenplatte-640x480-600x450.jpg 600w, https:\/\/crosstours.at\/wp-content\/uploads\/2019\/02\/Muehlviertler-Jausenplatte-640x480-300x225.jpg 300w, https:\/\/crosstours.at\/wp-content\/uploads\/2019\/02\/Muehlviertler-Jausenplatte-640x480-30x23.jpg 30w\" sizes=\"auto, (max-width: 640px) 85vw, 640px\" \/><\/figure><div class=\"wp-block-media-text__content\">\n<p style=\"font-size:23px\"><strong>&#8230; there are so many great opportunities only here!<\/strong><\/p>\n\n\n\n<p class=\"has-medium-font-size\">&#8230; alone 6 <strong>snack stations<\/strong> , 5 <strong>inns<\/strong> and a great <strong>caf\u00e9<\/strong> in the immediate vicinity invite you to try it out. <br\/>&#8230; that&#8217;s also why we like to come back :o)<\/p>\n<\/div><\/div>\n\n<p><\/p>\n\n<div class=\"wp-block-buttons is-layout-flex wp-block-buttons-is-layout-flex\">\n<div class=\"wp-block-button\"><a class=\"wp-block-button__link\" href=\"https:\/\/api.whatsapp.com\/send?text=https:\/\/crosstours.at\/\" target=\"_blank\" rel=\"noreferrer noopener\">Share the page via What&#8217;sApp<\/a><\/div>\n\n\n\n<div class=\"wp-block-button is-style-fill\"><a class=\"wp-block-button__link\" href=\"https:\/\/www.crosstours.at\/buchung\/ebikes\/\">Book an e-bike or check availability<\/a><\/div>\n<\/div>\n\n<div class=\"wp-block-buttons is-layout-flex wp-block-buttons-is-layout-flex\">\n<div class=\"wp-block-button\"><a class=\"wp-block-button__link\" href=\"https:\/\/www.crosstours.at\/shop\/\">Order coupon<\/a><\/div>\n<\/div>\n","protected":false},"excerpt":{"rendered":"<p>SEGWAY TOURS ALTENBERG-PELMBERG A great round about the beautiful Altenberg to Pelmberg and back. MIRELLENTAL The round leads over Altenberg &#8211; Kreuzweg via Kulm to Niederkulm in Engerwitzdorf. A beautiful route with a challenge. Segway with whiskey enjoyment ONEWAY from Altenberg or bookable as a round on site; optionally with guided tour &amp; tasting as &hellip; <a href=\"https:\/\/crosstours.at\/en\/tours-courses\/\" class=\"more-link\">Continue reading<span class=\"screen-reader-text\"> &#8220;TOURS &amp; COURSES&#8221;<\/span><\/a><\/p>\n","protected":false},"author":2,"featured_media":0,"parent":0,"menu_order":0,"comment_status":"closed","ping_status":"closed","template":"","meta":{"_acf_changed":false,"footnotes":""},"class_list":["post-9941","page","type-page","status-publish","hentry"],"acf":[],"_links":{"self":[{"href":"https:\/\/crosstours.at\/en\/wp-json\/wp\/v2\/pages\/9941","targetHints":{"allow":["GET"]}}],"collection":[{"href":"https:\/\/crosstours.at\/en\/wp-json\/wp\/v2\/pages"}],"about":[{"href":"https:\/\/crosstours.at\/en\/wp-json\/wp\/v2\/types\/page"}],"author":[{"embeddable":true,"href":"https:\/\/crosstours.at\/en\/wp-json\/wp\/v2\/users\/2"}],"replies":[{"embeddable":true,"href":"https:\/\/crosstours.at\/en\/wp-json\/wp\/v2\/comments?post=9941"}],"version-history":[{"count":0,"href":"https:\/\/crosstours.at\/en\/wp-json\/wp\/v2\/pages\/9941\/revisions"}],"wp:attachment":[{"href":"https:\/\/crosstours.at\/en\/wp-json\/wp\/v2\/media?parent=9941"}],"curies":[{"name":"wp","href":"https:\/\/api.w.org\/{rel}","templated":true}]}}