{"id":8357,"date":"2017-02-27T10:52:58","date_gmt":"2017-02-27T10:52:58","guid":{"rendered":"https:\/\/www.crosstours.at\/services\/"},"modified":"2024-02-04T08:14:54","modified_gmt":"2024-02-04T07:14:54","slug":"services","status":"publish","type":"page","link":"https:\/\/crosstours.at\/en\/services\/","title":{"rendered":"Performance overview"},"content":{"rendered":"<h2>Performance overview<\/h2>\n<div class=\"su-row\"><div class=\"su-column su-column-size-1-2\"><div class=\"su-column-inner su-u-clearfix su-u-trim\">\n<h3><span style=\"color: #000000;\"><a style=\"color: #000000;\" href=\"https:\/\/www.crosstours.at\/buchung\/\">RENTAL<\/a><\/span><\/h3>\n<ul>\n<li>\n<h4>Short-term rental<\/h4>\n<\/li>\n<li>\n<h4>Long term rental<\/h4>\n<\/li>\n<li>\n<h4>Hotel service \/ guest service<\/h4>\n<\/li>\n<li>\n<h4>Rental to tour suppliers<\/h4>\n<\/li>\n<li>\n<h4>Delivery service\/transport<\/h4>\n<\/li>\n<\/ul>\n<\/div><\/div> <div class=\"su-column su-column-size-1-2\"><div class=\"su-column-inner su-u-clearfix su-u-trim\">\n<p><img loading=\"lazy\" decoding=\"async\" class=\"aligncenter wp-image-2562\" src=\"https:\/\/crosstours.at\/wp-content\/uploads\/2018\/08\/Fuhrpark-1024x630.jpg\" alt=\"Fleet_E-Bikes_SEGWAY_Rack_Rack_Rental_CROSSTOURS 549x339\" width=\"549\" height=\"338\" srcset=\"https:\/\/crosstours.at\/wp-content\/uploads\/2018\/08\/Fuhrpark-1024x630.jpg 1024w, https:\/\/crosstours.at\/wp-content\/uploads\/2018\/08\/Fuhrpark-180x111.jpg 180w, https:\/\/crosstours.at\/wp-content\/uploads\/2018\/08\/Fuhrpark-600x369.jpg 600w, https:\/\/crosstours.at\/wp-content\/uploads\/2018\/08\/Fuhrpark-300x185.jpg 300w, https:\/\/crosstours.at\/wp-content\/uploads\/2018\/08\/Fuhrpark-768x473.jpg 768w, https:\/\/crosstours.at\/wp-content\/uploads\/2018\/08\/Fuhrpark-30x18.jpg 30w, https:\/\/crosstours.at\/wp-content\/uploads\/2018\/08\/Fuhrpark-1200x738.jpg 1200w, https:\/\/crosstours.at\/wp-content\/uploads\/2018\/08\/Fuhrpark.jpg 1300w\" sizes=\"auto, (max-width: 549px) 85vw, 549px\" \/><\/p>\n<\/div><\/div><\/div>\n<div class=\"su-row\"><div class=\"su-column su-column-size-1-2\"><div class=\"su-column-inner su-u-clearfix su-u-trim\">\n<\/div><\/div> <div class=\"su-column su-column-size-1-2\"><div class=\"su-column-inner su-u-clearfix su-u-trim\">\n<div class=\"su-row leistungen_section verleih_section\">\n<div class=\"su-column su-column-size-5-6\">\n<div class=\"su-column-inner su-clearfix\">\n<p style=\"text-align: center;\">For more information about our high-quality equipment, please visit <a href=\"https:\/\/www.crosstours.at\/fuhrpark\/\">FUHRPARK<\/a><\/p>\n<\/div>\n<\/div>\n<\/div>\n<\/div><\/div><\/div>\n<hr>\n<div class=\"su-row\"><div class=\"su-column su-column-size-1-2\"><div class=\"su-column-inner su-u-clearfix su-u-trim\">\n<h3><span style=\"color: #000000;\"><a style=\"color: #000000;\" href=\"https:\/\/www.crosstours.at\/buchung\/\">TOURS (from 4 &#8211; 25+ participants)<\/a><\/span><\/h3>\n<ul>\n<li>\n<h4>SEGWAY PT tours with guide<\/h4>\n<\/li>\n<li>\n<h4>E-mountain bike tours with guide<\/h4>\n<\/li>\n<li>\n<h4>MIXED tours (SEGWAY PT with E-MTB)<\/h4>\n<\/li>\n<li>\n<h4>Individual tours according to your wishes<\/h4>\n<\/li>\n<li>\n<h4>COMBI tours WITH archery, <a href=\"https:\/\/www.ralfundwalter.at\/wp\/hochseilgarten\" target=\"_blank\" rel=\"noopener\">high ropes course<\/a>, <a href=\"https:\/\/www.freistaedter-bier.at\/bierakademie\/\" target=\"_blank\" rel=\"noopener\">BEER ACADEMY<\/a> or <a href=\"https:\/\/peter-affenzeller.at\/\" target=\"_blank\" rel=\"noopener\">whisky experience<\/a><\/h4>\n<\/li>\n<li>\n<h4>Delivery service\/transport<\/h4>\n<\/li>\n<\/ul>\n<h4>Private, club or company outings, MEETINGS &amp; INCENTIVES \/ Teambuilding<\/h4>\n<p>Overview of <a href=\"https:\/\/www.crosstours.at\/crosstours\/dokumente\/%C3%96ffnungszeiten-Einkehrm%C3%B6glichkeiten-Altenberg%20bei%20Linz-CROSSTOURS%20AT%20-%20Segway%20&amp;%20E-MTB%20Touren%20&amp;%20Verleih.pdf\" target=\"_blank\" rel=\"noopener noreferrer\">refreshment stops<\/a> on our &#8220;home routes<\/p>\n<\/div><\/div> <div class=\"su-column su-column-size-1-2\"><div class=\"su-column-inner su-u-clearfix su-u-trim\">\n<p><a href=\"https:\/\/crosstours.at\/wp-content\/uploads\/2017\/07\/crosstours_alternberg.jpg\" target=\"_blank\" rel=\"noopener noreferrer\" data-lbwps-width=\"1900\" data-lbwps-height=\"1069\" data-lbwps-srcsmall=\"https:\/\/crosstours.at\/wp-content\/uploads\/2017\/07\/crosstours_alternberg-300x169.jpg\"><img loading=\"lazy\" decoding=\"async\" class=\"aligncenter wp-image-1248\" src=\"https:\/\/crosstours.at\/wp-content\/uploads\/2017\/07\/crosstours_alternberg-1024x576.jpg\" alt=\"SEGWAY terrain - CROSSTOUR in the beautiful M\u00fchlviertel on the balcony of Linz\" width=\"610\" height=\"343\" srcset=\"https:\/\/crosstours.at\/wp-content\/uploads\/2017\/07\/crosstours_alternberg-1024x576.jpg 1024w, https:\/\/crosstours.at\/wp-content\/uploads\/2017\/07\/crosstours_alternberg-300x169.jpg 300w, https:\/\/crosstours.at\/wp-content\/uploads\/2017\/07\/crosstours_alternberg-768x432.jpg 768w, https:\/\/crosstours.at\/wp-content\/uploads\/2017\/07\/crosstours_alternberg-30x17.jpg 30w, https:\/\/crosstours.at\/wp-content\/uploads\/2017\/07\/crosstours_alternberg-180x101.jpg 180w, https:\/\/crosstours.at\/wp-content\/uploads\/2017\/07\/crosstours_alternberg-600x338.jpg 600w, https:\/\/crosstours.at\/wp-content\/uploads\/2017\/07\/crosstours_alternberg-1200x675.jpg 1200w, https:\/\/crosstours.at\/wp-content\/uploads\/2017\/07\/crosstours_alternberg.jpg 1900w\" sizes=\"auto, (max-width: 610px) 85vw, 610px\" \/><\/a><\/p>\n<\/div><\/div> <\/div>\n<hr>\n<div class=\"su-row\"><div class=\"su-column su-column-size-1-2\"><div class=\"su-column-inner su-u-clearfix su-u-trim\">\n<h3><span style=\"color: #000000;\"><a style=\"color: #000000;\" href=\"https:\/\/www.crosstours.at\/buchung\/\">EVENTS<\/a><\/span><\/h3>\n<h4>SEGWAY COURSES \/ TOURS \/ GUIDED TOURS<\/h4>\n<ul>\n<li>\n<h4>Corporate Events<\/h4>\n<h4><\/h4>\n<\/li>\n<li>\n<h4>Trade fairs<\/h4>\n<h4><\/h4>\n<\/li>\n<li>\n<h4>Openings<\/h4>\n<h4><\/h4>\n<\/li>\n<li>\n<h4>Community events<\/h4>\n<h4><\/h4>\n<\/li>\n<li>\n<h4>Association events<\/h4>\n<h4><\/h4>\n<\/li>\n<li>\n<h4>Cycling tours<\/h4>\n<\/li>\n<li>\n<h4>etc.<\/h4>\n<\/li>\n<\/ul>\n<\/div><\/div> <div class=\"su-column su-column-size-1-2\"><div class=\"su-column-inner su-u-clearfix su-u-trim\">\n<p><iframe loading=\"lazy\" src=\"https:\/\/www.youtube.com\/embed\/EvKVteyCUe4\" width=\"560\" height=\"315\" frameborder=\"0\" allowfullscreen=\"allowfullscreen\"><\/iframe><\/p>\n<\/div><\/div> <\/div>\n<hr>\n<div class=\"su-row\"><div class=\"su-column su-column-size-1-2\"><div class=\"su-column-inner su-u-clearfix su-u-trim\">\n<h3><span style=\"color: #000000;\"><a style=\"color: #000000;\" href=\"https:\/\/www.crosstours.at\/shop\/\">SALE<\/a><\/span><\/h3>\n<ul>\n<li>\n<h4>SEGWAY PT x2 &amp; i2 Gen2 &amp; SE<\/h4>\n<\/li>\n<li>\n<h4>SEGWAY PT VEHICLE MODIFICATIONS<\/h4>\n<\/li>\n<li>\n<h4>SEAT SEGWAY SET UP AS WHEELCHAIR<\/h4>\n<\/li>\n<li>\n<h4>Accessories<\/h4>\n<\/li>\n<li>\n<h4>Spare parts<\/h4>\n<\/li>\n<li>\n<h4>Used vehicles<\/h4>\n<\/li>\n<\/ul>\n<p><img loading=\"lazy\" decoding=\"async\" class=\"alignnone\" src=\"\/wp-content\/uploads\/2017\/02\/leistungen_verkauf_1.png\" alt=\"SEGWAY NINEBOT SALE REPAIRS &amp; SERVICE &amp; RENTAL\" width=\"170\" height=\"170\"><\/p>\n<\/div><\/div> <div class=\"su-column su-column-size-1-2\"><div class=\"su-column-inner su-u-clearfix su-u-trim\">\n<div class=\"wpmf-gallerys wpmf-gallerys-life \" ><div id=\"gallery-1\" class=\"gallery gallery_life wpmf_gallery_default gallery_default  gallery-columns-3 gallery-size-thumbnail gallery-link-file wpmf-has-border-radius-0 wpmf-gutterwidth-5 no_ratio\"><figure class=\"wpmf-gallery-item\" data-index=\"0\"><div class=\"wpmf-gallery-icon\"><div class=\"square_thumbnail\"><div class=\"img_centered\"><a class=\" not_video noLightbox\" data-lightbox=\"1\" data-href=\"https:\/\/crosstours.at\/wp-content\/uploads\/2017\/04\/segway_i2_005-676x1024.jpg\" title=\"segway_i2_005\" target=\"_self\" data-index=\"0\"><img decoding=\"async\" class=\"wpmf_img\" alt=\"segway_i2_005\" src=\"https:\/\/crosstours.at\/wp-content\/uploads\/2017\/04\/segway_i2_005-150x150.jpg\" data-type=\"wpmfgalleryimg\" data-lazy-src=\"https:\/\/crosstours.at\/wp-content\/uploads\/2017\/04\/segway_i2_005-150x150.jpg\"><\/a><\/div><\/div><\/div><figcaption class=\"wp-caption-text gallery-caption\">Effizienter durch Wegersparnis<\/figcaption><\/figure><figure class=\"wpmf-gallery-item\" data-index=\"1\"><div class=\"wpmf-gallery-icon\"><div class=\"square_thumbnail\"><div class=\"img_centered\"><a class=\" not_video noLightbox\" data-lightbox=\"1\" data-href=\"https:\/\/crosstours.at\/wp-content\/uploads\/2018\/09\/segway_landwirtschaft_crosstours_at-1024x547.jpg\" title=\"Segway Landwirtschaft Crosstours At\" target=\"_self\" data-index=\"1\"><img decoding=\"async\" class=\"wpmf_img\" alt=\"Segway Landwirtschaft Crosstours At\" src=\"https:\/\/crosstours.at\/wp-content\/uploads\/2018\/09\/segway_landwirtschaft_crosstours_at-150x150.jpg\" data-type=\"wpmfgalleryimg\" data-lazy-src=\"https:\/\/crosstours.at\/wp-content\/uploads\/2018\/09\/segway_landwirtschaft_crosstours_at-150x150.jpg\"><\/a><\/div><\/div><\/div><figcaption class=\"wp-caption-text gallery-caption\">Stark genug f\u00fcr den Einsatz in der Landwirtschaft<\/figcaption><\/figure><figure class=\"wpmf-gallery-item\" data-index=\"2\"><div class=\"wpmf-gallery-icon\"><div class=\"square_thumbnail\"><div class=\"img_centered\"><a class=\" not_video noLightbox\" data-lightbox=\"1\" data-href=\"https:\/\/crosstours.at\/wp-content\/uploads\/2018\/02\/ninebot_kickscooter_es2_005-1024x663.jpg\" title=\"Ninebot Kickscooter Es2 005\" target=\"_self\" data-index=\"2\"><img decoding=\"async\" class=\"wpmf_img\" alt=\"Ninebot Kickscooter Es2 005\" src=\"https:\/\/crosstours.at\/wp-content\/uploads\/2018\/02\/ninebot_kickscooter_es2_005-150x150.jpg\" data-type=\"wpmfgalleryimg\" data-lazy-src=\"https:\/\/crosstours.at\/wp-content\/uploads\/2018\/02\/ninebot_kickscooter_es2_005-150x150.jpg\"><\/a><\/div><\/div><\/div><figcaption class=\"wp-caption-text gallery-caption\">Hochwertiger ES2 beliebt bei Security in EKZ<\/figcaption><\/figure><figure class=\"wpmf-gallery-item\" data-index=\"3\"><div class=\"wpmf-gallery-icon\"><div class=\"square_thumbnail\"><div class=\"img_centered\"><a class=\" not_video noLightbox\" data-lightbox=\"1\" data-href=\"https:\/\/crosstours.at\/wp-content\/uploads\/2017\/02\/segway_rotes-kreuz_2-705x1024.jpg\" title=\"Segway Rotes Kreuz 2\" target=\"_self\" data-index=\"3\"><img decoding=\"async\" class=\"wpmf_img\" alt=\"Segway Rotes Kreuz 2\" src=\"https:\/\/crosstours.at\/wp-content\/uploads\/2017\/02\/segway_rotes-kreuz_2-150x150.jpg\" data-type=\"wpmfgalleryimg\" data-lazy-src=\"https:\/\/crosstours.at\/wp-content\/uploads\/2017\/02\/segway_rotes-kreuz_2-150x150.jpg\"><\/a><\/div><\/div><\/div><figcaption class=\"wp-caption-text gallery-caption\">Konfiguriert f\u00fcr den \u00f6ffentlichen Dienst<\/figcaption><\/figure><figure class=\"wpmf-gallery-item\" data-index=\"4\"><div class=\"wpmf-gallery-icon\"><div class=\"square_thumbnail\"><div class=\"img_centered\"><a class=\" not_video noLightbox\" data-lightbox=\"1\" data-href=\"https:\/\/crosstours.at\/wp-content\/uploads\/2017\/02\/Golf03_600x400.jpg\" title=\"Golf03 600x400\" target=\"_self\" data-index=\"4\"><img decoding=\"async\" class=\"wpmf_img\" alt=\"Golf03 600x400\" src=\"https:\/\/crosstours.at\/wp-content\/uploads\/2017\/02\/Golf03_600x400-150x150.jpg\" data-type=\"wpmfgalleryimg\" data-lazy-src=\"https:\/\/crosstours.at\/wp-content\/uploads\/2017\/02\/Golf03_600x400-150x150.jpg\"><\/a><\/div><\/div><\/div><figcaption class=\"wp-caption-text gallery-caption\">Einsatz am Golfplatz<\/figcaption><\/figure><figure class=\"wpmf-gallery-item\" data-index=\"5\"><div class=\"wpmf-gallery-icon\"><div class=\"square_thumbnail\"><div class=\"img_centered\"><a class=\" not_video noLightbox\" data-lightbox=\"1\" data-href=\"https:\/\/crosstours.at\/wp-content\/uploads\/2017\/04\/segway_x2_005-833x1024.jpg\" title=\"segway_x2_005\" target=\"_self\" data-index=\"5\"><img decoding=\"async\" class=\"wpmf_img\" alt=\"SEGWAY PT x2 configured with chutes for storage &amp; logistics\" src=\"https:\/\/crosstours.at\/wp-content\/uploads\/2017\/04\/segway_x2_005-150x150.jpg\" data-type=\"wpmfgalleryimg\" data-lazy-src=\"https:\/\/crosstours.at\/wp-content\/uploads\/2017\/04\/segway_x2_005-150x150.jpg\"><\/a><\/div><\/div><\/div><figcaption class=\"wp-caption-text gallery-caption\">Warehouse &amp; logistics<\/figcaption><\/figure><\/div><\/div>\n<\/div><\/div> <\/div>\n<hr>\n<div class=\"su-row\"><div class=\"su-column su-column-size-1-2\"><div class=\"su-column-inner su-u-clearfix su-u-trim\">\n<h4><\/h4>\n<h3><\/h3>\n<h3><span style=\"color: #000000;\"><a style=\"color: #000000;\" href=\"https:\/\/www.crosstours.at\/kontakt_service-reparatur_segway_ninebot_niu\/\" target=\"_blank\" rel=\"noopener\">SERVICE \/ REPAIR ( SEGWAY<\/a> \/ <a style=\"color: #000000;\" href=\"https:\/\/www.crosstours.at\/shop\/addseat-sitz-segway-i2\/\">ADDSEAT<\/a> <a style=\"color: #000000;\" href=\"https:\/\/www.crosstours.at\/shop\/service-wartung-reparatur-fuer-genny-auf-segway-pt-oesterreich\/\" target=\"_blank\" rel=\"noopener\">\/ GENNY<\/a> \/ BIGO )<\/span><\/h3>\n<ul>\n<li>\n<h4>Fleet Service<\/h4>\n<\/li>\n<li>\n<h4>Winter service<\/h4>\n<\/li>\n<li>\n<h4>Wear parts service \/ gearbox service \/ oil change<\/h4>\n<\/li>\n<li>\n<h4>Gearbox reinforcement (gearbox revision)<\/h4>\n<\/li>\n<li>\n<h4>Repairs \/ Warranty repairs<\/h4>\n<\/li>\n<li>\n<h4>Battery diagnosis (performance test)<\/h4>\n<\/li>\n<li>\n<h4>Battery reanimation<\/h4>\n<\/li>\n<\/ul>\n<\/div><\/div> <div class=\"su-column su-column-size-1-2\"><div class=\"su-column-inner su-u-clearfix su-u-trim\">\n<div class=\"wpmf-gallerys wpmf-gallerys-life \" ><div id=\"gallery-2\" class=\"gallery gallery_life wpmf_gallery_default gallery_default  gallery-columns-3 gallery-size-thumbnail gallery-link-file wpmf-has-border-radius-0 wpmf-gutterwidth-5 no_ratio\"><figure class=\"wpmf-gallery-item\" data-index=\"0\"><div class=\"wpmf-gallery-icon\"><div class=\"square_thumbnail\"><div class=\"img_centered\"><a class=\" not_video noLightbox\" data-lightbox=\"1\" data-href=\"https:\/\/crosstours.at\/wp-content\/uploads\/2017\/11\/segway_getriebe_reparatur_service_crosstours.at_copyright_02-1024x576.jpg\" title=\"Segway Getriebe Reparatur Service Crosstours.at Copyright 02\" target=\"_self\" data-index=\"0\"><img decoding=\"async\" class=\"wpmf_img\" alt=\"Segway Getriebe Reparatur Service Crosstours.at Copyright 02\" src=\"https:\/\/crosstours.at\/wp-content\/uploads\/2017\/11\/segway_getriebe_reparatur_service_crosstours.at_copyright_02-150x150.jpg\" data-type=\"wpmfgalleryimg\" data-lazy-src=\"https:\/\/crosstours.at\/wp-content\/uploads\/2017\/11\/segway_getriebe_reparatur_service_crosstours.at_copyright_02-150x150.jpg\"><\/a><\/div><\/div><\/div><figcaption class=\"wp-caption-text gallery-caption\">Hochwertige Getriebe\u00fcberholung f\u00fcr eine lange Lebensdauer<\/figcaption><\/figure><figure class=\"wpmf-gallery-item\" data-index=\"1\"><div class=\"wpmf-gallery-icon\"><div class=\"square_thumbnail\"><div class=\"img_centered\"><a class=\" not_video noLightbox\" data-lightbox=\"1\" data-href=\"https:\/\/crosstours.at\/wp-content\/uploads\/2017\/11\/segway_getriebe_reparatur_service_crosstours.at_copyright_01-1024x665.jpg\" title=\"Segway Getriebe Reparatur Service Crosstours.at Copyright 01\" target=\"_self\" data-index=\"1\"><img decoding=\"async\" class=\"wpmf_img\" alt=\"Segway Getriebe Reparatur Service Crosstours.at Copyright 01\" src=\"https:\/\/crosstours.at\/wp-content\/uploads\/2017\/11\/segway_getriebe_reparatur_service_crosstours.at_copyright_01-150x150.jpg\" data-type=\"wpmfgalleryimg\" data-lazy-src=\"https:\/\/crosstours.at\/wp-content\/uploads\/2017\/11\/segway_getriebe_reparatur_service_crosstours.at_copyright_01-150x150.jpg\"><\/a><\/div><\/div><\/div><figcaption class=\"wp-caption-text gallery-caption\">Rechtzeitige, professionelle Wartung spart Kosten und \u00c4rger<\/figcaption><\/figure><figure class=\"wpmf-gallery-item\" data-index=\"2\"><div class=\"wpmf-gallery-icon\"><div class=\"square_thumbnail\"><div class=\"img_centered\"><a class=\" not_video noLightbox\" data-lightbox=\"1\" data-href=\"https:\/\/crosstours.at\/wp-content\/uploads\/2017\/11\/segway_i2_x2_getriebe_neu_oder_general\u00fcberholt_crosstours_at-1024x1024.jpg\" title=\"Segway I2 X2 Getriebe Neu Oder General\u00fcberholt Crosstours At\" target=\"_self\" data-index=\"2\"><img decoding=\"async\" class=\"wpmf_img\" alt=\"Segway I2 X2 Getriebe Neu Oder General\u00fcberholt Crosstours At\" src=\"https:\/\/crosstours.at\/wp-content\/uploads\/2017\/11\/segway_i2_x2_getriebe_neu_oder_general\u00fcberholt_crosstours_at-150x150.jpg\" data-type=\"wpmfgalleryimg\" data-lazy-src=\"https:\/\/crosstours.at\/wp-content\/uploads\/2017\/11\/segway_i2_x2_getriebe_neu_oder_general\u00fcberholt_crosstours_at-150x150.jpg\"><\/a><\/div><\/div><\/div><figcaption class=\"wp-caption-text gallery-caption\">Neue Getriebe &#038; verst\u00e4rkte Austauschgetriebe<\/figcaption><\/figure><figure class=\"wpmf-gallery-item\" data-index=\"3\"><div class=\"wpmf-gallery-icon\"><div class=\"square_thumbnail\"><div class=\"img_centered\"><a class=\" not_video noLightbox\" data-lightbox=\"1\" data-href=\"https:\/\/crosstours.at\/wp-content\/uploads\/2017\/02\/Akku-Leistungstest-97-1.jpg\" title=\"Akku Leistungstest 97\" target=\"_self\" data-index=\"3\"><img decoding=\"async\" class=\"wpmf_img\" alt=\"Akku Leistungstest 97\" src=\"https:\/\/crosstours.at\/wp-content\/uploads\/2017\/02\/Akku-Leistungstest-97-1.jpg\" data-type=\"wpmfgalleryimg\" data-lazy-src=\"https:\/\/crosstours.at\/wp-content\/uploads\/2017\/02\/Akku-Leistungstest-97-1.jpg\"><\/a><\/div><\/div><\/div><figcaption class=\"wp-caption-text gallery-caption\">Regelm\u00e4\u00dfige Akkupflege erh\u00f6ht die Lebensdauer<\/figcaption><\/figure><figure class=\"wpmf-gallery-item\" data-index=\"4\"><div class=\"wpmf-gallery-icon\"><div class=\"square_thumbnail\"><div class=\"img_centered\"><a class=\" not_video noLightbox\" data-lightbox=\"1\" data-href=\"https:\/\/crosstours.at\/wp-content\/uploads\/2017\/02\/crosstours_reparatur_base_rsz-649x1024.jpg\" title=\"Crosstours Reparatur Base Rsz\" target=\"_self\" data-index=\"4\"><img decoding=\"async\" class=\"wpmf_img\" alt=\"Crosstours Reparatur Base Rsz\" src=\"https:\/\/crosstours.at\/wp-content\/uploads\/2017\/02\/crosstours_reparatur_base_rsz-150x150.jpg\" data-type=\"wpmfgalleryimg\" data-lazy-src=\"https:\/\/crosstours.at\/wp-content\/uploads\/2017\/02\/crosstours_reparatur_base_rsz-150x150.jpg\"><\/a><\/div><\/div><\/div><figcaption class=\"wp-caption-text gallery-caption\">Reparaturen &#038; Garantiereparaturen durch zertifizierte Techniker im Haus<\/figcaption><\/figure><figure class=\"wpmf-gallery-item\" data-index=\"5\"><div class=\"wpmf-gallery-icon\"><div class=\"square_thumbnail\"><div class=\"img_centered\"><a class=\" not_video noLightbox\" data-lightbox=\"1\" data-href=\"https:\/\/crosstours.at\/wp-content\/uploads\/2018\/09\/segway_akku_reparatur_neu_gebraucht_test_reanimieren_reanimation_crosstours_linz-1024x576.jpg\" title=\"Segway Akku Reparatur Neu Gebraucht Test Reanimieren Reanimation Crosstours Linz\" target=\"_self\" data-index=\"5\"><img decoding=\"async\" class=\"wpmf_img\" alt=\"Segway Akku Reparatur Neu Gebraucht Test Reanimieren Reanimation Crosstours Linz\" src=\"https:\/\/crosstours.at\/wp-content\/uploads\/2018\/09\/segway_akku_reparatur_neu_gebraucht_test_reanimieren_reanimation_crosstours_linz-150x150.jpg\" data-type=\"wpmfgalleryimg\" data-lazy-src=\"https:\/\/crosstours.at\/wp-content\/uploads\/2018\/09\/segway_akku_reparatur_neu_gebraucht_test_reanimieren_reanimation_crosstours_linz-150x150.jpg\"><\/a><\/div><\/div><\/div><figcaption class=\"wp-caption-text gallery-caption\">Akku-Reparatur, Zellentausch &#038; gepflegte gebrauchte Akkus aus dem Tourenbetrieb<\/figcaption><\/figure><\/div><\/div>\n<\/div><\/div> <\/div>\n","protected":false},"excerpt":{"rendered":"<p>Performance overview<\/p>\n","protected":false},"author":2,"featured_media":0,"parent":0,"menu_order":0,"comment_status":"closed","ping_status":"closed","template":"","meta":{"_acf_changed":false,"footnotes":""},"class_list":["post-8357","page","type-page","status-publish","hentry"],"acf":[],"_links":{"self":[{"href":"https:\/\/crosstours.at\/en\/wp-json\/wp\/v2\/pages\/8357","targetHints":{"allow":["GET"]}}],"collection":[{"href":"https:\/\/crosstours.at\/en\/wp-json\/wp\/v2\/pages"}],"about":[{"href":"https:\/\/crosstours.at\/en\/wp-json\/wp\/v2\/types\/page"}],"author":[{"embeddable":true,"href":"https:\/\/crosstours.at\/en\/wp-json\/wp\/v2\/users\/2"}],"replies":[{"embeddable":true,"href":"https:\/\/crosstours.at\/en\/wp-json\/wp\/v2\/comments?post=8357"}],"version-history":[{"count":1,"href":"https:\/\/crosstours.at\/en\/wp-json\/wp\/v2\/pages\/8357\/revisions"}],"predecessor-version":[{"id":14998,"href":"https:\/\/crosstours.at\/en\/wp-json\/wp\/v2\/pages\/8357\/revisions\/14998"}],"wp:attachment":[{"href":"https:\/\/crosstours.at\/en\/wp-json\/wp\/v2\/media?parent=8357"}],"curies":[{"name":"wp","href":"https:\/\/api.w.org\/{rel}","templated":true}]}}