{"id":3391,"date":"2019-12-09T21:48:41","date_gmt":"2019-12-09T20:48:41","guid":{"rendered":"https:\/\/www.crosstours.at\/?page_id=3391"},"modified":"2023-04-28T10:41:55","modified_gmt":"2023-04-28T08:41:55","slug":"transportmoeglichkeiten-bei-unseren-oneway-segway-touren","status":"publish","type":"page","link":"https:\/\/crosstours.at\/en\/transportmoeglichkeiten-bei-unseren-oneway-segway-touren\/","title":{"rendered":"Transportm\u00f6glichkeiten nicht nur f\u00fcr unsere ONEWAY SEGWAY Touren"},"content":{"rendered":"<p>Sehr oft m\u00f6chten Gruppen die eine Tour buchen, diese dann bei der Einkehrstation wie z.B. einer Jausenstation oder Gastst\u00e4tte, ausklingen lassen oder planen nach der Tour noch ein weiteres Highlight wie z.B. eine F\u00fchrung und Verkostung bei der Whiksy Destillerie, Klettern im Hochseilgarten oder Bogenschie\u00dfen am Breitenstein.<\/p>\n<p>&nbsp;<\/p>\n<h4><strong>Solltet ihr nicht schon alles geplant haben, so gibt es hier einige M\u00f6glichkeiten die wir hier anklingen lassen m\u00f6chten:<\/strong><\/h4>\n<p>&nbsp;<\/p>\n<table>\n<tbody>\n<tr>\n<td>\n<p style=\"padding-left: 30px;\">\u21d2 F\u00fcr den R\u00fccktransport der Ger\u00e4te sorgen wir, und auf Anfrage wird es auch m\u00f6glich sein, dass die eine oder andere Person <strong>mit uns zum Ausgangspunkt<\/strong> bzw. zu seinem Auto oder Bus gelangt.<\/p>\n<p>&nbsp;<\/td>\n<\/tr>\n<tr>\n<td>\n<p style=\"padding-left: 30px;\">\u21d2 Auch eine M\u00f6glichkeit ist, ein paar Autos bereits <strong>vor der Tour am Zielort zu parken<\/strong>, mit denen ihr dann wieder nach eurem Ausflug zum Ausgangspunkt zur\u00fcck kommt.<\/p>\n<p>&nbsp;<\/td>\n<\/tr>\n<tr>\n<td>\n<p style=\"padding-left: 30px;\">\u21d2 In der N\u00e4he gibt es unter anderen <strong>sehr zuverl\u00e4ssige und kosteng\u00fcnstige Transportunternehmen<\/strong>, die wir f\u00fcr euch oder ihr selbst anfragen bzw. buchen k\u00f6nnt:<\/p>\n<p style=\"padding-left: 30px;\">&#8211; Neubauer Reisen GmbH<\/p>\n<p><a href=\"https:\/\/www.neubauer.at\/\" target=\"_blank\" rel=\"noopener\"><img loading=\"lazy\" decoding=\"async\" class=\"alignnone size-medium wp-image-11851\" src=\"https:\/\/crosstours.at\/wp-content\/uploads\/2023\/04\/NEU-GMBH-11.10.22-300x106.jpg\" alt=\"Logo Neubauer Reisen SEGWAY TOUR Altenberg bei Linz\" width=\"300\" height=\"106\" srcset=\"https:\/\/crosstours.at\/wp-content\/uploads\/2023\/04\/NEU-GMBH-11.10.22-300x106.jpg 300w, https:\/\/crosstours.at\/wp-content\/uploads\/2023\/04\/NEU-GMBH-11.10.22-1024x363.jpg 1024w, https:\/\/crosstours.at\/wp-content\/uploads\/2023\/04\/NEU-GMBH-11.10.22-768x272.jpg 768w, https:\/\/crosstours.at\/wp-content\/uploads\/2023\/04\/NEU-GMBH-11.10.22-1200x425.jpg 1200w, https:\/\/crosstours.at\/wp-content\/uploads\/2023\/04\/NEU-GMBH-11.10.22-180x64.jpg 180w, https:\/\/crosstours.at\/wp-content\/uploads\/2023\/04\/NEU-GMBH-11.10.22-600x212.jpg 600w, https:\/\/crosstours.at\/wp-content\/uploads\/2023\/04\/NEU-GMBH-11.10.22.jpg 1449w\" sizes=\"auto, (max-width: 300px) 85vw, 300px\" \/><\/a><\/p>\n<p style=\"padding-left: 30px;\"><a href=\"https:\/\/www.neubauer.at\/\" target=\"_blank\" rel=\"noopener\">https:\/\/www.neubauer.at\/<\/a><\/p>\n<p style=\"padding-left: 30px;\">Tel. 07230 7221<\/p>\n<p style=\"padding-left: 30px;\">&#8211; Event Taxi Lengauer<\/p>\n<p style=\"padding-left: 30px;\"><a href=\"https:\/\/eventtaxi.at\/\" target=\"_blank\" rel=\"noopener\">https:\/\/eventtaxi.at\/<\/a><\/p>\n<p style=\"padding-left: 30px;\">Tel. 0650 5223845<\/p>\n<p>&nbsp;<\/td>\n<\/tr>\n<tr>\n<td>\n<p style=\"padding-left: 30px;\"><strong>\u21d2 Exklusivere Varianten bietet &#8220;Limousinen Linz&#8221; Chauffeurservice<\/strong> &#8211; Ein beeindruckender Service f\u00fcr deine Kunden oder auch f\u00fcr einen Polterausflug der Sonderklasse ;o)<\/p>\n<p style=\"padding-left: 30px;\">Neben Limousinen bietet der Service auch einen neuen <strong>Mercedes Business Van<\/strong>, der f\u00fcr bis zu 8 Personen Platz bietet. F\u00fcr unsere Kunden gibt es seitens &#8220;Limousinen Linz&#8221; f\u00fcr den Business Van tolle Fix-Preise, wie z.B. egal von wo in Linz zu CROSSTOURS AT kostet die Fahrt nur EUR 70,- inkl. MwSt.<\/p>\n<p style=\"padding-left: 30px;\">F\u00fcr den R\u00fccktransport nach der ONEWAY &#8211; SEGWAY TOUR, beispielsweise von der Whisky Destillerie Peter Affenzeller, Kirchschlag, Pelmberg oder auch Mirellenst\u00fcberl kostet die exklusive Fahrt nur EUR 80,- nach Linz.<\/p>\n<p style=\"padding-left: 30px;\">Gerne \u00fcber uns buchbar!<\/p>\n<table style=\"margin-left: 30px;\">\n<tbody style=\"padding-left: 30px;\">\n<tr style=\"padding-left: 30px;\">\n<td style=\"padding-left: 30px;\">Weitere Infos unter -&gt;<\/p>\n<p>&#8220;Limousinen Linz&#8221; Chauffeurservice<\/p>\n<p><a href=\"https:\/\/www.chauffeurservice-linz.at\" target=\"_blank\" rel=\"noopener\">https:\/\/www.chauffeurservice-linz.at<\/a><\/p>\n<p><a href=\"https:\/\/poltern.events\" target=\"_blank\" rel=\"noopener\">https:\/\/poltern.events<\/a><\/p>\n<p>Email: <a href=\"mailto:info@chauffeurservice-linz.at\">info@chauffeurservice-linz.at<\/a><\/p>\n<p>Tel. 0664 891 63 61<\/td>\n<td style=\"padding-left: 30px;\"><div class=\"wpmf-gallerys wpmf-gallerys-life \" ><div id=\"gallery-1\" class=\"gallery gallery_life wpmf_gallery_default gallery_default  gallery-columns-3 gallery-size-thumbnail gallery-link-file wpmf-has-border-radius-0 wpmf-gutterwidth-5 no_ratio\"><figure class=\"wpmf-gallery-item\" data-index=\"0\"><div class=\"wpmf-gallery-icon\"><div class=\"square_thumbnail\"><div class=\"img_centered\"><a class=\" not_video noLightbox\" data-lightbox=\"1\" data-href=\"https:\/\/crosstours.at\/wp-content\/uploads\/2019\/12\/slider-limo-1920x640-1024x341.jpg\" title=\"Limousine - bis zu 8 Personen\" target=\"_self\" data-index=\"0\"><img decoding=\"async\" class=\"wpmf_img\" alt=\"Limousine - bis zu 8 Personen\" src=\"https:\/\/crosstours.at\/wp-content\/uploads\/2019\/12\/slider-limo-1920x640-150x150.jpg\" data-type=\"wpmfgalleryimg\" data-lazy-src=\"https:\/\/crosstours.at\/wp-content\/uploads\/2019\/12\/slider-limo-1920x640-150x150.jpg\"><\/a><\/div><\/div><\/div><\/figure><figure class=\"wpmf-gallery-item\" data-index=\"1\"><div class=\"wpmf-gallery-icon\"><div class=\"square_thumbnail\"><div class=\"img_centered\"><a class=\" not_video noLightbox\" data-lightbox=\"1\" data-href=\"https:\/\/crosstours.at\/wp-content\/uploads\/2019\/12\/sliderVITO-1920x640-1024x341.jpg\" title=\"Mercedes Business VAN 4-8 Personen\" target=\"_self\" data-index=\"1\"><img decoding=\"async\" class=\"wpmf_img\" alt=\"Mercedes Business VAN 4-8 Personen\" src=\"https:\/\/crosstours.at\/wp-content\/uploads\/2019\/12\/sliderVITO-1920x640-150x150.jpg\" data-type=\"wpmfgalleryimg\" data-lazy-src=\"https:\/\/crosstours.at\/wp-content\/uploads\/2019\/12\/sliderVITO-1920x640-150x150.jpg\"><\/a><\/div><\/div><\/div><\/figure><figure class=\"wpmf-gallery-item\" data-index=\"2\"><div class=\"wpmf-gallery-icon\"><div class=\"square_thumbnail\"><div class=\"img_centered\"><a class=\" not_video noLightbox\" data-lightbox=\"1\" data-href=\"https:\/\/crosstours.at\/wp-content\/uploads\/2019\/12\/Transportm\u00f6glichkeiten-Mercedes-Business-Van-zur-Segway-Tour.jpg\" title=\"Transport mit Mercedes Business Van zur Segway Tour\" target=\"_self\" data-index=\"2\"><img decoding=\"async\" class=\"wpmf_img\" alt=\"Transport mit Mercedes Business Van zur Segway Tour\" src=\"https:\/\/crosstours.at\/wp-content\/uploads\/2019\/12\/Transportm\u00f6glichkeiten-Mercedes-Business-Van-zur-Segway-Tour-150x150.jpg\" data-type=\"wpmfgalleryimg\" data-lazy-src=\"https:\/\/crosstours.at\/wp-content\/uploads\/2019\/12\/Transportm\u00f6glichkeiten-Mercedes-Business-Van-zur-Segway-Tour-150x150.jpg\"><\/a><\/div><\/div><\/div><\/figure><\/div><\/div><\/td>\n<\/tr>\n<\/tbody>\n<\/table>\n<p>&nbsp;<\/td>\n<\/tr>\n<\/tbody>\n<\/table>\n<p>&nbsp;<\/p>\n<p>&nbsp;<\/p>\n<p>&nbsp;<\/p>\n<p>&nbsp;<\/p>\n<p>&nbsp;<\/p>\n","protected":false},"excerpt":{"rendered":"<p>Sehr oft m\u00f6chten Gruppen die eine Tour buchen, diese dann bei der Einkehrstation wie z.B. einer Jausenstation oder Gastst\u00e4tte, ausklingen lassen oder planen nach der Tour noch ein weiteres Highlight wie z.B. eine F\u00fchrung und Verkostung bei der Whiksy Destillerie, Klettern im Hochseilgarten oder Bogenschie\u00dfen am Breitenstein. &nbsp; Solltet ihr nicht schon alles geplant haben, &hellip; <a href=\"https:\/\/crosstours.at\/en\/transportmoeglichkeiten-bei-unseren-oneway-segway-touren\/\" class=\"more-link\">Continue reading<span class=\"screen-reader-text\"> &#8220;Transportm\u00f6glichkeiten nicht nur f\u00fcr unsere ONEWAY SEGWAY Touren&#8221;<\/span><\/a><\/p>\n","protected":false},"author":2,"featured_media":3396,"parent":0,"menu_order":0,"comment_status":"closed","ping_status":"closed","template":"","meta":{"_acf_changed":false,"footnotes":""},"class_list":["post-3391","page","type-page","status-publish","has-post-thumbnail","hentry"],"acf":[],"_links":{"self":[{"href":"https:\/\/crosstours.at\/en\/wp-json\/wp\/v2\/pages\/3391","targetHints":{"allow":["GET"]}}],"collection":[{"href":"https:\/\/crosstours.at\/en\/wp-json\/wp\/v2\/pages"}],"about":[{"href":"https:\/\/crosstours.at\/en\/wp-json\/wp\/v2\/types\/page"}],"author":[{"embeddable":true,"href":"https:\/\/crosstours.at\/en\/wp-json\/wp\/v2\/users\/2"}],"replies":[{"embeddable":true,"href":"https:\/\/crosstours.at\/en\/wp-json\/wp\/v2\/comments?post=3391"}],"version-history":[{"count":0,"href":"https:\/\/crosstours.at\/en\/wp-json\/wp\/v2\/pages\/3391\/revisions"}],"wp:featuredmedia":[{"embeddable":true,"href":"https:\/\/crosstours.at\/en\/wp-json\/wp\/v2\/media\/3396"}],"wp:attachment":[{"href":"https:\/\/crosstours.at\/en\/wp-json\/wp\/v2\/media?parent=3391"}],"curies":[{"name":"wp","href":"https:\/\/api.w.org\/{rel}","templated":true}]}}