{"id":1504,"date":"2017-08-24T22:04:40","date_gmt":"2017-08-24T20:04:40","guid":{"rendered":"https:\/\/www.crosstours.at\/?page_id=1504"},"modified":"2021-12-02T22:10:43","modified_gmt":"2021-12-02T21:10:43","slug":"widerrufsrecht","status":"publish","type":"page","link":"https:\/\/crosstours.at\/en\/widerrufsrecht\/","title":{"rendered":"Widerrufsrecht"},"content":{"rendered":"<h2>Belehrung &#8211; Informationen zur Aus\u00fcbung des Widerrufsrechts f\u00fcr Verbraucher<\/h2>\n<h3>R\u00fccktrittsrecht vom Vertrag bei Bestellungen im Fernabsatz (Webshop, E-Mail, Telefon, Fax)<\/h3>\n<h5>(gilt ausschlie\u00dflich f\u00fcr Verbraucher im Sinne des Konsumentenschutzgesetzes)<\/h5>\n<p>Sie haben das Recht, binnen vierzehn Tagen ohne Angabe von Gr\u00fcnden diesen Vertrag zu widerrufen.<\/p>\n<p>Die Widerrufsfrist betr\u00e4gt\u00a0<strong>vierzehn Tage<\/strong>\u00a0und beginnt<\/p>\n<ul>\n<li>mit dem Tag, an dem Sie oder ein von Ihnen benannter, nicht als Bef\u00f6rderer t\u00e4tiger Dritter den Besitz an der Ware erlangt;<\/li>\n<\/ul>\n<ul>\n<li>wenn Sie mehrere Waren im Rahmen einer einheitlichen Bestellung bestellt haben, die getrennt geliefert werden, mit dem Tag, an dem Sie oder ein von Ihnen benannter, nicht als Bef\u00f6rderer t\u00e4tiger Dritter den Besitz an der zuletzt gelieferten Ware erlangt;<\/li>\n<\/ul>\n<ul>\n<li>bei Lieferung einer Ware in mehreren Teilsendungen mit dem Tag, an dem Sie oder ein von Ihnen benannter, nicht als Bef\u00f6rderer t\u00e4tiger Dritter den Besitz an der letzten Teilsendung erlangt;<\/li>\n<\/ul>\n<ul>\n<li>bei Vertr\u00e4gen \u00fcber die regelm\u00e4\u00dfige Lieferung von Waren \u00fcber einen festgelegten Zeitraum hinweg mit dem Tag, an dem Sie oder ein von Ihnen benannter, nicht als Bef\u00f6rderer t\u00e4tiger Dritter den Besitz an der zuerst gelieferten Ware erlangt.<\/li>\n<\/ul>\n<p>Treffen mehrere der obig genannten Punkte zu, dann beginnt die Widerrufsfrist zu laufen, wenn Sie oder ein von Ihnen bestellter Dritter, der nicht Bef\u00f6rderer ist, die letzte Ware bzw Teilsendung in Besitz genommen hat.<\/p>\n<p>Um Ihr Widerrufsrecht auszu\u00fcben, m\u00fcssen Sie<\/p>\n<p>CROSSTOURS AT e.U.<br \/>\nBruckbachweg 1<br \/>\n4203 Altenberg bei Linz<\/p>\n<p>Telefon: +43 677 61 61 39 54,\u00a0 E-Mail: office (at) crosstours (at)<\/p>\n<p>mittels einer<strong>\u00a0eindeutigen schriftlichen Erkl\u00e4rung<\/strong>\u00a0(z. B. ein mit der Post versandter Brief oder E-Mail) \u00fcber Ihren Entschluss, diesen\u00a0<strong>Vertrag<\/strong>\u00a0zu\u00a0<strong>widerrufen<\/strong>, informieren.<\/p>\n<p>Sie k\u00f6nnen daf\u00fcr das von uns bereitgestellte\u00a0<a href=\"https:\/\/www.crosstours.at\/dokumente\/Widerrufsformular.rtf\">Widerrufsformular<\/a>\u00a0verwenden, das jedoch nicht vorgeschrieben ist. Zur Wahrung der Widerrufsfrist reicht es aus, dass Sie die Mitteilung \u00fcber die Aus\u00fcbung des Widerrufsrechts vor Ablauf der Widerrufsfrist absenden.<\/p>\n<p><a href=\"https:\/\/www.manz.at\/wir_ueber_uns\/agb\/Widerrufsbelehrung-Verbraucher.html#\">\u00a0<\/a><\/p>\n<h3>Informationspflicht durch CROSSTOURS AT<\/h3>\n<p>Sind wir unserer Informationspflicht nach \u00a74 Abs 1 Z8 FAGG nicht nachgekommen, so verl\u00e4ngert sich Ihr R\u00fccktrittsrecht um 12 (zw\u00f6lf) Monate. Kommen wir unserer Informationspflicht innerhalb dieser Frist nach, so endet die R\u00fccktrittsfrist 14 (vierzehn) Tage nach dem Zeitpunkt, zu dem Sie Belehrung \u00fcber das Widerrufsrecht von uns erhalten haben.<\/p>\n<h3>Folgen des Widerrufs<\/h3>\n<p>Sie haben\u00a0<strong>die erhaltenen Waren<\/strong>\u00a0unverz\u00fcglich und in jedem Fall sp\u00e4testens\u00a0<strong>binnen vierzehn Tagen<\/strong>\u00a0ab dem Tag, an dem Sie uns \u00fcber den Widerruf dieses Vertrags unterrichten, an<\/p>\n<p>CROSSTOURS AT e.U.<br \/>\nBruckbachweg 1<br \/>\n4203 Altenberg bei Linz<\/p>\n<p>Telefon: +43 677 61 61 39 54,\u00a0 E-Mail: office (at) crosstours (at)<\/p>\n<p>zur\u00fcckzusenden oder zu \u00fcbergeben. Die Frist ist gewahrt, wenn Sie die Waren vor Ablauf der Frist von vierzehn Tagen absenden.<\/p>\n<p>Wenn Sie diesen Vertrag widerrufen, haben wir Ihnen alle Zahlungen, die wir von Ihnen erhalten haben, einschlie\u00dflich der Lieferkosten (mit Ausnahme der zus\u00e4tzlichen Kosten, die sich daraus ergeben, dass Sie eine andere Art der Lieferung als die von uns angebotene, g\u00fcnstigste Standardlieferung gew\u00e4hlt haben), unverz\u00fcglich und sp\u00e4testens binnen vierzehn Tagen ab dem Tag zur\u00fcckzuzahlen, an dem die Mitteilung \u00fcber Ihren Widerruf dieses Vertrags bei uns eingegangen ist. F\u00fcr diese R\u00fcckzahlung verwenden wir dasselbe Zahlungsmittel, das Sie bei der urspr\u00fcnglichen Transaktion eingesetzt haben, es sei denn, mit Ihnen wurde ausdr\u00fccklich etwas anderes vereinbart; in keinem Fall werden Ihnen wegen dieser R\u00fcckzahlung Entgelte berechnet. Wir k\u00f6nnen die R\u00fcckzahlung verweigern, bis wir entweder die Ware wieder zur\u00fcckerhalten haben oder Sie uns einen Nachweis \u00fcber die R\u00fccksendung der Ware erbracht haben.<\/p>\n<p>&nbsp;<\/p>\n<h3>Kosten der R\u00fccksendung der Ware bei Widerruf<\/h3>\n<p>Als Kunde haben Sie die unmittelbaren Kosten der R\u00fccksendung der Ware zu tragen. F\u00fcr einen etwaigen Wertverlust der Waren m\u00fcssen Sie nur dann aufkommen, wenn dieser Wertverlust auf einen zur Pr\u00fcfung der Beschaffenheit, Eigenschaften und Funktionsweise der Waren nicht notwendigen Umgang zur\u00fcckzuf\u00fchren ist.<br \/>\nSie haften jedoch in keinem Fall f\u00fcr den Wertverlust der Ware, wenn Sie nicht von uns \u00fcber Ihr R\u00fccktrittsrecht belehrt wurden.<\/p>\n","protected":false},"excerpt":{"rendered":"<p>Belehrung &#8211; Informationen zur Aus\u00fcbung des Widerrufsrechts f\u00fcr Verbraucher R\u00fccktrittsrecht vom Vertrag bei Bestellungen im Fernabsatz (Webshop, E-Mail, Telefon, Fax) (gilt ausschlie\u00dflich f\u00fcr Verbraucher im Sinne des Konsumentenschutzgesetzes) Sie haben das Recht, binnen vierzehn Tagen ohne Angabe von Gr\u00fcnden diesen Vertrag zu widerrufen. Die Widerrufsfrist betr\u00e4gt\u00a0vierzehn Tage\u00a0und beginnt mit dem Tag, an dem Sie oder &hellip; <a href=\"https:\/\/crosstours.at\/en\/widerrufsrecht\/\" class=\"more-link\">Continue reading<span class=\"screen-reader-text\"> &#8220;Widerrufsrecht&#8221;<\/span><\/a><\/p>\n","protected":false},"author":2,"featured_media":0,"parent":0,"menu_order":0,"comment_status":"closed","ping_status":"closed","template":"","meta":{"_acf_changed":false,"footnotes":""},"class_list":["post-1504","page","type-page","status-publish","hentry"],"acf":[],"_links":{"self":[{"href":"https:\/\/crosstours.at\/en\/wp-json\/wp\/v2\/pages\/1504","targetHints":{"allow":["GET"]}}],"collection":[{"href":"https:\/\/crosstours.at\/en\/wp-json\/wp\/v2\/pages"}],"about":[{"href":"https:\/\/crosstours.at\/en\/wp-json\/wp\/v2\/types\/page"}],"author":[{"embeddable":true,"href":"https:\/\/crosstours.at\/en\/wp-json\/wp\/v2\/users\/2"}],"replies":[{"embeddable":true,"href":"https:\/\/crosstours.at\/en\/wp-json\/wp\/v2\/comments?post=1504"}],"version-history":[{"count":0,"href":"https:\/\/crosstours.at\/en\/wp-json\/wp\/v2\/pages\/1504\/revisions"}],"wp:attachment":[{"href":"https:\/\/crosstours.at\/en\/wp-json\/wp\/v2\/media?parent=1504"}],"curies":[{"name":"wp","href":"https:\/\/api.w.org\/{rel}","templated":true}]}}